{"id":487,"date":"2025-07-16T13:45:34","date_gmt":"2025-07-16T13:45:34","guid":{"rendered":"https:\/\/www.uveghaz.org\/%d7%94%d7%97%d7%99%d7%99%d7%9d-%d7%91%d7%91%d7%99%d7%aa-%d7%94%d7%96%d7%9b%d7%95%d7%9b%d7%99%d7%aa\/"},"modified":"2025-07-23T07:38:30","modified_gmt":"2025-07-23T07:38:30","slug":"life-in-the-glass-house","status":"publish","type":"page","link":"https:\/\/www.uveghaz.org\/en\/life-in-the-glass-house\/","title":{"rendered":"Life in the Glass House"},"content":{"rendered":"<p>The extended organization of the Glass House was controlled by a Zionist leadership. There is no photos remained but only memories to remember.<\/p>\n<p><strong>Food supply<br \/>\n<\/strong><br \/>\n\u201eIn the first days black coffee was available on a regular basis, which had probably been prepared in a place in the courtyard improvised earlier for kitchen purposes. In the same place the daily portion of some fried dough was also prepared. There was certain quantity of tins, pees, marmelade and some pickled fish offered by the Red Cross or by other organizations. Sometimes, people, especially the elderly or children, could get an apple or a piece of onion. Famine, per say, was evident just in the last weeks, from December 31 through mid-January, when Arrow Cross troops penetrated into the building.\u201d (Tibor (M\u00e9ir) Friedmann)<br \/>\n\u201eWe can\u2019t say that people were not hungry, but real famine was not evident. We received every day a very thin piece of bread with a big portion of liver paste on.\u201d (Eszter Alexander)<br \/>\n\u201eVili Klein, Bandi Gedeon and the little Geyer controlled the staff responsible for provisioning, while the old, resourceful Uncle Soml\u00f3 was mainly in charge and taking care of finding the food supply needed. A former food importer he was in charge of two large foodstuff stores out in the city. One was already set on fire by the Hungarian Nazis and was almost totally destroyed, but from the other one he could bring in various food items still for weeks to store in Vad\u00e1sz utca &#8230; In the courtyard of the building a huge kitchen was created, where meals for already 2000 people could be served by mid-November three times a day. Mrs. S\u00e1ndor Eppler, Mrs. Man\u00f3 Widder, Mrs. Farkas Rosenfeld, Mrs. Tibor Scheer were the chief cooks, but they worked with lots of assistance: girls and women helped them prepare and serve the meals and wash the dishes&#8230;<br \/>\nEarlier we collected some money to contribute to the weekly food supply, which we sought to use for purchasing food coupons. This system very well worked till mid-December when, however, the available food stocks in the city got also decreasing. Delivery of the goods was difficult, and the staff was facing big problems.\u201d (Mih\u00e1ly Salamon)<br \/>\n\u201eMy younger brother, Rabbi Dr. Arthur Geyer obtained foodstuff delivering it in there in bags. We didn\u2019t have any more bread, so finally, the kitchen staff went to the courtyard and was frying fresh dough all day. We received allocation and food also from the Jewish Council.\u201d (Albert Geyer)<\/p>\n<p><strong>Accommodation<\/strong><\/p>\n<p>\u201eThere were some long tables, improvised board benches on bricks, chairs turned upside down in haste, and youth everywhere. Girls and boys, from the age of sixteen, on benches, on the tables, even atop of cabinets, or on the cases with big glass panels therein being piled up.\u201d (Teri G\u00e1cs)<br \/>\n\u201eIf you were lucky enough and could get in through the doorway you got into a big four-sided courtyard, which was surrounded by the building. From the middle of the court you could get to the East wing of the building from its West side without any difficulties. However, the Northern and Southern sides of the doorway were blocked by huge glass panels leaned against big wooden frames, at least ten of them on both sides. The narrow lanes, which separated the glass panels from each other, served mostly as a meeting place for boys and girls. No air raid or the Arrow Cross could prevent it. I know at least two married couples, who met in the Vad\u00e1sz street.\u201d (Eszter Alexander)<br \/>\n\u201eWide stairs led to the \u201eorthodox\u201d cellar. It was a small, maybe square room with relatively wide crates scattered around on the floor. The \u201eorthodox\u201d cellar, unlike the rooms for the youth movements, were filled with elder people and families with more children. If a family was lucky enough, they could get a whole crate to use (appr. 1 foot high and 5 foot long\/wide), which was a real luxury. There were crates used by more families together.\u201d<br \/>\n\u201eAccross a passage in the courtyard at its Eastern side, behind the glass panels, in a hidden place, there was a shaft leading down to the Shomer or Dror Habonim cellar called in short the Shomer cellar. It was as long as the courtyard, but not four-sided. Therefore, the sleeping places were set up alongside the wall: three or four level bunk beds, made of wood, were erected up to the top of the wall. Even the cemented floor under the bunks was considered sleeping place. Everyone had as much place as the width of his back. Occasionally, we had to turn to our sides so that others would also have place. When even this was not enough, we decided that every night ten other people would spend the night sitting on chairs in the \u201ekitchen\u201d singing so that the others could sleep. The \u201ekitchen\u201d was a cemented place and here was the only water tap in the cellar. Even during the Siege there was some water dropping from it.\u201d<br \/>\n\u201eFinally, when we could not find any more place at all for everybody, we broke through the wall and \u201eoccupied\u201d the cellar of the neighboring house (Vad\u00e1sz utca 31, that time Headquarters of the Hungarian Football Association.\u201d<br \/>\n\u201eMembers of the B\u2019n\u00e9 Akiva movement found place for themselves in the garret above the Northern part of the building.\u201d<br \/>\n\u201cFor us the house had four levels including the cellars and garrets too, and not a one-story building as was seen from the street.\u201d<br \/>\n\u201cThere was no electricity. Sometimes, in the evening we received some sort of gas lamps and these \u201cLux\u201d lamps offered some light enough for the people, sitting at the edge of the bunks, to diligently clean their clothes from lice \u2013 well, as much, as they could. Occasionally, they had some time left for reading at the gaslight. It always was a big deal in the dark cellar usually lit only by candles.\u201d<\/p>\n<p><strong>Hygiene<\/strong><\/p>\n<p>\u201cThe laundry was on the \u201cHan-Hac\u201d garret: there was a big wash-tub in the middle with washing girls and boys around. We did not give up washing even during air raids. However, drying was a problem: it was impossible to get the washed clothes dry, since the shirts got frozen while being hung out. Unfortunately, these procedures did not help us get rid of the lice from the shirts\u2026 The boys let the girls wash themselves first under the dropping tap admitting that the girls would more need\u2026 There was only one toilet in the office, where people were always standing in long ques. Many of them had diarrhea. It didn\u2019t help either that the office, more or less, maintained its original shape so the people, who lived there had more spacious room and could continue to do some sort of administrative work. From the office staircase, across the entrance was the private apartment of the Weiss family, and nobody was permitted to enter. Finally, we solved the lavatory problem by digging a long pit in the court passage and put a long beam atop. Thus at least ten people, men and women, could stand on it at the same time. It was O.K. but the problem was that neither this makeshift nor the courtyard had a roof so nothing could prevent the machine guns from the cruising Russian planes. Therefore, it was a dangerous adventure to use this latrine, but we all certainly did it, because this was the only solution.\u201d (Eszter Alexander)<br \/>\n\u201cThe sick room was separated from the big front room by an opaque glass wall. Health services were, as much as possible, provided by the physicians, who lived in the house: Drs. \u00d6d\u00f6n Weinberger, Henrik Eppler, B\u00e9la Kornfeld, S\u00e1ndor B\u0151hm, G\u00e9za Ung\u00e1r and L\u00e1szl\u00f3 Nagy. They did their best though without the medical equipment needed. Fortunately enough, there were just a couple of serious medical problems now and then. When some more complicated intervention was needed to carry out, the patient was taken to the ghetto hospital.\u201d (Mih\u00e1ly Salamon)<br \/>\n\u201c(The house) looked like a busy Eastern village, where people in groups were discussing, making plans, disputing, studying or eating. And step by step they became a deformed version of themselves or of the idea Jewish existance: the cellar dwellers, due to the society\u2019s evil, became wild and aggressive pariahs, who sold the yesterday and tomorrow for the moment\u2019s ridiculous advantages.\u201d (S\u00e1ndor Scheiber)<br \/>\n\u201cDaytime the \u201cclerks\u201d were working in the conference room. I myself, for example, a 14 year old teenager, was the courier for Dr. K\u00e1roly Szendr\u0151. \u201c (G\u00e1bor Schwartz, A.J. Shafat)<br \/>\n\u201cYouth movements carried out regular educational programs as if nothing alarming was happening in the outside world.\u201d (Albert Geyer)<br \/>\n\u201cIn the Mizrachi garret and at other groups intensive Hebrew courses were arranged. Youth educators delivered lectures for the young people of various age, especially on Zionist themes. In the orthodox cellar the Talmud was intensively studied.\u201d (Tibor (M\u00e9ir) Friedmann)<br \/>\n\u201cThe technical section in the international ghetto took care of the management of 72 houses being under Swiss protection. The repairing groups of engineers, lock smiths and mechanics had to go out to a building on almost an hourly basis. People set off from the Glass House to the protected buildings in almost every minute. The three available Embassy vehicles were controlled by engineer Lakatos.\u201d (Mih\u00e1ly Salamon)<\/p>\n<p><strong>The Hanukah<\/strong><\/p>\n<p>There were a couple of nutshells piling up on a piece of wood in a chair in the corner, some oil and candle-wicks in them. I lit up the Hanukah candles one-by-one. I will never forget the festive feeling we had and even less the supper, which my wife prepared for me on this occasion. She produced some fried potato dough from a pot under the table, which she had fixed, I don\u2019t know how and especially of what. Since that time we had no more potato at all in Vad\u00e1sz for months. There was a bit of some grease on the dough, it was already very cold, one could not at all say them fresh. But yet, I may not have eaten since then such a delicious fried potato dough.\u201d (Mih\u00e1ly Salamon)<\/p>\n<p><a href=\"https:\/\/www.uveghaz.org\/en\/zionist-youth-movements-in-the-resistance\/\">next &gt;&gt;<\/a><\/p>\n","protected":false},"excerpt":{"rendered":"<p>The extended organization of the Glass House was controlled by a Zionist leadership. There is no photos remained but only memories to remember. Food supply \u201eIn the first days black coffee was available on a regular basis, which had probably been prepared in a place in the courtyard improvised earlier for kitchen purposes. In the [&hellip;]<\/p>\n","protected":false},"author":1,"featured_media":422,"parent":0,"menu_order":52,"comment_status":"closed","ping_status":"closed","template":"","meta":{"_acf_changed":false,"footnotes":""},"class_list":["post-487","page","type-page","status-publish","has-post-thumbnail","hentry"],"acf":[],"yoast_head":"<!-- This site is optimized with the Yoast SEO plugin v25.7 - https:\/\/yoast.com\/wordpress\/plugins\/seo\/ -->\n<title>Life in the Glass House - Glass House<\/title>\n<meta name=\"robots\" content=\"index, follow, max-snippet:-1, max-image-preview:large, max-video-preview:-1\" \/>\n<link rel=\"canonical\" href=\"https:\/\/www.uveghaz.org\/en\/life-in-the-glass-house\/\" \/>\n<meta property=\"og:locale\" content=\"en_US\" \/>\n<meta property=\"og:type\" content=\"article\" \/>\n<meta property=\"og:title\" content=\"Life in the Glass House - Glass House\" \/>\n<meta property=\"og:description\" content=\"The extended organization of the Glass House was controlled by a Zionist leadership. There is no photos remained but only memories to remember. Food supply \u201eIn the first days black coffee was available on a regular basis, which had probably been prepared in a place in the courtyard improvised earlier for kitchen purposes. In the [&hellip;]\" \/>\n<meta property=\"og:url\" content=\"https:\/\/www.uveghaz.org\/en\/life-in-the-glass-house\/\" \/>\n<meta property=\"og:site_name\" content=\"Glass House\" \/>\n<meta property=\"article:modified_time\" content=\"2025-07-23T07:38:30+00:00\" \/>\n<meta property=\"og:image\" content=\"https:\/\/www.uveghaz.org\/wp-content\/uploads\/2025\/07\/Uveghaz-Glass-House-.webp\" \/>\n\t<meta property=\"og:image:width\" content=\"1920\" \/>\n\t<meta property=\"og:image:height\" content=\"340\" \/>\n\t<meta property=\"og:image:type\" content=\"image\/webp\" \/>\n<meta name=\"twitter:card\" content=\"summary_large_image\" \/>\n<meta name=\"twitter:label1\" content=\"Est. reading time\" \/>\n\t<meta name=\"twitter:data1\" content=\"10 minutes\" \/>\n<script type=\"application\/ld+json\" class=\"yoast-schema-graph\">{\"@context\":\"https:\/\/schema.org\",\"@graph\":[{\"@type\":\"WebPage\",\"@id\":\"https:\/\/www.uveghaz.org\/en\/life-in-the-glass-house\/\",\"url\":\"https:\/\/www.uveghaz.org\/en\/life-in-the-glass-house\/\",\"name\":\"Life in the Glass House - Glass House\",\"isPartOf\":{\"@id\":\"https:\/\/www.uveghaz.org\/en\/#website\"},\"primaryImageOfPage\":{\"@id\":\"https:\/\/www.uveghaz.org\/en\/life-in-the-glass-house\/#primaryimage\"},\"image\":{\"@id\":\"https:\/\/www.uveghaz.org\/en\/life-in-the-glass-house\/#primaryimage\"},\"thumbnailUrl\":\"https:\/\/www.uveghaz.org\/wp-content\/uploads\/2025\/07\/Uveghaz-Glass-House-.webp\",\"datePublished\":\"2025-07-16T13:45:34+00:00\",\"dateModified\":\"2025-07-23T07:38:30+00:00\",\"breadcrumb\":{\"@id\":\"https:\/\/www.uveghaz.org\/en\/life-in-the-glass-house\/#breadcrumb\"},\"inLanguage\":\"en-US\",\"potentialAction\":[{\"@type\":\"ReadAction\",\"target\":[\"https:\/\/www.uveghaz.org\/en\/life-in-the-glass-house\/\"]}]},{\"@type\":\"ImageObject\",\"inLanguage\":\"en-US\",\"@id\":\"https:\/\/www.uveghaz.org\/en\/life-in-the-glass-house\/#primaryimage\",\"url\":\"https:\/\/www.uveghaz.org\/wp-content\/uploads\/2025\/07\/Uveghaz-Glass-House-.webp\",\"contentUrl\":\"https:\/\/www.uveghaz.org\/wp-content\/uploads\/2025\/07\/Uveghaz-Glass-House-.webp\",\"width\":1920,\"height\":340},{\"@type\":\"BreadcrumbList\",\"@id\":\"https:\/\/www.uveghaz.org\/en\/life-in-the-glass-house\/#breadcrumb\",\"itemListElement\":[{\"@type\":\"ListItem\",\"position\":1,\"name\":\"Home\",\"item\":\"https:\/\/www.uveghaz.org\/en\/\"},{\"@type\":\"ListItem\",\"position\":2,\"name\":\"Life in the Glass House\"}]},{\"@type\":\"WebSite\",\"@id\":\"https:\/\/www.uveghaz.org\/en\/#website\",\"url\":\"https:\/\/www.uveghaz.org\/en\/\",\"name\":\"Glass House\",\"description\":\"\",\"publisher\":{\"@id\":\"https:\/\/www.uveghaz.org\/en\/#organization\"},\"potentialAction\":[{\"@type\":\"SearchAction\",\"target\":{\"@type\":\"EntryPoint\",\"urlTemplate\":\"https:\/\/www.uveghaz.org\/en\/?s={search_term_string}\"},\"query-input\":{\"@type\":\"PropertyValueSpecification\",\"valueRequired\":true,\"valueName\":\"search_term_string\"}}],\"inLanguage\":\"en-US\"},{\"@type\":\"Organization\",\"@id\":\"https:\/\/www.uveghaz.org\/en\/#organization\",\"name\":\"Glass House\",\"url\":\"https:\/\/www.uveghaz.org\/en\/\",\"logo\":{\"@type\":\"ImageObject\",\"inLanguage\":\"en-US\",\"@id\":\"https:\/\/www.uveghaz.org\/en\/#\/schema\/logo\/image\/\",\"url\":\"https:\/\/www.uveghaz.org\/wp-content\/uploads\/2025\/07\/logo_glass.png\",\"contentUrl\":\"https:\/\/www.uveghaz.org\/wp-content\/uploads\/2025\/07\/logo_glass.png\",\"width\":217,\"height\":79,\"caption\":\"Glass House\"},\"image\":{\"@id\":\"https:\/\/www.uveghaz.org\/en\/#\/schema\/logo\/image\/\"}}]}<\/script>\n<!-- \/ Yoast SEO plugin. -->","yoast_head_json":{"title":"Life in the Glass House - Glass House","robots":{"index":"index","follow":"follow","max-snippet":"max-snippet:-1","max-image-preview":"max-image-preview:large","max-video-preview":"max-video-preview:-1"},"canonical":"https:\/\/www.uveghaz.org\/en\/life-in-the-glass-house\/","og_locale":"en_US","og_type":"article","og_title":"Life in the Glass House - Glass House","og_description":"The extended organization of the Glass House was controlled by a Zionist leadership. There is no photos remained but only memories to remember. Food supply \u201eIn the first days black coffee was available on a regular basis, which had probably been prepared in a place in the courtyard improvised earlier for kitchen purposes. In the [&hellip;]","og_url":"https:\/\/www.uveghaz.org\/en\/life-in-the-glass-house\/","og_site_name":"Glass House","article_modified_time":"2025-07-23T07:38:30+00:00","og_image":[{"width":1920,"height":340,"url":"https:\/\/www.uveghaz.org\/wp-content\/uploads\/2025\/07\/Uveghaz-Glass-House-.webp","type":"image\/webp"}],"twitter_card":"summary_large_image","twitter_misc":{"Est. reading time":"10 minutes"},"schema":{"@context":"https:\/\/schema.org","@graph":[{"@type":"WebPage","@id":"https:\/\/www.uveghaz.org\/en\/life-in-the-glass-house\/","url":"https:\/\/www.uveghaz.org\/en\/life-in-the-glass-house\/","name":"Life in the Glass House - Glass House","isPartOf":{"@id":"https:\/\/www.uveghaz.org\/en\/#website"},"primaryImageOfPage":{"@id":"https:\/\/www.uveghaz.org\/en\/life-in-the-glass-house\/#primaryimage"},"image":{"@id":"https:\/\/www.uveghaz.org\/en\/life-in-the-glass-house\/#primaryimage"},"thumbnailUrl":"https:\/\/www.uveghaz.org\/wp-content\/uploads\/2025\/07\/Uveghaz-Glass-House-.webp","datePublished":"2025-07-16T13:45:34+00:00","dateModified":"2025-07-23T07:38:30+00:00","breadcrumb":{"@id":"https:\/\/www.uveghaz.org\/en\/life-in-the-glass-house\/#breadcrumb"},"inLanguage":"en-US","potentialAction":[{"@type":"ReadAction","target":["https:\/\/www.uveghaz.org\/en\/life-in-the-glass-house\/"]}]},{"@type":"ImageObject","inLanguage":"en-US","@id":"https:\/\/www.uveghaz.org\/en\/life-in-the-glass-house\/#primaryimage","url":"https:\/\/www.uveghaz.org\/wp-content\/uploads\/2025\/07\/Uveghaz-Glass-House-.webp","contentUrl":"https:\/\/www.uveghaz.org\/wp-content\/uploads\/2025\/07\/Uveghaz-Glass-House-.webp","width":1920,"height":340},{"@type":"BreadcrumbList","@id":"https:\/\/www.uveghaz.org\/en\/life-in-the-glass-house\/#breadcrumb","itemListElement":[{"@type":"ListItem","position":1,"name":"Home","item":"https:\/\/www.uveghaz.org\/en\/"},{"@type":"ListItem","position":2,"name":"Life in the Glass House"}]},{"@type":"WebSite","@id":"https:\/\/www.uveghaz.org\/en\/#website","url":"https:\/\/www.uveghaz.org\/en\/","name":"Glass House","description":"","publisher":{"@id":"https:\/\/www.uveghaz.org\/en\/#organization"},"potentialAction":[{"@type":"SearchAction","target":{"@type":"EntryPoint","urlTemplate":"https:\/\/www.uveghaz.org\/en\/?s={search_term_string}"},"query-input":{"@type":"PropertyValueSpecification","valueRequired":true,"valueName":"search_term_string"}}],"inLanguage":"en-US"},{"@type":"Organization","@id":"https:\/\/www.uveghaz.org\/en\/#organization","name":"Glass House","url":"https:\/\/www.uveghaz.org\/en\/","logo":{"@type":"ImageObject","inLanguage":"en-US","@id":"https:\/\/www.uveghaz.org\/en\/#\/schema\/logo\/image\/","url":"https:\/\/www.uveghaz.org\/wp-content\/uploads\/2025\/07\/logo_glass.png","contentUrl":"https:\/\/www.uveghaz.org\/wp-content\/uploads\/2025\/07\/logo_glass.png","width":217,"height":79,"caption":"Glass House"},"image":{"@id":"https:\/\/www.uveghaz.org\/en\/#\/schema\/logo\/image\/"}}]}},"_links":{"self":[{"href":"https:\/\/www.uveghaz.org\/en\/wp-json\/wp\/v2\/pages\/487","targetHints":{"allow":["GET"]}}],"collection":[{"href":"https:\/\/www.uveghaz.org\/en\/wp-json\/wp\/v2\/pages"}],"about":[{"href":"https:\/\/www.uveghaz.org\/en\/wp-json\/wp\/v2\/types\/page"}],"author":[{"embeddable":true,"href":"https:\/\/www.uveghaz.org\/en\/wp-json\/wp\/v2\/users\/1"}],"replies":[{"embeddable":true,"href":"https:\/\/www.uveghaz.org\/en\/wp-json\/wp\/v2\/comments?post=487"}],"version-history":[{"count":3,"href":"https:\/\/www.uveghaz.org\/en\/wp-json\/wp\/v2\/pages\/487\/revisions"}],"predecessor-version":[{"id":576,"href":"https:\/\/www.uveghaz.org\/en\/wp-json\/wp\/v2\/pages\/487\/revisions\/576"}],"wp:featuredmedia":[{"embeddable":true,"href":"https:\/\/www.uveghaz.org\/en\/wp-json\/wp\/v2\/media\/422"}],"wp:attachment":[{"href":"https:\/\/www.uveghaz.org\/en\/wp-json\/wp\/v2\/media?parent=487"}],"curies":[{"name":"wp","href":"https:\/\/api.w.org\/{rel}","templated":true}]}}