{"id":501,"date":"2025-07-15T11:38:24","date_gmt":"2025-07-15T11:38:24","guid":{"rendered":"https:\/\/www.uveghaz.org\/%d7%a4%d7%a8%d7%a1%d7%95%d7%9e%d7%99%d7%9d\/"},"modified":"2025-07-23T07:23:06","modified_gmt":"2025-07-23T07:23:06","slug":"publications","status":"publish","type":"page","link":"https:\/\/www.uveghaz.org\/en\/publications\/","title":{"rendered":"Publications"},"content":{"rendered":"<p dir=\"ltr\">1. The exhibit\u2019s catalogue with the list of people saved. In Hungarian, English, German, French and Hebrew languages. 64 pages.<\/p>\n<p dir=\"ltr\">2. \u00dcvegsziget (The Glass Island). A historic anthology. Edited by Gy\u00f6rgy V\u00e1mos. Makkabi Publisher, Budapest, 2008. 450 pages.<\/p>\n<p dir=\"ltr\">3. Theo Tschuy: Dangerous Diplomacy: The Story of Carl Lutz, Rescuer of 62,000 Hungarian Jews. (Eerdmans Publisher, 2000. 265 pages.) In German, Hungarian, French, Italian and Slovenian languages.<\/p>\n<p dir=\"ltr\">4. Alexander Grossman: Nur das Gewissen. Carl Lutz und seine Budapester Aktion. (Wald (ZH): Im Waldgut, 1986.)<br \/>\nS\u00e1ndor Grossman: Conscience First (Budapest, CET, 2003), 52 pages<\/p>\n<p dir=\"ltr\">The listed publications can be ordered at the Foundation. If requested, copies would be obtained and mailed at your address. We need to request though the retail price and postal expenses to cover. The Foundation would highly appreciate any donations beyond.<\/p>\n","protected":false},"excerpt":{"rendered":"<p>1. The exhibit\u2019s catalogue with the list of people saved. In Hungarian, English, German, French and Hebrew languages. 64 pages. 2. \u00dcvegsziget (The Glass Island). A historic anthology. Edited by Gy\u00f6rgy V\u00e1mos. Makkabi Publisher, Budapest, 2008. 450 pages. 3. Theo Tschuy: Dangerous Diplomacy: The Story of Carl Lutz, Rescuer of 62,000 Hungarian Jews. (Eerdmans Publisher, [&hellip;]<\/p>\n","protected":false},"author":1,"featured_media":410,"parent":0,"menu_order":70,"comment_status":"closed","ping_status":"closed","template":"","meta":{"_acf_changed":false,"footnotes":""},"class_list":["post-501","page","type-page","status-publish","has-post-thumbnail","hentry"],"acf":[],"yoast_head":"<!-- This site is optimized with the Yoast SEO plugin v25.7 - https:\/\/yoast.com\/wordpress\/plugins\/seo\/ -->\n<title>Publications - Glass House<\/title>\n<meta name=\"robots\" content=\"index, follow, max-snippet:-1, max-image-preview:large, max-video-preview:-1\" \/>\n<link rel=\"canonical\" href=\"https:\/\/www.uveghaz.org\/en\/publications\/\" \/>\n<meta property=\"og:locale\" content=\"en_US\" \/>\n<meta property=\"og:type\" content=\"article\" \/>\n<meta property=\"og:title\" content=\"Publications - Glass House\" \/>\n<meta property=\"og:description\" content=\"1. The exhibit\u2019s catalogue with the list of people saved. In Hungarian, English, German, French and Hebrew languages. 64 pages. 2. \u00dcvegsziget (The Glass Island). A historic anthology. Edited by Gy\u00f6rgy V\u00e1mos. Makkabi Publisher, Budapest, 2008. 450 pages. 3. Theo Tschuy: Dangerous Diplomacy: The Story of Carl Lutz, Rescuer of 62,000 Hungarian Jews. (Eerdmans Publisher, [&hellip;]\" \/>\n<meta property=\"og:url\" content=\"https:\/\/www.uveghaz.org\/en\/publications\/\" \/>\n<meta property=\"og:site_name\" content=\"Glass House\" \/>\n<meta property=\"article:modified_time\" content=\"2025-07-23T07:23:06+00:00\" \/>\n<meta property=\"og:image\" content=\"https:\/\/www.uveghaz.org\/wp-content\/uploads\/2025\/07\/Uveghaz-About.webp\" \/>\n\t<meta property=\"og:image:width\" content=\"1920\" \/>\n\t<meta property=\"og:image:height\" content=\"341\" \/>\n\t<meta property=\"og:image:type\" content=\"image\/webp\" \/>\n<meta name=\"twitter:card\" content=\"summary_large_image\" \/>\n<meta name=\"twitter:label1\" content=\"Est. reading time\" \/>\n\t<meta name=\"twitter:data1\" content=\"1 minute\" \/>\n<script type=\"application\/ld+json\" class=\"yoast-schema-graph\">{\"@context\":\"https:\/\/schema.org\",\"@graph\":[{\"@type\":\"WebPage\",\"@id\":\"https:\/\/www.uveghaz.org\/en\/publications\/\",\"url\":\"https:\/\/www.uveghaz.org\/en\/publications\/\",\"name\":\"Publications - Glass House\",\"isPartOf\":{\"@id\":\"https:\/\/www.uveghaz.org\/en\/#website\"},\"primaryImageOfPage\":{\"@id\":\"https:\/\/www.uveghaz.org\/en\/publications\/#primaryimage\"},\"image\":{\"@id\":\"https:\/\/www.uveghaz.org\/en\/publications\/#primaryimage\"},\"thumbnailUrl\":\"https:\/\/www.uveghaz.org\/wp-content\/uploads\/2025\/07\/Uveghaz-About.webp\",\"datePublished\":\"2025-07-15T11:38:24+00:00\",\"dateModified\":\"2025-07-23T07:23:06+00:00\",\"breadcrumb\":{\"@id\":\"https:\/\/www.uveghaz.org\/en\/publications\/#breadcrumb\"},\"inLanguage\":\"en-US\",\"potentialAction\":[{\"@type\":\"ReadAction\",\"target\":[\"https:\/\/www.uveghaz.org\/en\/publications\/\"]}]},{\"@type\":\"ImageObject\",\"inLanguage\":\"en-US\",\"@id\":\"https:\/\/www.uveghaz.org\/en\/publications\/#primaryimage\",\"url\":\"https:\/\/www.uveghaz.org\/wp-content\/uploads\/2025\/07\/Uveghaz-About.webp\",\"contentUrl\":\"https:\/\/www.uveghaz.org\/wp-content\/uploads\/2025\/07\/Uveghaz-About.webp\",\"width\":1920,\"height\":341},{\"@type\":\"BreadcrumbList\",\"@id\":\"https:\/\/www.uveghaz.org\/en\/publications\/#breadcrumb\",\"itemListElement\":[{\"@type\":\"ListItem\",\"position\":1,\"name\":\"Home\",\"item\":\"https:\/\/www.uveghaz.org\/en\/\"},{\"@type\":\"ListItem\",\"position\":2,\"name\":\"Publications\"}]},{\"@type\":\"WebSite\",\"@id\":\"https:\/\/www.uveghaz.org\/en\/#website\",\"url\":\"https:\/\/www.uveghaz.org\/en\/\",\"name\":\"Glass House\",\"description\":\"\",\"publisher\":{\"@id\":\"https:\/\/www.uveghaz.org\/en\/#organization\"},\"potentialAction\":[{\"@type\":\"SearchAction\",\"target\":{\"@type\":\"EntryPoint\",\"urlTemplate\":\"https:\/\/www.uveghaz.org\/en\/?s={search_term_string}\"},\"query-input\":{\"@type\":\"PropertyValueSpecification\",\"valueRequired\":true,\"valueName\":\"search_term_string\"}}],\"inLanguage\":\"en-US\"},{\"@type\":\"Organization\",\"@id\":\"https:\/\/www.uveghaz.org\/en\/#organization\",\"name\":\"Glass House\",\"url\":\"https:\/\/www.uveghaz.org\/en\/\",\"logo\":{\"@type\":\"ImageObject\",\"inLanguage\":\"en-US\",\"@id\":\"https:\/\/www.uveghaz.org\/en\/#\/schema\/logo\/image\/\",\"url\":\"https:\/\/www.uveghaz.org\/wp-content\/uploads\/2025\/07\/logo_glass.png\",\"contentUrl\":\"https:\/\/www.uveghaz.org\/wp-content\/uploads\/2025\/07\/logo_glass.png\",\"width\":217,\"height\":79,\"caption\":\"Glass House\"},\"image\":{\"@id\":\"https:\/\/www.uveghaz.org\/en\/#\/schema\/logo\/image\/\"}}]}<\/script>\n<!-- \/ Yoast SEO plugin. -->","yoast_head_json":{"title":"Publications - Glass House","robots":{"index":"index","follow":"follow","max-snippet":"max-snippet:-1","max-image-preview":"max-image-preview:large","max-video-preview":"max-video-preview:-1"},"canonical":"https:\/\/www.uveghaz.org\/en\/publications\/","og_locale":"en_US","og_type":"article","og_title":"Publications - Glass House","og_description":"1. The exhibit\u2019s catalogue with the list of people saved. In Hungarian, English, German, French and Hebrew languages. 64 pages. 2. \u00dcvegsziget (The Glass Island). A historic anthology. Edited by Gy\u00f6rgy V\u00e1mos. Makkabi Publisher, Budapest, 2008. 450 pages. 3. Theo Tschuy: Dangerous Diplomacy: The Story of Carl Lutz, Rescuer of 62,000 Hungarian Jews. (Eerdmans Publisher, [&hellip;]","og_url":"https:\/\/www.uveghaz.org\/en\/publications\/","og_site_name":"Glass House","article_modified_time":"2025-07-23T07:23:06+00:00","og_image":[{"width":1920,"height":341,"url":"https:\/\/www.uveghaz.org\/wp-content\/uploads\/2025\/07\/Uveghaz-About.webp","type":"image\/webp"}],"twitter_card":"summary_large_image","twitter_misc":{"Est. reading time":"1 minute"},"schema":{"@context":"https:\/\/schema.org","@graph":[{"@type":"WebPage","@id":"https:\/\/www.uveghaz.org\/en\/publications\/","url":"https:\/\/www.uveghaz.org\/en\/publications\/","name":"Publications - Glass House","isPartOf":{"@id":"https:\/\/www.uveghaz.org\/en\/#website"},"primaryImageOfPage":{"@id":"https:\/\/www.uveghaz.org\/en\/publications\/#primaryimage"},"image":{"@id":"https:\/\/www.uveghaz.org\/en\/publications\/#primaryimage"},"thumbnailUrl":"https:\/\/www.uveghaz.org\/wp-content\/uploads\/2025\/07\/Uveghaz-About.webp","datePublished":"2025-07-15T11:38:24+00:00","dateModified":"2025-07-23T07:23:06+00:00","breadcrumb":{"@id":"https:\/\/www.uveghaz.org\/en\/publications\/#breadcrumb"},"inLanguage":"en-US","potentialAction":[{"@type":"ReadAction","target":["https:\/\/www.uveghaz.org\/en\/publications\/"]}]},{"@type":"ImageObject","inLanguage":"en-US","@id":"https:\/\/www.uveghaz.org\/en\/publications\/#primaryimage","url":"https:\/\/www.uveghaz.org\/wp-content\/uploads\/2025\/07\/Uveghaz-About.webp","contentUrl":"https:\/\/www.uveghaz.org\/wp-content\/uploads\/2025\/07\/Uveghaz-About.webp","width":1920,"height":341},{"@type":"BreadcrumbList","@id":"https:\/\/www.uveghaz.org\/en\/publications\/#breadcrumb","itemListElement":[{"@type":"ListItem","position":1,"name":"Home","item":"https:\/\/www.uveghaz.org\/en\/"},{"@type":"ListItem","position":2,"name":"Publications"}]},{"@type":"WebSite","@id":"https:\/\/www.uveghaz.org\/en\/#website","url":"https:\/\/www.uveghaz.org\/en\/","name":"Glass House","description":"","publisher":{"@id":"https:\/\/www.uveghaz.org\/en\/#organization"},"potentialAction":[{"@type":"SearchAction","target":{"@type":"EntryPoint","urlTemplate":"https:\/\/www.uveghaz.org\/en\/?s={search_term_string}"},"query-input":{"@type":"PropertyValueSpecification","valueRequired":true,"valueName":"search_term_string"}}],"inLanguage":"en-US"},{"@type":"Organization","@id":"https:\/\/www.uveghaz.org\/en\/#organization","name":"Glass House","url":"https:\/\/www.uveghaz.org\/en\/","logo":{"@type":"ImageObject","inLanguage":"en-US","@id":"https:\/\/www.uveghaz.org\/en\/#\/schema\/logo\/image\/","url":"https:\/\/www.uveghaz.org\/wp-content\/uploads\/2025\/07\/logo_glass.png","contentUrl":"https:\/\/www.uveghaz.org\/wp-content\/uploads\/2025\/07\/logo_glass.png","width":217,"height":79,"caption":"Glass House"},"image":{"@id":"https:\/\/www.uveghaz.org\/en\/#\/schema\/logo\/image\/"}}]}},"_links":{"self":[{"href":"https:\/\/www.uveghaz.org\/en\/wp-json\/wp\/v2\/pages\/501","targetHints":{"allow":["GET"]}}],"collection":[{"href":"https:\/\/www.uveghaz.org\/en\/wp-json\/wp\/v2\/pages"}],"about":[{"href":"https:\/\/www.uveghaz.org\/en\/wp-json\/wp\/v2\/types\/page"}],"author":[{"embeddable":true,"href":"https:\/\/www.uveghaz.org\/en\/wp-json\/wp\/v2\/users\/1"}],"replies":[{"embeddable":true,"href":"https:\/\/www.uveghaz.org\/en\/wp-json\/wp\/v2\/comments?post=501"}],"version-history":[{"count":2,"href":"https:\/\/www.uveghaz.org\/en\/wp-json\/wp\/v2\/pages\/501\/revisions"}],"predecessor-version":[{"id":570,"href":"https:\/\/www.uveghaz.org\/en\/wp-json\/wp\/v2\/pages\/501\/revisions\/570"}],"wp:featuredmedia":[{"embeddable":true,"href":"https:\/\/www.uveghaz.org\/en\/wp-json\/wp\/v2\/media\/410"}],"wp:attachment":[{"href":"https:\/\/www.uveghaz.org\/en\/wp-json\/wp\/v2\/media?parent=501"}],"curies":[{"name":"wp","href":"https:\/\/api.w.org\/{rel}","templated":true}]}}