{"id":505,"date":"2025-07-15T11:31:55","date_gmt":"2025-07-15T11:31:55","guid":{"rendered":"https:\/\/www.uveghaz.org\/%d7%91%d7%99%d7%aa-%d7%94%d7%96%d7%9b%d7%95%d7%9b%d7%99%d7%aa\/"},"modified":"2025-07-23T07:39:29","modified_gmt":"2025-07-23T07:39:29","slug":"glass-house","status":"publish","type":"page","link":"https:\/\/www.uveghaz.org\/en\/glass-house\/","title":{"rendered":"Leading officials of the Glass House in 1944"},"content":{"rendered":"<p dir=\"ltr\" style=\"text-align: left;\">Having completed his professional studies in the glass industry Arthur Weiss (1897-1945) graduated at the Commercial Academy. He served at the horse- artillery during WW1 and was discharged with several decorations. By the 30s he took over the firm\u2019s leadership. His two brothers: Vilmos and Viktor were also working for the family company. His three other brothers settled in Palestine. The firm of wide scale international connections was forced to give up business activities in the summer of 1944 due to the Jewish persecution in Hungary. He was never found after January 1, 1945.<\/p>\n<p dir=\"ltr\" style=\"text-align: left;\"><strong>Mikl\u00f3s (Mose), Krausz\u00a0<\/strong>(1908-1985), official. He studied in a Yeshiva (Jewish religious school of theology) in Miskolc. He obtained his general education with self studies. He became Secretary of the religious Zionist organization (Mizrahi) in 1932. From 1934-1938 he was Secretary, while from 1938-1946 the managing leader of the Palestine Office (PALMUT or PalAmt.) After the Liberation he emigrated to Israel and was Director of the \u201cSwedish Village\u201d and leading official of the Social Ministry.<\/p>\n<p dir=\"ltr\" style=\"text-align: left;\"><strong>Mih\u00e1ly Salamon\u00a0<\/strong>(September 6, 1897-?) His father Mose, Chief Rabbi of Zilah, was deported to Bergen Belsen and passed away in Israel, 1955. His mother, Sarah Engel died in Budapest, 1920. He studied in Budapest at a Jewish teacher\u2019s training school, graduated at a secondary school, and completed his studies in humanities at a university in 1922. He was teaching for one year and a half then became textile merchant. He got married to Margit-Mirjam Kn\u00f6pfler in 1923. His son is Ott\u00f3-Aser.<br \/>\nHe was one of the leaders of the religious Zionists, member of the Supervisory Committee of the Palestine Office from the 30s. This position led him in 1944 to the Glass House staff as one of its administrative leaders. After the Liberation (March, 1946-April, 1948) he was President of the Zionist Association in Hungary, Vice-President of the Orthodox Jewish Community in Pest, and one of the Joint\u2019s leaders in Hungary. Later in 1949 he emigrated to Israel, worked at the editorial office of \u00daj Kelet (New East ), while from 1951-1953 he was publisher and Editor-in-Chief of N\u00e9p\u00fcnk (Our People). His articles were published in \u00daj Kelet by early 1980.<\/p>\n<p dir=\"ltr\" style=\"text-align: left;\"><strong>S\u00e1ndor Grossmann, Ben Erec\u00a0<\/strong>(1909-2003), journalist, publisher. He was raised in a merchant family in Miskolc, studied in a Yeshiva, and was still young, when he became a leader in the Zionist movement. His family was deported in 1944, he escaped, but was caught and sent to an internment camp in Kistarcsa. He was released in late September. From early October he was member of the Glass House leadership, from mid-November he controlled the common life in the Wekerle street building. After the Liberation, as one of the Joint\u2019s leading officials he sought to find working opportunities for the Jews without secured living. He left Hungary in 1949. Having spent three months in Vienna he was living in Israel in a kibutz for two years, then published books in Paris and Geneva, edited the paper \u201cFuture\u201d.<\/p>\n<p dir=\"ltr\" style=\"text-align: left;\"><strong>S\u00e1ndor Hunwald, Szimcha<\/strong>\u00a0(1914-1945) was born in Kolozsv\u00e1r and got to Budapest during the WW1. In 1931 he joined the Zionist movement, which caused him dismissal from the Jewish secondary school. Following the deportation in 1942 of the Jews in Slovakia, he organized the refugees\u2019 reception. The Zionist youth in Hungary offered the refugees their own documents. However, when the foreigners were caught, the police found them. S\u00e1ndor Hunwald first was interned to a camp in Garany, then was sent to a company of refractory soldiers in the Ukraine. When the front there collapsed in the fall of 1944, he took the opportunity and escaped. However, he was caught at the Hungarian border and sent back to the front. Following a repeated escape he arrived in Budapest in October and took part in the salvage activities in the Glass House. As an official of the Swiss Embassy, under the name of \u201cHans K\u00fchne\u201d, he distributed the forged protection letters by car to the persecuted.<\/p>\n<p dir=\"ltr\" style=\"text-align: left;\">In early 1945 he was arrested in Vad\u00e1sz street. He was very possibly killed in the cellar of the Ministry of Interior. His heroism was post humus appreciated in 1947 by the Order of Merit of the Hungarian Republic. The first home of the reorganized Hashomer Hacair youth movement was named after S\u00e1ndor Hunwald in 1945.<\/p>\n<p dir=\"ltr\" style=\"text-align: left;\"><strong>Albert Geyer\u00a0<\/strong>(1895-1962). Lawyer, his professional area was International law and insurance. Delegated by the Zionists in 1944 he was member of the Jewish Community in Pest, President of the Hungarian Zionist Association 1945-1946, member of the Joint\u2019s Presidium from the Liberation till 1948, Chairman of the Hungarian Chapter of the World Congress of Jews till 1950, then he emigrated.<\/p>\n<p dir=\"ltr\" style=\"text-align: left;\"><strong>F\u00e1bi\u00e1n Herskovits\u00a0<\/strong>(1907-1982), teacher and rabbi. He obtained his doctoral degree at the Department of Humanities and at the Rabbinate in Budapest. In the 30s he was teaching at the universities in Rome and Tel-Aviv and worked as a rabbi in Budapest from 1941. He was decorated in 1947 (Order of Merit of the Hungarian Republic.) He left Hungary in 1949. He was Head of the Cultural Section in the Municipality of Tel-Aviv. From 1981 he was President of the World Association of Hungarian Jews.<\/p>\n<p dir=\"ltr\" style=\"text-align: left;\"><a href=\"https:\/\/www.uveghaz.org\/en\/life-in-the-glass-house\/\">next &gt;&gt;<\/a><\/p>\n","protected":false},"excerpt":{"rendered":"<p>Having completed his professional studies in the glass industry Arthur Weiss (1897-1945) graduated at the Commercial Academy. He served at the horse- artillery during WW1 and was discharged with several decorations. By the 30s he took over the firm\u2019s leadership. His two brothers: Vilmos and Viktor were also working for the family company. His three [&hellip;]<\/p>\n","protected":false},"author":1,"featured_media":422,"parent":0,"menu_order":50,"comment_status":"closed","ping_status":"closed","template":"","meta":{"_acf_changed":false,"footnotes":""},"class_list":["post-505","page","type-page","status-publish","has-post-thumbnail","hentry"],"acf":[],"yoast_head":"<!-- This site is optimized with the Yoast SEO plugin v25.7 - https:\/\/yoast.com\/wordpress\/plugins\/seo\/ -->\n<title>Leading officials of the Glass House in 1944 - Glass House<\/title>\n<meta name=\"robots\" content=\"index, follow, max-snippet:-1, max-image-preview:large, max-video-preview:-1\" \/>\n<link rel=\"canonical\" href=\"https:\/\/www.uveghaz.org\/en\/glass-house\/\" \/>\n<meta property=\"og:locale\" content=\"en_US\" \/>\n<meta property=\"og:type\" content=\"article\" \/>\n<meta property=\"og:title\" content=\"Leading officials of the Glass House in 1944 - Glass House\" \/>\n<meta property=\"og:description\" content=\"Having completed his professional studies in the glass industry Arthur Weiss (1897-1945) graduated at the Commercial Academy. He served at the horse- artillery during WW1 and was discharged with several decorations. By the 30s he took over the firm\u2019s leadership. His two brothers: Vilmos and Viktor were also working for the family company. His three [&hellip;]\" \/>\n<meta property=\"og:url\" content=\"https:\/\/www.uveghaz.org\/en\/glass-house\/\" \/>\n<meta property=\"og:site_name\" content=\"Glass House\" \/>\n<meta property=\"article:modified_time\" content=\"2025-07-23T07:39:29+00:00\" \/>\n<meta property=\"og:image\" content=\"https:\/\/www.uveghaz.org\/wp-content\/uploads\/2025\/07\/Uveghaz-Glass-House-.webp\" \/>\n\t<meta property=\"og:image:width\" content=\"1920\" \/>\n\t<meta property=\"og:image:height\" content=\"340\" \/>\n\t<meta property=\"og:image:type\" content=\"image\/webp\" \/>\n<meta name=\"twitter:card\" content=\"summary_large_image\" \/>\n<meta name=\"twitter:label1\" content=\"Est. reading time\" \/>\n\t<meta name=\"twitter:data1\" content=\"5 minutes\" \/>\n<script type=\"application\/ld+json\" class=\"yoast-schema-graph\">{\"@context\":\"https:\/\/schema.org\",\"@graph\":[{\"@type\":\"WebPage\",\"@id\":\"https:\/\/www.uveghaz.org\/en\/glass-house\/\",\"url\":\"https:\/\/www.uveghaz.org\/en\/glass-house\/\",\"name\":\"Leading officials of the Glass House in 1944 - Glass House\",\"isPartOf\":{\"@id\":\"https:\/\/www.uveghaz.org\/en\/#website\"},\"primaryImageOfPage\":{\"@id\":\"https:\/\/www.uveghaz.org\/en\/glass-house\/#primaryimage\"},\"image\":{\"@id\":\"https:\/\/www.uveghaz.org\/en\/glass-house\/#primaryimage\"},\"thumbnailUrl\":\"https:\/\/www.uveghaz.org\/wp-content\/uploads\/2025\/07\/Uveghaz-Glass-House-.webp\",\"datePublished\":\"2025-07-15T11:31:55+00:00\",\"dateModified\":\"2025-07-23T07:39:29+00:00\",\"breadcrumb\":{\"@id\":\"https:\/\/www.uveghaz.org\/en\/glass-house\/#breadcrumb\"},\"inLanguage\":\"en-US\",\"potentialAction\":[{\"@type\":\"ReadAction\",\"target\":[\"https:\/\/www.uveghaz.org\/en\/glass-house\/\"]}]},{\"@type\":\"ImageObject\",\"inLanguage\":\"en-US\",\"@id\":\"https:\/\/www.uveghaz.org\/en\/glass-house\/#primaryimage\",\"url\":\"https:\/\/www.uveghaz.org\/wp-content\/uploads\/2025\/07\/Uveghaz-Glass-House-.webp\",\"contentUrl\":\"https:\/\/www.uveghaz.org\/wp-content\/uploads\/2025\/07\/Uveghaz-Glass-House-.webp\",\"width\":1920,\"height\":340},{\"@type\":\"BreadcrumbList\",\"@id\":\"https:\/\/www.uveghaz.org\/en\/glass-house\/#breadcrumb\",\"itemListElement\":[{\"@type\":\"ListItem\",\"position\":1,\"name\":\"Home\",\"item\":\"https:\/\/www.uveghaz.org\/en\/\"},{\"@type\":\"ListItem\",\"position\":2,\"name\":\"Leading officials of the Glass House in 1944\"}]},{\"@type\":\"WebSite\",\"@id\":\"https:\/\/www.uveghaz.org\/en\/#website\",\"url\":\"https:\/\/www.uveghaz.org\/en\/\",\"name\":\"Glass House\",\"description\":\"\",\"publisher\":{\"@id\":\"https:\/\/www.uveghaz.org\/en\/#organization\"},\"potentialAction\":[{\"@type\":\"SearchAction\",\"target\":{\"@type\":\"EntryPoint\",\"urlTemplate\":\"https:\/\/www.uveghaz.org\/en\/?s={search_term_string}\"},\"query-input\":{\"@type\":\"PropertyValueSpecification\",\"valueRequired\":true,\"valueName\":\"search_term_string\"}}],\"inLanguage\":\"en-US\"},{\"@type\":\"Organization\",\"@id\":\"https:\/\/www.uveghaz.org\/en\/#organization\",\"name\":\"Glass House\",\"url\":\"https:\/\/www.uveghaz.org\/en\/\",\"logo\":{\"@type\":\"ImageObject\",\"inLanguage\":\"en-US\",\"@id\":\"https:\/\/www.uveghaz.org\/en\/#\/schema\/logo\/image\/\",\"url\":\"https:\/\/www.uveghaz.org\/wp-content\/uploads\/2025\/07\/logo_glass.png\",\"contentUrl\":\"https:\/\/www.uveghaz.org\/wp-content\/uploads\/2025\/07\/logo_glass.png\",\"width\":217,\"height\":79,\"caption\":\"Glass House\"},\"image\":{\"@id\":\"https:\/\/www.uveghaz.org\/en\/#\/schema\/logo\/image\/\"}}]}<\/script>\n<!-- \/ Yoast SEO plugin. -->","yoast_head_json":{"title":"Leading officials of the Glass House in 1944 - Glass House","robots":{"index":"index","follow":"follow","max-snippet":"max-snippet:-1","max-image-preview":"max-image-preview:large","max-video-preview":"max-video-preview:-1"},"canonical":"https:\/\/www.uveghaz.org\/en\/glass-house\/","og_locale":"en_US","og_type":"article","og_title":"Leading officials of the Glass House in 1944 - Glass House","og_description":"Having completed his professional studies in the glass industry Arthur Weiss (1897-1945) graduated at the Commercial Academy. He served at the horse- artillery during WW1 and was discharged with several decorations. By the 30s he took over the firm\u2019s leadership. His two brothers: Vilmos and Viktor were also working for the family company. His three [&hellip;]","og_url":"https:\/\/www.uveghaz.org\/en\/glass-house\/","og_site_name":"Glass House","article_modified_time":"2025-07-23T07:39:29+00:00","og_image":[{"width":1920,"height":340,"url":"https:\/\/www.uveghaz.org\/wp-content\/uploads\/2025\/07\/Uveghaz-Glass-House-.webp","type":"image\/webp"}],"twitter_card":"summary_large_image","twitter_misc":{"Est. reading time":"5 minutes"},"schema":{"@context":"https:\/\/schema.org","@graph":[{"@type":"WebPage","@id":"https:\/\/www.uveghaz.org\/en\/glass-house\/","url":"https:\/\/www.uveghaz.org\/en\/glass-house\/","name":"Leading officials of the Glass House in 1944 - Glass House","isPartOf":{"@id":"https:\/\/www.uveghaz.org\/en\/#website"},"primaryImageOfPage":{"@id":"https:\/\/www.uveghaz.org\/en\/glass-house\/#primaryimage"},"image":{"@id":"https:\/\/www.uveghaz.org\/en\/glass-house\/#primaryimage"},"thumbnailUrl":"https:\/\/www.uveghaz.org\/wp-content\/uploads\/2025\/07\/Uveghaz-Glass-House-.webp","datePublished":"2025-07-15T11:31:55+00:00","dateModified":"2025-07-23T07:39:29+00:00","breadcrumb":{"@id":"https:\/\/www.uveghaz.org\/en\/glass-house\/#breadcrumb"},"inLanguage":"en-US","potentialAction":[{"@type":"ReadAction","target":["https:\/\/www.uveghaz.org\/en\/glass-house\/"]}]},{"@type":"ImageObject","inLanguage":"en-US","@id":"https:\/\/www.uveghaz.org\/en\/glass-house\/#primaryimage","url":"https:\/\/www.uveghaz.org\/wp-content\/uploads\/2025\/07\/Uveghaz-Glass-House-.webp","contentUrl":"https:\/\/www.uveghaz.org\/wp-content\/uploads\/2025\/07\/Uveghaz-Glass-House-.webp","width":1920,"height":340},{"@type":"BreadcrumbList","@id":"https:\/\/www.uveghaz.org\/en\/glass-house\/#breadcrumb","itemListElement":[{"@type":"ListItem","position":1,"name":"Home","item":"https:\/\/www.uveghaz.org\/en\/"},{"@type":"ListItem","position":2,"name":"Leading officials of the Glass House in 1944"}]},{"@type":"WebSite","@id":"https:\/\/www.uveghaz.org\/en\/#website","url":"https:\/\/www.uveghaz.org\/en\/","name":"Glass House","description":"","publisher":{"@id":"https:\/\/www.uveghaz.org\/en\/#organization"},"potentialAction":[{"@type":"SearchAction","target":{"@type":"EntryPoint","urlTemplate":"https:\/\/www.uveghaz.org\/en\/?s={search_term_string}"},"query-input":{"@type":"PropertyValueSpecification","valueRequired":true,"valueName":"search_term_string"}}],"inLanguage":"en-US"},{"@type":"Organization","@id":"https:\/\/www.uveghaz.org\/en\/#organization","name":"Glass House","url":"https:\/\/www.uveghaz.org\/en\/","logo":{"@type":"ImageObject","inLanguage":"en-US","@id":"https:\/\/www.uveghaz.org\/en\/#\/schema\/logo\/image\/","url":"https:\/\/www.uveghaz.org\/wp-content\/uploads\/2025\/07\/logo_glass.png","contentUrl":"https:\/\/www.uveghaz.org\/wp-content\/uploads\/2025\/07\/logo_glass.png","width":217,"height":79,"caption":"Glass House"},"image":{"@id":"https:\/\/www.uveghaz.org\/en\/#\/schema\/logo\/image\/"}}]}},"_links":{"self":[{"href":"https:\/\/www.uveghaz.org\/en\/wp-json\/wp\/v2\/pages\/505","targetHints":{"allow":["GET"]}}],"collection":[{"href":"https:\/\/www.uveghaz.org\/en\/wp-json\/wp\/v2\/pages"}],"about":[{"href":"https:\/\/www.uveghaz.org\/en\/wp-json\/wp\/v2\/types\/page"}],"author":[{"embeddable":true,"href":"https:\/\/www.uveghaz.org\/en\/wp-json\/wp\/v2\/users\/1"}],"replies":[{"embeddable":true,"href":"https:\/\/www.uveghaz.org\/en\/wp-json\/wp\/v2\/comments?post=505"}],"version-history":[{"count":6,"href":"https:\/\/www.uveghaz.org\/en\/wp-json\/wp\/v2\/pages\/505\/revisions"}],"predecessor-version":[{"id":577,"href":"https:\/\/www.uveghaz.org\/en\/wp-json\/wp\/v2\/pages\/505\/revisions\/577"}],"wp:featuredmedia":[{"embeddable":true,"href":"https:\/\/www.uveghaz.org\/en\/wp-json\/wp\/v2\/media\/422"}],"wp:attachment":[{"href":"https:\/\/www.uveghaz.org\/en\/wp-json\/wp\/v2\/media?parent=505"}],"curies":[{"name":"wp","href":"https:\/\/api.w.org\/{rel}","templated":true}]}}