{"id":488,"date":"2025-07-16T13:45:34","date_gmt":"2025-07-16T13:45:34","guid":{"rendered":"https:\/\/www.uveghaz.org\/%d7%94%d7%97%d7%99%d7%99%d7%9d-%d7%91%d7%91%d7%99%d7%aa-%d7%94%d7%96%d7%9b%d7%95%d7%9b%d7%99%d7%aa\/"},"modified":"2025-07-23T11:50:58","modified_gmt":"2025-07-23T11:50:58","slug":"elet-az-uveghazban","status":"publish","type":"page","link":"https:\/\/www.uveghaz.org\/hu\/elet-az-uveghazban\/","title":{"rendered":"\u00c9let az \u00dcvegh\u00e1zban"},"content":{"rendered":"<p>Az \u00dcvegh\u00e1z kiterjedt szervezet\u00e9t cionista vezet\u0151s\u00e9g ir\u00e1ny\u00edtotta. Az \u00e1talak\u00edt\u00e1sr\u00f3l nem maradt f\u00e9nyk\u00e9p, csak visszaeml\u00e9kez\u00e9sek vannak.<\/p>\n<p><strong>Az \u00e9lelmez\u00e9s<br \/>\n<\/strong><br \/>\n\u201eAz els\u0151 id\u0151ben rendszeresen volt feketek\u00e1v\u00e9, amit val\u00f3sz\u00edn\u0171leg az udvar egyik helyis\u00e9g\u00e9ben r\u00f6gt\u00f6nz\u00f6tt konyh\u00e1ban f\u0151ztek. Ugyanitt k\u00e9sz\u00fclt a napi l\u00e1ngos adag. A V\u00f6r\u00f6skereszt vagy egy\u00e9b int\u00e9zm\u00e9ny j\u00f3volt\u00e1b\u00f3l volt bizonyos mennyis\u00e9g\u0171 konzerv, bors\u00f3, marmal\u00e1d\u00e9, ruszli. Siker\u00fclt n\u00e9ha egyeseknek, f\u0151leg id\u0151seknek, gyerekeknek hozz\u00e1jutni egy-egy alm\u00e1hoz, vagy egy fej hagym\u00e1hoz Kimondott \u00e9hez\u00e9sr\u0151l csak az utols\u00f3 hetekben, a december 31-i nyilas behatol\u00e1st\u00f3l janu\u00e1r k\u00f6zep\u00e9ig lehet besz\u00e9lni.\u201d (Friedmann Tibor (M\u00e9ir)<\/p>\n<p>\u201eNem lehet mondani, hogy az emberek nem voltak \u00e9hesek, de \u00e9hez\u00e9s nem volt. Kaptunk minden nap egy nagyon v\u00e9kony kis szelet kenyeret \u00e9s arra egy nagy adag m\u00e1jp\u00e1st\u00e9tom volt r\u00e1kenve.\u201d (Eszter Alexander)<br \/>\n\u201eAz \u00e9lelmez\u00e9si st\u00e1b ir\u00e1ny\u00edt\u00f3ja Klein Vili, Gedeon Bandi \u00e9s a kis Geyer volt, a f\u0151 int\u00e9z\u0151 \u00e9s k\u00e9szletfelhajt\u00f3 azonban a lelem\u00e9nyes \u00f6reg, Soml\u00f3 b\u00e1csi. Mint volt import\u0151r, kint a v\u00e1rosban k\u00e9t nagy \u00e9lelmiszerrakt\u00e1r felett is rendelkezett. Az egyiket m\u00e1r november elej\u00e9n felgy\u00fajtott\u00e1k a nyilasok, \u00e9s az majdnem teljesen elpusztult, de a m\u00e1sikb\u00f3l m\u00e9g hetekig hordta be a Vad\u00e1sz rakt\u00e1r\u00e1ba a k\u00fcl\u00f6nf\u00e9le \u00e9lelmi cikkeket&#8230; Az \u00e9p\u00fclet udvari r\u00e9sz\u00e9n volt fel\u00e1ll\u00edtva a<br \/>\nhatalmas konyha. November k\u00f6zepe t\u00e1j\u00e1n m\u00e1r 2000 ember sz\u00e1m\u00e1ra<br \/>\nszolg\u00e1lta ki a napi h\u00e1romszori \u00e9tkez\u00e9st. Eppler S\u00e1ndorn\u00e9, Widder Man\u00f3n\u00e9, Rosenfeld Farkasn\u00e9, Scheer Tiborn\u00e9 voltak a f\u0151szak\u00e1csok, de t\u00f6m\u00e9nytelen sok seg\u00edt\u0151 szem\u00e9lyzet, kukta, t\u00e1lal\u00f3, mosogat\u00f3 felszolg\u00e1l\u00f3 asszony \u00e9s le\u00e1ny volt a seg\u00edts\u00e9g\u00fckre&#8230;<br \/>\nEleinte a Vad\u00e1szba bemenek\u00fclt tehet\u0151sebbekt\u0151l bizonyos \u00f6sszeg\u0171<br \/>\nheti \u00e9lelmez\u00e9si j\u00e1rul\u00e9kot szedt\u00fcnk. Ezekb\u0151l az \u00f6sszegekb\u0151l igyekezt\u00fcnk mindig \u00e9lelmiszer-jegyeket beszerezni. A dolog december k\u00f6zep\u00e9ig j\u00f3l szuper\u00e1lt, akkora azonban fogyni kezdtek a k\u00e9szletek a v\u00e1rosban is. Neh\u00e9z volt a besz\u00e1ll\u00edt\u00e1s is \u00e9s az \u00e9lelmez\u00e9si st\u00e1b nagy gondokkal k\u00fczd\u00f6tt.\u201d (Salamon Mih\u00e1ly)<\/p>\n<p>\u201eTestv\u00e9r\u00f6cs\u00e9m, Dr. Geyer Arthur rabbi, \u00e9lelmiszert szerzett, \u00e9s zs\u00e1kokban sz\u00e1ll\u00edtotta oda. V\u00e9g\u00fcl a konyha az udvarra vonult, keny\u00e9r akkor mar nem volt, eg\u00e9sz nap s\u00fct\u00f6ttek a friss l\u00e1ngost. A Zsid\u00f3 Tan\u00e1cst\u00f3l is kaptunk kiutal\u00e1st \u00e9s \u00e9lelmiszert.\u201d (Geyer Albert)<br \/>\n<strong><br \/>\nAz elhelyez\u00e9s<\/strong><br \/>\n\u201eEgy-k\u00e9t hossz\u00fa asztal, t\u00e9gl\u00e1kon, deszk\u00e1kb\u00f3l heveny\u00e9szett padok, sebt\u00e9ben felbor\u00edtott sz\u00e9kek \u00e9s minden\u00fctt fiatals\u00e1g. L\u00e1nyok \u00e9s fi\u00fak, tizenhat \u00e9vest\u0151l, a padokon, asztalokon, m\u00e9g a szekr\u00e9nyek tetej\u00e9n is, \u00e9s a nagy \u00fcvegt\u00e1bl\u00e1kat tartalmaz\u00f3, egym\u00e1sra rakott l\u00e1d\u00e1kon.\u201d(G\u00e1cs Teri)<\/p>\n<p>\u201eHa szerencs\u00e9d volt, \u00e9s \u00e1tjutott\u00e1l a kapualjon, bejutott\u00e1l egy nagy<br \/>\nn\u00e9gysz\u00f6gletes udvarra, amely k\u00f6r\u00fcl a h\u00e1z volt \u00e9p\u00edtve. Az udvar k\u00f6zep\u00e9n \u00e1t lehetett menni a h\u00e1z nyugati oldal\u00e1r\u00f3l a keletibe, minden akad\u00e1ly n\u00e9lk\u00fcl. De ennek az \u00e1tj\u00e1r\u00f3nak k\u00e9t oldal\u00e1t \u2013 az \u00e9szaki \u00e9s a d\u00e9li oldal\u00e1t \u2013 \u00f3ri\u00e1si \u00fcvegt\u00e1bl\u00e1k hat\u00e1rolt\u00e1k, nagy fa\u00e1llv\u00e1nyokra t\u00e1maszkodva, legal\u00e1bb t\u00edz mindk\u00e9t oldalon. Az \u00fcvegt\u00e1bl\u00e1kat egym\u00e1st\u00f3l elv\u00e1laszt\u00f3 sz\u0171k utak legink\u00e1bb a fi\u00fak \u00e9s a l\u00e1nyok tal\u00e1lkoz\u00e1s\u00e1ra szolg\u00e1ltak. Ezt se a bomb\u00e1z\u00e1sok, se a nyilasok nem akad\u00e1lyozhatt\u00e1k meg. Ismerek legal\u00e1bb k\u00e9t h\u00e1zasp\u00e1rt, akik a Vad\u00e1sz utc\u00e1ban tal\u00e1lkoztak.\u201d (Eszter Alexander)<\/p>\n<p>\u201eSz\u00e9les l\u00e9pcs\u0151 vezetett le az \u201eortodox\u201d pinc\u00e9be. Ez egy kb. n\u00e9gysz\u00f6gletes terem volt, amelynek a padl\u00f3j\u00e1n ar\u00e1nylag sz\u00e9les fal\u00e1d\u00e1k fek\u00fcdtek, sz\u00e9tsz\u00f3rva. Az \u201eortodox\u201d pinc\u00e9t \u2013 ellent\u00e9tben az ifj\u00fas\u00e1gi mozgalmak helyis\u00e9geivel \u2013 id\u0151sebb emberek \u00e9s nagyobb, t\u00f6bbgyerekes csal\u00e1dok n\u00e9pes\u00edtett\u00e9k be. Ha egy csal\u00e1dnak szerencs\u00e9je volt, egy eg\u00e9sz l\u00e1da (kb. 30 cm magas, \u00e9s m\u00e1sf\u00e9l m\u00e9ter sz\u00e9les, illetve hossz\u00fa) \u00e1llt rendelkez\u00e9s\u00e9re, ami igen nagy f\u00e9ny\u0171z\u00e9s volt. Voltak l\u00e1d\u00e1k, amelyeket t\u00f6bb csal\u00e1d osztott meg.\u201d<\/p>\n<p>Az udvari \u00e1tj\u00e1r\u00f3 szemben l\u00e9v\u0151, keleti oldal\u00e1n, \u00fcvegt\u00e1bl\u00e1k m\u00f6g\u00f6tt, eldugott helyen volt lej\u00e1rat a Som\u00e9r, illetve Dror Habonim pinc\u00e9j\u00e9be, amelyet r\u00f6viden Som\u00e9r pinc\u00e9nek neveztek. Olyan hossz\u00fa volt, mint az udvar, de nem n\u00e9gysz\u00f6gletes, enn\u00e9l fogva az alv\u00f3helyek a fal ment\u00e9n, hossz\u00e1ban, f\u00e1b\u00f3l \u00f6ssze\u00e1ll\u00edtott priccsek voltak. A fal magass\u00e1g\u00e1ig, h\u00e1rom- vagy n\u00e9gyszintesre \u00e9p\u00edtett\u00e9k \u0151ket. A priccsek alatti cementes padl\u00f3 is alv\u00f3helynek sz\u00e1m\u00edtott. Mindenki csak annyi helyet foglalhatott el, amennyi a h\u00e1ta sz\u00e9less\u00e9ge volt. N\u00e9ha oldalra kellett fek\u00fcdni, hogy mindenkinek legyen helye. Amikor az sem volt el\u00e9g, elhat\u00e1roztuk, hogy minden \u00e9jjel m\u00e1sik t\u00edz ember a \u201ekonyh\u00e1ban\u201d sz\u00e9ken \u00fclve \u00e9s dalolgatva fogja elt\u00f6lteni az \u00e9jszak\u00e1t, hogy a t\u00f6bbi aludhasson. A \u201ekonyha\u201d egy cementezett helyis\u00e9g volt, itt volt a pince egyetlen v\u00edzcsapja. M\u00e9g az ostrom alatt is folyt bel\u0151le egy kis v\u00edz.\u201d<\/p>\n<p>Amikor m\u00e1r v\u00e9gleg nem lehetett tal\u00e1lni helyet mindenki r\u00e9sz\u00e9re, \u00e1tt\u00f6rt\u00fck a pince fal\u00e1t, \u00e9s \u201eelfoglaltuk\u201d a szomsz\u00e9d h\u00e1z, a Vad\u00e1sz utca 31. (a Magyar Labdar\u00fag\u00f3 Sz\u00f6vets\u00e9g sz\u00e9kh\u00e1za) pinc\u00e9j\u00e9t.<\/p>\n<p>A Hano\u00e1r Hacioni a padl\u00e1son helyezkedett el, az udvar nyugati r\u00e9sz\u00e9n, az iroda felett. Ott sem volt t\u00f6bb hely egy szem\u00e9ly r\u00e9sz\u00e9re, mint m\u00e1shol.<br \/>\nA B\u2019n\u00e9 Akiva mozgalom tagjai az \u00e9szaki \u00e9p\u00fcletr\u00e9sz feletti padl\u00e1son tal\u00e1ltak helyet maguknak.<br \/>\nA pinc\u00e9ket \u00e9s a padl\u00e1sokat figyelembe v\u00e9ve a h\u00e1z a mi szempontunkb\u00f3l n\u00e9gyszintes volt, nem egy emeletes, amint az az utc\u00e1r\u00f3l l\u00e1tszott.<br \/>\nVillany nem volt. Est\u00e9nk\u00e9nt n\u00e9ha behoztak nek\u00fcnk Lux g\u00e1zl\u00e1mp\u00e1kat, \u00e9s ennek f\u00e9ny\u00e9n\u00e9l, a priccsek sz\u00e9l\u00e9n \u00fcl\u0151 lakoss\u00e1g szorgalmasan tiszt\u00edtotta ruh\u00e1zat\u00e1t a tetvekt\u0151l. M\u00e1r amennyire lehetett. N\u00e9ha maradt el\u00e9g id\u0151 az olvas\u00e1sra is a g\u00e1zl\u00e1mp\u00e1k f\u00e9nye mellett. A g\u00e1zl\u00e1mp\u00e1k l\u00e1togat\u00e1sa a s\u00f6t\u00e9t pinc\u00e9ben \u2013 amely csak gyertyaf\u00e9nnyel volt vil\u00e1g\u00edtva \u2013 nagy esem\u00e9ny volt.<\/p>\n<p><strong>A higi\u00e9nia<br \/>\n<\/strong><br \/>\n\u201eA nagymos\u00e1s a Han-Hac padl\u00e1son volt: k\u00f6z\u00e9pen egy nagy tekn\u0151 \u00e1llt, mellette mos\u00f3l\u00e1nyok \u00e9s -fi\u00fak. A nagy bomb\u00e1z\u00e1sok k\u00f6zepette sem mondtunk le a mos\u00e1sr\u00f3l. A baj a sz\u00e1r\u00edt\u00e1s lehet\u0151s\u00e9ge, jobban mondva lehetetlens\u00e9ge volt, miut\u00e1n a kiakasztott ingek, ahelyett, hogy megsz\u00e1radtak volna, megfagytak. Sajnos ezek a proced\u00far\u00e1k nem szabad\u00edtott\u00e1k meg az ingeket a tetvekt\u0151l\u2026 A fi\u00fak hagyt\u00e1k el\u0151sz\u00f6r a l\u00e1nyokat mosakodnia cs\u00f6p\u00f6g\u0151 csap alatt miut\u00e1n elismert\u00e9k, hogy nekik nagyobb sz\u00fcks\u00e9g\u00fck van a tiszt\u00e1lkod\u00e1sra\u2026 Egy WC volt csak az irod\u00e1ban, ami el\u0151tt emberek hossz\u00fa sora k\u00edgy\u00f3zott. Soknak k\u00f6z\u00fcl\u00fck hasmen\u00e9se volt. Az sem seg\u00edtett, hogy az irod\u00e1ban, amely t\u00f6bb\u00e9-kev\u00e9sb\u00e9 megtartotta el\u0151z\u0151 form\u00e1j\u00e1t, t\u00e1gasabb helye volt a bentlak\u00f3knak, akik folytatt\u00e1k is az adminisztr\u00e1ci\u00f3s munk\u00e1t. Az iroda l\u00e9pcs\u0151h\u00e1z\u00e1nak szemben lev\u0151 bej\u00e1rata a Weiss csal\u00e1d priv\u00e1t lak\u00e1sa volt, \u00e9s oda nem mehetett be senki. V\u00e9g\u00fcl a WC-hi\u00e1ny megold\u00e1sa az volt, hogy az udvari \u00e1tj\u00e1r\u00f3 hossz\u00e1ban, a sz\u00e9len egy hossz\u00fa g\u00f6dr\u00f6t \u00e1stunk, \u00e9s annak tetej\u00e9be r\u00e1tett\u00fcnk egy hossz\u00fa gerend\u00e1t, amire r\u00e1 lehetett \u00e1llni vagy t\u00edz embernek, f\u00e9rfiaknak, n\u0151knek egy id\u0151ben. Ez nem lett volna probl\u00e9ma, hanem a probl\u00e9ma az volt, hogy se ennek a t\u00e1kolm\u00e1nynak, se az udvarnak<br \/>\nnem volt teteje, \u00e9s \u00edgy semmi sem akad\u00e1lyozta meg a v\u00e1ros f\u00f6l\u00f6tt cirk\u00e1l\u00f3 szovjet rep\u00fcl\u0151k g\u00e9pfegyvereit. \u00dagyhogy vesz\u00e9lyes kaland volt haszn\u00e1lni ezt a WC-t, de az\u00e9rt mindenki megtette, mert m\u00e1s megold\u00e1s nem volt.\u201d (Eszter Alexander)<\/p>\n<p>\u201eA betegszob\u00e1t az utcai nagyteremb\u0151l hom\u00e1lyos \u00fcvegfal v\u00e1lasztotta el. Eg\u00e9szs\u00e9g\u00fcgyi ell\u00e1t\u00e1sr\u00f3l, amennyire lehetett, miut\u00e1n nem volt megfelel\u0151 felszerel\u00e9s, az ott l\u00e9v\u0151 orvosok: Dr. Weinberger \u00d6d\u00f6n, Dr. Eppler Henrik, Dr. Kornfeld B\u00e9la, Dr. B\u00f6hm S\u00e1ndor, Dr. Ung\u00e1r G\u00e9za, Dr. Nagy L\u00e1szl\u00f3 igyekeztek gondoskodni. Szerencs\u00e9re komolyabb megbeteged\u00e9sek alig voltak, amennyiben komolyabb beavatkoz\u00e1s v\u00e1lt sz\u00fcks\u00e9gess\u00e9, a beteget \u00e1tsz\u00e1ll\u00edtott\u00e1k a gett\u00f3k\u00f3rh\u00e1zba.\u201d (Salamon Mih\u00e1ly)<br \/>\n\u201eNy\u00fczsg\u0151 keleti faluhoz volt hasonlatos, ahol csoportokba ver\u0151dve t\u00e1rgyaltak, terveltek, p\u00f6r\u00f6ltek, dolgoztak, tanultak \u00e9s ettek. S lassan \u00f6nmaguk \u00e9s a zsid\u00f3 ember fogalm\u00e1nak torzk\u00e9p\u00e9v\u00e9 lettek: a t\u00e1rsadalom b\u0171n\u00e9b\u0151l a pincelak\u00f3k vad, er\u0151szakos p\u00e1ri\u00e1kk\u00e1 s\u00fcllyedtek, akik a pillanat<br \/>\nnevets\u00e9ges el\u0151nyei\u00e9rt eladt\u00e1k a tegnapot \u00e9s a holnapot.\u2019 (Scheiber S\u00e1ndor)<\/p>\n<p>\u201eNapk\u00f6zben a \u201etisztvisel\u0151k\u201d dolgoztak a tan\u00e1csteremben. \u00c9n p\u00e9ld\u00e1ul Dr. Szendr\u0151 K\u00e1rolynak voltam a fut\u00e1rja \u2013 14 \u00e9ves fejemmel.\u201d (Schwartz G\u00e1bor, A. J. Shafat)<\/p>\n<p>\u201eAz ifj\u00fas\u00e1gi mozgalmak rendszeres oktat\u00e1si programot hajtottak v\u00e9gre, mintha a falakon k\u00edv\u00fcl semmi aggaszt\u00f3 nem t\u00f6rtenne.\u201d (Geyer Albert)<\/p>\n<p>\u201eA Mizrachi padl\u00e1son \u00e9s egy\u00e9b csoportokn\u00e1l intenz\u00edv h\u00e9ber kurzus folyt. Ifj\u00fas\u00e1gi oktat\u00f3k el\u0151ad\u00e1sokat tartottak a k\u00fcl\u00f6nb\u00f6z\u0151 kor\u00fa ifj\u00fas\u00e1gnak, f\u0151leg cionista t\u00e1rgyk\u00f6rb\u0151l. Az orthodox pinc\u00e9ben intenz\u00edv talmud tanul\u00e1s folyt. (Friedmann Tibor (M\u00e9ir)<\/p>\n<p>A m\u0171szaki oszt\u00e1ly a nemzetk\u00f6zi gett\u00f3ban 72 sv\u00e1jci v\u00e9delem alatt l\u00e9v\u0151 h\u00e1z m\u0171k\u00f6d\u00e9s\u00e9r\u0151l gondoskodott. A m\u00e9rn\u00f6k\u00f6kb\u0151l, lakatosokb\u00f3l, szerel\u0151kb\u0151l, \u00e1ll\u00f3 javit\u00f3 osztagoknak \u00fagysz\u00f3lv\u00e1n \u00f3r\u00e1nk\u00e9nt kellett kivonulni valamelyik \u00e9p\u00fclethez. Az \u00dcvegh\u00e1zb\u00f3l szinte percenk\u00e9nt indultak emberek ki a v\u00e9dett h\u00e1zakba. Az \u00e1lland\u00f3an rendelkez\u00e9sre \u00e1ll\u00f3 h\u00e1rom k\u00f6vets\u00e9gi g\u00e9pkocsit Lakatos m\u00e9rn\u00f6k dirig\u00e1lta. (Salamon Mih\u00e1ly)<\/p>\n<p><strong>A hanuka<\/strong><\/p>\n<p>\u201eA sarokban egy sz\u00e9kre rakott fadarabon n\u00e9h\u00e1ny di\u00f3h\u00e9j volt felsorakoztatva, benne olaj \u00e9s kan\u00f3c. Egyenk\u00e9nt meggy\u00fajtottam a hanuka-gyerty\u00e1kat. Sosem felejtem el azt a meghatott \u00fcnnepi hangulatot, ami elfogott benn\u00fcnket, de m\u00e9g kev\u00e9sbb\u00e9 azt a vacsor\u00e1t, amit feles\u00e9gem k\u00e9sz\u00edtett nekem ebb\u0151l az alkalomb\u00f3l. N\u00e9h\u00e1ny krumplil\u00e1ngost vett el\u0151 az asztal al\u00f3li ed\u00e9nyb\u0151l, amiket nem tudom hogyan s\u00fct\u00f6tt s f\u0151leg nem tudom, hogy mib\u0151l. Mert krumpli akkor m\u00e1r nem volt a Vad\u00e1szban l\u00e1that\u00f3 h\u00f3napok \u00f3ta. A l\u00e1ngoson valami kis zsirad\u00e9k is volt, hideg volt m\u00e1r nagyon, nem volt nagyon frissnek mondhat\u00f3. De m\u00e9gis, olyan finom krumplil\u00e1ngost tal\u00e1n az\u00f3ta se ettem.\u201d (Salamon Mih\u00e1ly)<\/p>\n<p><a href=\"https:\/\/www.uveghaz.org\/hu\/a-cionista-ifjusagi-mozgalmak-az-ellenallasban\/\">K\u00f6vetkez\u0151 &gt;&gt;<\/a><\/p>\n","protected":false},"excerpt":{"rendered":"<p>Az \u00dcvegh\u00e1z kiterjedt szervezet\u00e9t cionista vezet\u0151s\u00e9g ir\u00e1ny\u00edtotta. Az \u00e1talak\u00edt\u00e1sr\u00f3l nem maradt f\u00e9nyk\u00e9p, csak visszaeml\u00e9kez\u00e9sek vannak. Az \u00e9lelmez\u00e9s \u201eAz els\u0151 id\u0151ben rendszeresen volt feketek\u00e1v\u00e9, amit val\u00f3sz\u00edn\u0171leg az udvar egyik helyis\u00e9g\u00e9ben r\u00f6gt\u00f6nz\u00f6tt konyh\u00e1ban f\u0151ztek. Ugyanitt k\u00e9sz\u00fclt a napi l\u00e1ngos adag. A V\u00f6r\u00f6skereszt vagy egy\u00e9b int\u00e9zm\u00e9ny j\u00f3volt\u00e1b\u00f3l volt bizonyos mennyis\u00e9g\u0171 konzerv, bors\u00f3, marmal\u00e1d\u00e9, ruszli. Siker\u00fclt n\u00e9ha egyeseknek, f\u0151leg [&hellip;]<\/p>\n","protected":false},"author":1,"featured_media":423,"parent":0,"menu_order":52,"comment_status":"closed","ping_status":"closed","template":"","meta":{"_acf_changed":false,"footnotes":""},"class_list":["post-488","page","type-page","status-publish","has-post-thumbnail","hentry"],"acf":[],"yoast_head":"<!-- This site is optimized with the Yoast SEO plugin v25.7 - https:\/\/yoast.com\/wordpress\/plugins\/seo\/ -->\n<title>\u00c9let az \u00dcvegh\u00e1zban - Glass House<\/title>\n<meta name=\"robots\" content=\"index, follow, max-snippet:-1, max-image-preview:large, max-video-preview:-1\" \/>\n<link rel=\"canonical\" href=\"https:\/\/www.uveghaz.org\/hu\/elet-az-uveghazban\/\" \/>\n<meta property=\"og:locale\" content=\"hu_HU\" \/>\n<meta property=\"og:type\" content=\"article\" \/>\n<meta property=\"og:title\" content=\"\u00c9let az \u00dcvegh\u00e1zban - Glass House\" \/>\n<meta property=\"og:description\" content=\"Az \u00dcvegh\u00e1z kiterjedt szervezet\u00e9t cionista vezet\u0151s\u00e9g ir\u00e1ny\u00edtotta. Az \u00e1talak\u00edt\u00e1sr\u00f3l nem maradt f\u00e9nyk\u00e9p, csak visszaeml\u00e9kez\u00e9sek vannak. Az \u00e9lelmez\u00e9s \u201eAz els\u0151 id\u0151ben rendszeresen volt feketek\u00e1v\u00e9, amit val\u00f3sz\u00edn\u0171leg az udvar egyik helyis\u00e9g\u00e9ben r\u00f6gt\u00f6nz\u00f6tt konyh\u00e1ban f\u0151ztek. Ugyanitt k\u00e9sz\u00fclt a napi l\u00e1ngos adag. A V\u00f6r\u00f6skereszt vagy egy\u00e9b int\u00e9zm\u00e9ny j\u00f3volt\u00e1b\u00f3l volt bizonyos mennyis\u00e9g\u0171 konzerv, bors\u00f3, marmal\u00e1d\u00e9, ruszli. Siker\u00fclt n\u00e9ha egyeseknek, f\u0151leg [&hellip;]\" \/>\n<meta property=\"og:url\" content=\"https:\/\/www.uveghaz.org\/hu\/elet-az-uveghazban\/\" \/>\n<meta property=\"og:site_name\" content=\"Glass House\" \/>\n<meta property=\"article:modified_time\" content=\"2025-07-23T11:50:58+00:00\" \/>\n<meta property=\"og:image\" content=\"https:\/\/www.uveghaz.org\/wp-content\/uploads\/2025\/07\/Uveghaz-Glass-House-.webp\" \/>\n\t<meta property=\"og:image:width\" content=\"1920\" \/>\n\t<meta property=\"og:image:height\" content=\"340\" \/>\n\t<meta property=\"og:image:type\" content=\"image\/webp\" \/>\n<meta name=\"twitter:card\" content=\"summary_large_image\" \/>\n<meta name=\"twitter:label1\" content=\"Becs\u00fclt olvas\u00e1si id\u0151\" \/>\n\t<meta name=\"twitter:data1\" content=\"8 perc\" \/>\n<script type=\"application\/ld+json\" class=\"yoast-schema-graph\">{\"@context\":\"https:\/\/schema.org\",\"@graph\":[{\"@type\":\"WebPage\",\"@id\":\"https:\/\/www.uveghaz.org\/hu\/elet-az-uveghazban\/\",\"url\":\"https:\/\/www.uveghaz.org\/hu\/elet-az-uveghazban\/\",\"name\":\"\u00c9let az \u00dcvegh\u00e1zban - Glass House\",\"isPartOf\":{\"@id\":\"https:\/\/www.uveghaz.org\/hu\/#website\"},\"primaryImageOfPage\":{\"@id\":\"https:\/\/www.uveghaz.org\/hu\/elet-az-uveghazban\/#primaryimage\"},\"image\":{\"@id\":\"https:\/\/www.uveghaz.org\/hu\/elet-az-uveghazban\/#primaryimage\"},\"thumbnailUrl\":\"https:\/\/www.uveghaz.org\/wp-content\/uploads\/2025\/07\/Uveghaz-Glass-House-.webp\",\"datePublished\":\"2025-07-16T13:45:34+00:00\",\"dateModified\":\"2025-07-23T11:50:58+00:00\",\"breadcrumb\":{\"@id\":\"https:\/\/www.uveghaz.org\/hu\/elet-az-uveghazban\/#breadcrumb\"},\"inLanguage\":\"hu\",\"potentialAction\":[{\"@type\":\"ReadAction\",\"target\":[\"https:\/\/www.uveghaz.org\/hu\/elet-az-uveghazban\/\"]}]},{\"@type\":\"ImageObject\",\"inLanguage\":\"hu\",\"@id\":\"https:\/\/www.uveghaz.org\/hu\/elet-az-uveghazban\/#primaryimage\",\"url\":\"https:\/\/www.uveghaz.org\/wp-content\/uploads\/2025\/07\/Uveghaz-Glass-House-.webp\",\"contentUrl\":\"https:\/\/www.uveghaz.org\/wp-content\/uploads\/2025\/07\/Uveghaz-Glass-House-.webp\",\"width\":1920,\"height\":340},{\"@type\":\"BreadcrumbList\",\"@id\":\"https:\/\/www.uveghaz.org\/hu\/elet-az-uveghazban\/#breadcrumb\",\"itemListElement\":[{\"@type\":\"ListItem\",\"position\":1,\"name\":\"Home\",\"item\":\"https:\/\/www.uveghaz.org\/hu\/\"},{\"@type\":\"ListItem\",\"position\":2,\"name\":\"\u00c9let az \u00dcvegh\u00e1zban\"}]},{\"@type\":\"WebSite\",\"@id\":\"https:\/\/www.uveghaz.org\/hu\/#website\",\"url\":\"https:\/\/www.uveghaz.org\/hu\/\",\"name\":\"Glass House\",\"description\":\"\",\"publisher\":{\"@id\":\"https:\/\/www.uveghaz.org\/hu\/#organization\"},\"potentialAction\":[{\"@type\":\"SearchAction\",\"target\":{\"@type\":\"EntryPoint\",\"urlTemplate\":\"https:\/\/www.uveghaz.org\/hu\/?s={search_term_string}\"},\"query-input\":{\"@type\":\"PropertyValueSpecification\",\"valueRequired\":true,\"valueName\":\"search_term_string\"}}],\"inLanguage\":\"hu\"},{\"@type\":\"Organization\",\"@id\":\"https:\/\/www.uveghaz.org\/hu\/#organization\",\"name\":\"Glass House\",\"url\":\"https:\/\/www.uveghaz.org\/hu\/\",\"logo\":{\"@type\":\"ImageObject\",\"inLanguage\":\"hu\",\"@id\":\"https:\/\/www.uveghaz.org\/hu\/#\/schema\/logo\/image\/\",\"url\":\"https:\/\/www.uveghaz.org\/wp-content\/uploads\/2025\/07\/logo_glass.png\",\"contentUrl\":\"https:\/\/www.uveghaz.org\/wp-content\/uploads\/2025\/07\/logo_glass.png\",\"width\":217,\"height\":79,\"caption\":\"Glass House\"},\"image\":{\"@id\":\"https:\/\/www.uveghaz.org\/hu\/#\/schema\/logo\/image\/\"}}]}<\/script>\n<!-- \/ Yoast SEO plugin. -->","yoast_head_json":{"title":"\u00c9let az \u00dcvegh\u00e1zban - Glass House","robots":{"index":"index","follow":"follow","max-snippet":"max-snippet:-1","max-image-preview":"max-image-preview:large","max-video-preview":"max-video-preview:-1"},"canonical":"https:\/\/www.uveghaz.org\/hu\/elet-az-uveghazban\/","og_locale":"hu_HU","og_type":"article","og_title":"\u00c9let az \u00dcvegh\u00e1zban - Glass House","og_description":"Az \u00dcvegh\u00e1z kiterjedt szervezet\u00e9t cionista vezet\u0151s\u00e9g ir\u00e1ny\u00edtotta. Az \u00e1talak\u00edt\u00e1sr\u00f3l nem maradt f\u00e9nyk\u00e9p, csak visszaeml\u00e9kez\u00e9sek vannak. Az \u00e9lelmez\u00e9s \u201eAz els\u0151 id\u0151ben rendszeresen volt feketek\u00e1v\u00e9, amit val\u00f3sz\u00edn\u0171leg az udvar egyik helyis\u00e9g\u00e9ben r\u00f6gt\u00f6nz\u00f6tt konyh\u00e1ban f\u0151ztek. Ugyanitt k\u00e9sz\u00fclt a napi l\u00e1ngos adag. A V\u00f6r\u00f6skereszt vagy egy\u00e9b int\u00e9zm\u00e9ny j\u00f3volt\u00e1b\u00f3l volt bizonyos mennyis\u00e9g\u0171 konzerv, bors\u00f3, marmal\u00e1d\u00e9, ruszli. Siker\u00fclt n\u00e9ha egyeseknek, f\u0151leg [&hellip;]","og_url":"https:\/\/www.uveghaz.org\/hu\/elet-az-uveghazban\/","og_site_name":"Glass House","article_modified_time":"2025-07-23T11:50:58+00:00","og_image":[{"width":1920,"height":340,"url":"https:\/\/www.uveghaz.org\/wp-content\/uploads\/2025\/07\/Uveghaz-Glass-House-.webp","type":"image\/webp"}],"twitter_card":"summary_large_image","twitter_misc":{"Becs\u00fclt olvas\u00e1si id\u0151":"8 perc"},"schema":{"@context":"https:\/\/schema.org","@graph":[{"@type":"WebPage","@id":"https:\/\/www.uveghaz.org\/hu\/elet-az-uveghazban\/","url":"https:\/\/www.uveghaz.org\/hu\/elet-az-uveghazban\/","name":"\u00c9let az \u00dcvegh\u00e1zban - Glass House","isPartOf":{"@id":"https:\/\/www.uveghaz.org\/hu\/#website"},"primaryImageOfPage":{"@id":"https:\/\/www.uveghaz.org\/hu\/elet-az-uveghazban\/#primaryimage"},"image":{"@id":"https:\/\/www.uveghaz.org\/hu\/elet-az-uveghazban\/#primaryimage"},"thumbnailUrl":"https:\/\/www.uveghaz.org\/wp-content\/uploads\/2025\/07\/Uveghaz-Glass-House-.webp","datePublished":"2025-07-16T13:45:34+00:00","dateModified":"2025-07-23T11:50:58+00:00","breadcrumb":{"@id":"https:\/\/www.uveghaz.org\/hu\/elet-az-uveghazban\/#breadcrumb"},"inLanguage":"hu","potentialAction":[{"@type":"ReadAction","target":["https:\/\/www.uveghaz.org\/hu\/elet-az-uveghazban\/"]}]},{"@type":"ImageObject","inLanguage":"hu","@id":"https:\/\/www.uveghaz.org\/hu\/elet-az-uveghazban\/#primaryimage","url":"https:\/\/www.uveghaz.org\/wp-content\/uploads\/2025\/07\/Uveghaz-Glass-House-.webp","contentUrl":"https:\/\/www.uveghaz.org\/wp-content\/uploads\/2025\/07\/Uveghaz-Glass-House-.webp","width":1920,"height":340},{"@type":"BreadcrumbList","@id":"https:\/\/www.uveghaz.org\/hu\/elet-az-uveghazban\/#breadcrumb","itemListElement":[{"@type":"ListItem","position":1,"name":"Home","item":"https:\/\/www.uveghaz.org\/hu\/"},{"@type":"ListItem","position":2,"name":"\u00c9let az \u00dcvegh\u00e1zban"}]},{"@type":"WebSite","@id":"https:\/\/www.uveghaz.org\/hu\/#website","url":"https:\/\/www.uveghaz.org\/hu\/","name":"Glass House","description":"","publisher":{"@id":"https:\/\/www.uveghaz.org\/hu\/#organization"},"potentialAction":[{"@type":"SearchAction","target":{"@type":"EntryPoint","urlTemplate":"https:\/\/www.uveghaz.org\/hu\/?s={search_term_string}"},"query-input":{"@type":"PropertyValueSpecification","valueRequired":true,"valueName":"search_term_string"}}],"inLanguage":"hu"},{"@type":"Organization","@id":"https:\/\/www.uveghaz.org\/hu\/#organization","name":"Glass House","url":"https:\/\/www.uveghaz.org\/hu\/","logo":{"@type":"ImageObject","inLanguage":"hu","@id":"https:\/\/www.uveghaz.org\/hu\/#\/schema\/logo\/image\/","url":"https:\/\/www.uveghaz.org\/wp-content\/uploads\/2025\/07\/logo_glass.png","contentUrl":"https:\/\/www.uveghaz.org\/wp-content\/uploads\/2025\/07\/logo_glass.png","width":217,"height":79,"caption":"Glass House"},"image":{"@id":"https:\/\/www.uveghaz.org\/hu\/#\/schema\/logo\/image\/"}}]}},"_links":{"self":[{"href":"https:\/\/www.uveghaz.org\/hu\/wp-json\/wp\/v2\/pages\/488","targetHints":{"allow":["GET"]}}],"collection":[{"href":"https:\/\/www.uveghaz.org\/hu\/wp-json\/wp\/v2\/pages"}],"about":[{"href":"https:\/\/www.uveghaz.org\/hu\/wp-json\/wp\/v2\/types\/page"}],"author":[{"embeddable":true,"href":"https:\/\/www.uveghaz.org\/hu\/wp-json\/wp\/v2\/users\/1"}],"replies":[{"embeddable":true,"href":"https:\/\/www.uveghaz.org\/hu\/wp-json\/wp\/v2\/comments?post=488"}],"version-history":[{"count":2,"href":"https:\/\/www.uveghaz.org\/hu\/wp-json\/wp\/v2\/pages\/488\/revisions"}],"predecessor-version":[{"id":618,"href":"https:\/\/www.uveghaz.org\/hu\/wp-json\/wp\/v2\/pages\/488\/revisions\/618"}],"wp:featuredmedia":[{"embeddable":true,"href":"https:\/\/www.uveghaz.org\/hu\/wp-json\/wp\/v2\/media\/423"}],"wp:attachment":[{"href":"https:\/\/www.uveghaz.org\/hu\/wp-json\/wp\/v2\/media?parent=488"}],"curies":[{"name":"wp","href":"https:\/\/api.w.org\/{rel}","templated":true}]}}