{"id":490,"date":"2025-07-16T11:38:31","date_gmt":"2025-07-16T11:38:31","guid":{"rendered":"https:\/\/www.uveghaz.org\/%d7%a1%d7%a8%d7%98%d7%95%d7%9f-%d7%91%d7%99%d7%aa-%d7%94%d7%96%d7%9b%d7%95%d7%9b%d7%99%d7%aa\/"},"modified":"2025-07-23T11:55:54","modified_gmt":"2025-07-23T11:55:54","slug":"az-uveghaz-videoja","status":"publish","type":"page","link":"https:\/\/www.uveghaz.org\/hu\/az-uveghaz-videoja\/","title":{"rendered":"Az \u00dcvegh\u00e1z vide\u00f3ja"},"content":{"rendered":"<p><iframe title=\"Glass HouseHigh quality and size\" width=\"800\" height=\"600\" src=\"https:\/\/www.youtube.com\/embed\/mY4G1hSAYtM?feature=oembed\" frameborder=\"0\" allow=\"accelerometer; autoplay; clipboard-write; encrypted-media; gyroscope; picture-in-picture; web-share\" referrerpolicy=\"strict-origin-when-cross-origin\" allowfullscreen><\/iframe><\/p>\n","protected":false},"excerpt":{"rendered":"","protected":false},"author":1,"featured_media":411,"parent":0,"menu_order":0,"comment_status":"closed","ping_status":"closed","template":"","meta":{"_acf_changed":false,"footnotes":""},"class_list":["post-490","page","type-page","status-publish","has-post-thumbnail","hentry"],"acf":[],"yoast_head":"<!-- This site is optimized with the Yoast SEO plugin v25.7 - https:\/\/yoast.com\/wordpress\/plugins\/seo\/ -->\n<title>Az \u00dcvegh\u00e1z vide\u00f3ja - Glass House<\/title>\n<meta name=\"robots\" content=\"index, follow, max-snippet:-1, max-image-preview:large, max-video-preview:-1\" \/>\n<link rel=\"canonical\" href=\"https:\/\/www.uveghaz.org\/hu\/az-uveghaz-videoja\/\" \/>\n<meta property=\"og:locale\" content=\"hu_HU\" \/>\n<meta property=\"og:type\" content=\"article\" \/>\n<meta property=\"og:title\" content=\"Az \u00dcvegh\u00e1z vide\u00f3ja - Glass House\" \/>\n<meta property=\"og:url\" content=\"https:\/\/www.uveghaz.org\/hu\/az-uveghaz-videoja\/\" \/>\n<meta property=\"og:site_name\" content=\"Glass House\" \/>\n<meta property=\"article:modified_time\" content=\"2025-07-23T11:55:54+00:00\" \/>\n<meta property=\"og:image\" content=\"https:\/\/www.uveghaz.org\/wp-content\/uploads\/2025\/07\/Uveghaz-About.webp\" \/>\n\t<meta property=\"og:image:width\" content=\"1920\" \/>\n\t<meta property=\"og:image:height\" content=\"341\" \/>\n\t<meta property=\"og:image:type\" content=\"image\/webp\" \/>\n<meta name=\"twitter:card\" content=\"summary_large_image\" \/>\n<meta name=\"twitter:label1\" content=\"Becs\u00fclt olvas\u00e1si id\u0151\" \/>\n\t<meta name=\"twitter:data1\" content=\"1 perc\" \/>\n<script type=\"application\/ld+json\" class=\"yoast-schema-graph\">{\"@context\":\"https:\/\/schema.org\",\"@graph\":[{\"@type\":\"WebPage\",\"@id\":\"https:\/\/www.uveghaz.org\/hu\/az-uveghaz-videoja\/\",\"url\":\"https:\/\/www.uveghaz.org\/hu\/az-uveghaz-videoja\/\",\"name\":\"Az \u00dcvegh\u00e1z vide\u00f3ja - Glass House\",\"isPartOf\":{\"@id\":\"https:\/\/www.uveghaz.org\/hu\/#website\"},\"primaryImageOfPage\":{\"@id\":\"https:\/\/www.uveghaz.org\/hu\/az-uveghaz-videoja\/#primaryimage\"},\"image\":{\"@id\":\"https:\/\/www.uveghaz.org\/hu\/az-uveghaz-videoja\/#primaryimage\"},\"thumbnailUrl\":\"https:\/\/www.uveghaz.org\/wp-content\/uploads\/2025\/07\/Uveghaz-About.webp\",\"datePublished\":\"2025-07-16T11:38:31+00:00\",\"dateModified\":\"2025-07-23T11:55:54+00:00\",\"breadcrumb\":{\"@id\":\"https:\/\/www.uveghaz.org\/hu\/az-uveghaz-videoja\/#breadcrumb\"},\"inLanguage\":\"hu\",\"potentialAction\":[{\"@type\":\"ReadAction\",\"target\":[\"https:\/\/www.uveghaz.org\/hu\/az-uveghaz-videoja\/\"]}]},{\"@type\":\"ImageObject\",\"inLanguage\":\"hu\",\"@id\":\"https:\/\/www.uveghaz.org\/hu\/az-uveghaz-videoja\/#primaryimage\",\"url\":\"https:\/\/www.uveghaz.org\/wp-content\/uploads\/2025\/07\/Uveghaz-About.webp\",\"contentUrl\":\"https:\/\/www.uveghaz.org\/wp-content\/uploads\/2025\/07\/Uveghaz-About.webp\",\"width\":1920,\"height\":341},{\"@type\":\"BreadcrumbList\",\"@id\":\"https:\/\/www.uveghaz.org\/hu\/az-uveghaz-videoja\/#breadcrumb\",\"itemListElement\":[{\"@type\":\"ListItem\",\"position\":1,\"name\":\"Home\",\"item\":\"https:\/\/www.uveghaz.org\/hu\/\"},{\"@type\":\"ListItem\",\"position\":2,\"name\":\"Az \u00dcvegh\u00e1z vide\u00f3ja\"}]},{\"@type\":\"WebSite\",\"@id\":\"https:\/\/www.uveghaz.org\/hu\/#website\",\"url\":\"https:\/\/www.uveghaz.org\/hu\/\",\"name\":\"Glass House\",\"description\":\"\",\"publisher\":{\"@id\":\"https:\/\/www.uveghaz.org\/hu\/#organization\"},\"potentialAction\":[{\"@type\":\"SearchAction\",\"target\":{\"@type\":\"EntryPoint\",\"urlTemplate\":\"https:\/\/www.uveghaz.org\/hu\/?s={search_term_string}\"},\"query-input\":{\"@type\":\"PropertyValueSpecification\",\"valueRequired\":true,\"valueName\":\"search_term_string\"}}],\"inLanguage\":\"hu\"},{\"@type\":\"Organization\",\"@id\":\"https:\/\/www.uveghaz.org\/hu\/#organization\",\"name\":\"Glass House\",\"url\":\"https:\/\/www.uveghaz.org\/hu\/\",\"logo\":{\"@type\":\"ImageObject\",\"inLanguage\":\"hu\",\"@id\":\"https:\/\/www.uveghaz.org\/hu\/#\/schema\/logo\/image\/\",\"url\":\"https:\/\/www.uveghaz.org\/wp-content\/uploads\/2025\/07\/logo_glass.png\",\"contentUrl\":\"https:\/\/www.uveghaz.org\/wp-content\/uploads\/2025\/07\/logo_glass.png\",\"width\":217,\"height\":79,\"caption\":\"Glass House\"},\"image\":{\"@id\":\"https:\/\/www.uveghaz.org\/hu\/#\/schema\/logo\/image\/\"}}]}<\/script>\n<!-- \/ Yoast SEO plugin. -->","yoast_head_json":{"title":"Az \u00dcvegh\u00e1z vide\u00f3ja - Glass House","robots":{"index":"index","follow":"follow","max-snippet":"max-snippet:-1","max-image-preview":"max-image-preview:large","max-video-preview":"max-video-preview:-1"},"canonical":"https:\/\/www.uveghaz.org\/hu\/az-uveghaz-videoja\/","og_locale":"hu_HU","og_type":"article","og_title":"Az \u00dcvegh\u00e1z vide\u00f3ja - Glass House","og_url":"https:\/\/www.uveghaz.org\/hu\/az-uveghaz-videoja\/","og_site_name":"Glass House","article_modified_time":"2025-07-23T11:55:54+00:00","og_image":[{"width":1920,"height":341,"url":"https:\/\/www.uveghaz.org\/wp-content\/uploads\/2025\/07\/Uveghaz-About.webp","type":"image\/webp"}],"twitter_card":"summary_large_image","twitter_misc":{"Becs\u00fclt olvas\u00e1si id\u0151":"1 perc"},"schema":{"@context":"https:\/\/schema.org","@graph":[{"@type":"WebPage","@id":"https:\/\/www.uveghaz.org\/hu\/az-uveghaz-videoja\/","url":"https:\/\/www.uveghaz.org\/hu\/az-uveghaz-videoja\/","name":"Az \u00dcvegh\u00e1z vide\u00f3ja - Glass House","isPartOf":{"@id":"https:\/\/www.uveghaz.org\/hu\/#website"},"primaryImageOfPage":{"@id":"https:\/\/www.uveghaz.org\/hu\/az-uveghaz-videoja\/#primaryimage"},"image":{"@id":"https:\/\/www.uveghaz.org\/hu\/az-uveghaz-videoja\/#primaryimage"},"thumbnailUrl":"https:\/\/www.uveghaz.org\/wp-content\/uploads\/2025\/07\/Uveghaz-About.webp","datePublished":"2025-07-16T11:38:31+00:00","dateModified":"2025-07-23T11:55:54+00:00","breadcrumb":{"@id":"https:\/\/www.uveghaz.org\/hu\/az-uveghaz-videoja\/#breadcrumb"},"inLanguage":"hu","potentialAction":[{"@type":"ReadAction","target":["https:\/\/www.uveghaz.org\/hu\/az-uveghaz-videoja\/"]}]},{"@type":"ImageObject","inLanguage":"hu","@id":"https:\/\/www.uveghaz.org\/hu\/az-uveghaz-videoja\/#primaryimage","url":"https:\/\/www.uveghaz.org\/wp-content\/uploads\/2025\/07\/Uveghaz-About.webp","contentUrl":"https:\/\/www.uveghaz.org\/wp-content\/uploads\/2025\/07\/Uveghaz-About.webp","width":1920,"height":341},{"@type":"BreadcrumbList","@id":"https:\/\/www.uveghaz.org\/hu\/az-uveghaz-videoja\/#breadcrumb","itemListElement":[{"@type":"ListItem","position":1,"name":"Home","item":"https:\/\/www.uveghaz.org\/hu\/"},{"@type":"ListItem","position":2,"name":"Az \u00dcvegh\u00e1z vide\u00f3ja"}]},{"@type":"WebSite","@id":"https:\/\/www.uveghaz.org\/hu\/#website","url":"https:\/\/www.uveghaz.org\/hu\/","name":"Glass House","description":"","publisher":{"@id":"https:\/\/www.uveghaz.org\/hu\/#organization"},"potentialAction":[{"@type":"SearchAction","target":{"@type":"EntryPoint","urlTemplate":"https:\/\/www.uveghaz.org\/hu\/?s={search_term_string}"},"query-input":{"@type":"PropertyValueSpecification","valueRequired":true,"valueName":"search_term_string"}}],"inLanguage":"hu"},{"@type":"Organization","@id":"https:\/\/www.uveghaz.org\/hu\/#organization","name":"Glass House","url":"https:\/\/www.uveghaz.org\/hu\/","logo":{"@type":"ImageObject","inLanguage":"hu","@id":"https:\/\/www.uveghaz.org\/hu\/#\/schema\/logo\/image\/","url":"https:\/\/www.uveghaz.org\/wp-content\/uploads\/2025\/07\/logo_glass.png","contentUrl":"https:\/\/www.uveghaz.org\/wp-content\/uploads\/2025\/07\/logo_glass.png","width":217,"height":79,"caption":"Glass House"},"image":{"@id":"https:\/\/www.uveghaz.org\/hu\/#\/schema\/logo\/image\/"}}]}},"_links":{"self":[{"href":"https:\/\/www.uveghaz.org\/hu\/wp-json\/wp\/v2\/pages\/490","targetHints":{"allow":["GET"]}}],"collection":[{"href":"https:\/\/www.uveghaz.org\/hu\/wp-json\/wp\/v2\/pages"}],"about":[{"href":"https:\/\/www.uveghaz.org\/hu\/wp-json\/wp\/v2\/types\/page"}],"author":[{"embeddable":true,"href":"https:\/\/www.uveghaz.org\/hu\/wp-json\/wp\/v2\/users\/1"}],"replies":[{"embeddable":true,"href":"https:\/\/www.uveghaz.org\/hu\/wp-json\/wp\/v2\/comments?post=490"}],"version-history":[{"count":2,"href":"https:\/\/www.uveghaz.org\/hu\/wp-json\/wp\/v2\/pages\/490\/revisions"}],"predecessor-version":[{"id":622,"href":"https:\/\/www.uveghaz.org\/hu\/wp-json\/wp\/v2\/pages\/490\/revisions\/622"}],"wp:featuredmedia":[{"embeddable":true,"href":"https:\/\/www.uveghaz.org\/hu\/wp-json\/wp\/v2\/media\/411"}],"wp:attachment":[{"href":"https:\/\/www.uveghaz.org\/hu\/wp-json\/wp\/v2\/media?parent=490"}],"curies":[{"name":"wp","href":"https:\/\/api.w.org\/{rel}","templated":true}]}}