{"id":492,"date":"2025-07-16T08:01:20","date_gmt":"2025-07-16T08:01:20","guid":{"rendered":"https:\/\/www.uveghaz.org\/%d7%a9%d7%9e%d7%95%d7%aa\/"},"modified":"2025-08-17T12:41:42","modified_gmt":"2025-08-17T12:41:42","slug":"nevek","status":"publish","type":"page","link":"https:\/\/www.uveghaz.org\/hu\/nevek\/","title":{"rendered":"Nevek"},"content":{"rendered":"\t\t<div data-elementor-type=\"wp-page\" data-elementor-id=\"492\" class=\"elementor elementor-492 elementor-142\" data-elementor-post-type=\"page\">\n\t\t\t\t<div class=\"elementor-element elementor-element-24953f36 e-flex e-con-boxed e-con e-parent\" data-id=\"24953f36\" data-element_type=\"container\">\n\t\t\t\t\t<div class=\"e-con-inner\">\n\t\t\t\t<div class=\"elementor-element elementor-element-728f850 elementor-widget elementor-widget-text-editor\" data-id=\"728f850\" data-element_type=\"widget\" data-widget_type=\"text-editor.default\">\n\t\t\t\t\t\t\t\t\t<p>N\u00e9vsor AKIK OLTALMAT TAL\u00c1LTAK AZ \u00dcVEGH\u00c1ZBAN<\/p>\t\t\t\t\t\t\t\t<\/div>\n\t\t\t\t\t<\/div>\n\t\t\t\t<\/div>\n\t\t<div class=\"elementor-element elementor-element-ba2ed8a NamesAZ e-flex e-con-boxed e-con e-parent\" data-id=\"ba2ed8a\" data-element_type=\"container\">\n\t\t\t\t\t<div class=\"e-con-inner\">\n\t\t\t\t<div class=\"elementor-element elementor-element-23929df elementor-widget elementor-widget-taxonomy-filter\" data-id=\"23929df\" data-element_type=\"widget\" data-settings=\"{&quot;selected_element&quot;:&quot;df3b18e&quot;,&quot;taxonomy&quot;:&quot;post_tag&quot;,&quot;item_alignment_horizontal&quot;:&quot;center&quot;,&quot;multiple_selection&quot;:&quot;no&quot;,&quot;horizontal_scroll&quot;:&quot;disable&quot;}\" data-widget_type=\"taxonomy-filter.default\">\n\t\t\t\t\t\t\t<search class=\"e-filter\" role=\"search\" data-base-url=\"https:\/\/www.uveghaz.org\/hu\/\" data-page-num=\"1\">\n\t\t\t\t\t\t\t<button class=\"e-filter-item\" data-filter=\"a-hu\" aria-pressed=\"false\">A<\/button>\n\t\t\t\t\t\t\t<button class=\"e-filter-item\" data-filter=\"b-hu\" aria-pressed=\"false\">B<\/button>\n\t\t\t\t\t\t\t<button class=\"e-filter-item\" data-filter=\"c-hu\" aria-pressed=\"false\">C<\/button>\n\t\t\t\t\t\t\t<button class=\"e-filter-item\" data-filter=\"d-hu\" aria-pressed=\"false\">D<\/button>\n\t\t\t\t\t\t\t<button class=\"e-filter-item\" data-filter=\"e-hu\" aria-pressed=\"false\">E<\/button>\n\t\t\t\t\t\t\t<button class=\"e-filter-item\" data-filter=\"f-hu\" aria-pressed=\"false\">F<\/button>\n\t\t\t\t\t\t\t<button class=\"e-filter-item\" data-filter=\"g-hu\" aria-pressed=\"false\">G<\/button>\n\t\t\t\t\t\t\t<button class=\"e-filter-item\" data-filter=\"h-hu\" aria-pressed=\"false\">H<\/button>\n\t\t\t\t\t\t\t<button class=\"e-filter-item\" data-filter=\"i-hu\" aria-pressed=\"false\">I<\/button>\n\t\t\t\t\t\t\t<button class=\"e-filter-item\" data-filter=\"j-hu\" aria-pressed=\"false\">J<\/button>\n\t\t\t\t\t\t\t<button class=\"e-filter-item\" data-filter=\"k-hu\" aria-pressed=\"false\">K<\/button>\n\t\t\t\t\t\t\t<button class=\"e-filter-item\" data-filter=\"l-hu\" aria-pressed=\"false\">L<\/button>\n\t\t\t\t\t\t\t<button class=\"e-filter-item\" data-filter=\"m-hu\" aria-pressed=\"false\">M<\/button>\n\t\t\t\t\t\t\t<button class=\"e-filter-item\" data-filter=\"n-hu\" aria-pressed=\"false\">N<\/button>\n\t\t\t\t\t\t\t<button class=\"e-filter-item\" data-filter=\"o-hu\" aria-pressed=\"false\">O<\/button>\n\t\t\t\t\t\t\t<button class=\"e-filter-item\" data-filter=\"p-hu\" aria-pressed=\"false\">P<\/button>\n\t\t\t\t\t\t\t<button class=\"e-filter-item\" data-filter=\"r-hu\" aria-pressed=\"false\">R<\/button>\n\t\t\t\t\t\t\t<button class=\"e-filter-item\" data-filter=\"s-hu\" aria-pressed=\"false\">S<\/button>\n\t\t\t\t\t\t\t<button class=\"e-filter-item\" data-filter=\"t-hu\" aria-pressed=\"false\">T<\/button>\n\t\t\t\t\t\t\t<button class=\"e-filter-item\" data-filter=\"u-hu\" aria-pressed=\"false\">U<\/button>\n\t\t\t\t\t\t\t<button class=\"e-filter-item\" data-filter=\"v-hu\" aria-pressed=\"false\">V<\/button>\n\t\t\t\t\t\t\t<button class=\"e-filter-item\" data-filter=\"w-hu\" aria-pressed=\"false\">W<\/button>\n\t\t\t\t\t\t\t<button class=\"e-filter-item\" data-filter=\"z-hu\" aria-pressed=\"false\">Z<\/button>\n\t\t\t\n\t\t\t\t\t\t\t\t<\/search>\n\t\t\t\t\t\t<\/div>\n\t\t\t\t<div class=\"elementor-element elementor-element-df3b18e elementor-grid-1 elementor-grid-tablet-2 elementor-grid-mobile-1 elementor-widget elementor-widget-loop-grid\" data-id=\"df3b18e\" data-element_type=\"widget\" data-settings=\"{&quot;template_id&quot;:295,&quot;columns&quot;:1,&quot;_skin&quot;:&quot;post&quot;,&quot;columns_tablet&quot;:&quot;2&quot;,&quot;columns_mobile&quot;:&quot;1&quot;,&quot;edit_handle_selector&quot;:&quot;[data-elementor-type=\\&quot;loop-item\\&quot;]&quot;,&quot;row_gap&quot;:{&quot;unit&quot;:&quot;px&quot;,&quot;size&quot;:&quot;&quot;,&quot;sizes&quot;:[]},&quot;row_gap_laptop&quot;:{&quot;unit&quot;:&quot;px&quot;,&quot;size&quot;:&quot;&quot;,&quot;sizes&quot;:[]},&quot;row_gap_tablet&quot;:{&quot;unit&quot;:&quot;px&quot;,&quot;size&quot;:&quot;&quot;,&quot;sizes&quot;:[]},&quot;row_gap_mobile&quot;:{&quot;unit&quot;:&quot;px&quot;,&quot;size&quot;:&quot;&quot;,&quot;sizes&quot;:[]}}\" data-widget_type=\"loop-grid.post\">\n\t\t\t\t<div class=\"elementor-widget-container\">\n\t\t\t\t\t\t\t<div class=\"elementor-loop-container elementor-grid\" role=\"list\">\n\t\t<style id=\"loop-295\">.elementor-295 .elementor-element.elementor-element-6f38b6f{--display:flex;}.elementor-widget-theme-post-title .elementor-heading-title{font-family:var( --e-global-typography-primary-font-family ), Sans-serif;font-size:var( --e-global-typography-primary-font-size );font-weight:var( --e-global-typography-primary-font-weight );color:var( --e-global-color-primary );}.elementor-295 .elementor-element.elementor-element-4b0d3bd{padding:0px 0px 0px 5px;border-style:solid;border-width:0px 0px 0px 2px;border-color:var( --e-global-color-primary );text-align:left;}.elementor-widget-theme-post-content{color:var( --e-global-color-text );font-family:var( --e-global-typography-text-font-family ), Sans-serif;font-size:var( --e-global-typography-text-font-size );font-weight:var( --e-global-typography-text-font-weight );}.elementor-295 .elementor-element.elementor-element-60e052f{text-align:left;font-family:\"Assistant\", Sans-serif;font-size:20px;font-weight:400;}@media(max-width:1366px){.elementor-widget-theme-post-title .elementor-heading-title{font-size:var( --e-global-typography-primary-font-size );}.elementor-widget-theme-post-content{font-size:var( --e-global-typography-text-font-size );}}@media(max-width:1024px){.elementor-widget-theme-post-title .elementor-heading-title{font-size:var( --e-global-typography-primary-font-size );}.elementor-widget-theme-post-content{font-size:var( --e-global-typography-text-font-size );}}@media(max-width:767px){.elementor-widget-theme-post-title .elementor-heading-title{font-size:var( --e-global-typography-primary-font-size );}.elementor-widget-theme-post-content{font-size:var( --e-global-typography-text-font-size );}}<\/style>\t\t<div data-elementor-type=\"loop-item\" data-elementor-id=\"295\" class=\"elementor elementor-295 e-loop-item e-loop-item-673 post-673 names type-names status-publish hentry tag-a-hu\" data-elementor-post-type=\"elementor_library\" data-custom-edit-handle=\"1\">\n\t\t\t<div class=\"elementor-element elementor-element-6f38b6f e-flex e-con-boxed e-con e-parent\" data-id=\"6f38b6f\" data-element_type=\"container\">\n\t\t\t\t\t<div class=\"e-con-inner\">\n\t\t\t\t<div class=\"elementor-element elementor-element-4b0d3bd elementor-widget elementor-widget-theme-post-title elementor-page-title elementor-widget-heading\" data-id=\"4b0d3bd\" data-element_type=\"widget\" data-widget_type=\"theme-post-title.default\">\n\t\t\t\t\t<h1 class=\"elementor-heading-title elementor-size-default\">A<\/h1>\t\t\t\t<\/div>\n\t\t\t\t<div class=\"elementor-element elementor-element-60e052f elementor-widget elementor-widget-theme-post-content\" data-id=\"60e052f\" data-element_type=\"widget\" data-widget_type=\"theme-post-content.default\">\n\t\t\t\t\t<p>Abelesz Judit (Friedmann\u00e9)<\/p>\n<p>Abrah\u00e1msohn \u00c1rminn\u00e9, L\u0151wi Emilia<\/p>\n<p>Acker Andor<\/p>\n<p>Ackermann Ern\u0151<\/p>\n<p>Acnstein Andor<\/p>\n<p>Acnstein Jen\u0151n\u00e9<\/p>\n<p>Acnstein S\u00e1ra<\/p>\n<p>Acnstein Ruth<\/p>\n<p>Acnstein Tibor<\/p>\n<p>Adler Gy\u00f6rgy, Mose (Mordi)<\/p>\n<p>Adler Mordehaj<\/p>\n<p>Altberger Erzs\u00e9bet<\/p>\n<p>Altberger Kl\u00e1ra<\/p>\n<p>Amszel Gabriella<\/p>\n<p>Andr\u00e1s G\u00e1bor<\/p>\n<p>Angelusz Gy\u00f6rgy, Mose<\/p>\n<p>Appelfeld Jen\u0151<\/p>\n<p>Arnstein \u00c1gi, Lajla Steuer<\/p>\n<p>Ausch G\u00e1briel<\/p>\n<p>Ausch J\u00f3zsef<\/p>\n<p>Auszlender Dezs\u0151 (Kis Oszi)<\/p>\n<p>Auszlander             (Nagy Oszi)<\/p>\n<p>Auszlender \u00c9va, Nomi Rakabi<\/p>\n\t\t\t\t<\/div>\n\t\t\t\t\t<\/div>\n\t\t\t\t<\/div>\n\t\t\t\t<\/div>\n\t\t\t\t<\/div>\n\t\t\n\t\t\t\t\t\t<\/div>\n\t\t\t\t<\/div>\n\t\t\t\t\t<\/div>\n\t\t\t\t<\/div>\n\t\t\t\t<\/div>\n\t\t","protected":false},"excerpt":{"rendered":"<p>N\u00e9vsor AKIK OLTALMAT TAL\u00c1LTAK AZ \u00dcVEGH\u00c1ZBAN A B C D E F G H I J K L M N O P R S T U V W Z<\/p>\n","protected":false},"author":1,"featured_media":425,"parent":0,"menu_order":0,"comment_status":"closed","ping_status":"closed","template":"","meta":{"_acf_changed":false,"footnotes":""},"class_list":["post-492","page","type-page","status-publish","has-post-thumbnail","hentry"],"acf":[],"yoast_head":"<!-- This site is optimized with the Yoast SEO plugin v25.7 - https:\/\/yoast.com\/wordpress\/plugins\/seo\/ -->\n<title>Nevek - Glass House<\/title>\n<meta name=\"robots\" content=\"index, follow, max-snippet:-1, max-image-preview:large, max-video-preview:-1\" \/>\n<link rel=\"canonical\" href=\"https:\/\/www.uveghaz.org\/hu\/nevek\/\" \/>\n<meta property=\"og:locale\" content=\"hu_HU\" \/>\n<meta property=\"og:type\" content=\"article\" \/>\n<meta property=\"og:title\" content=\"Nevek - Glass House\" \/>\n<meta property=\"og:description\" content=\"N\u00e9vsor AKIK OLTALMAT TAL\u00c1LTAK AZ \u00dcVEGH\u00c1ZBAN A B C D E F G H I J K L M N O P R S T U V W Z\" \/>\n<meta property=\"og:url\" content=\"https:\/\/www.uveghaz.org\/hu\/nevek\/\" \/>\n<meta property=\"og:site_name\" content=\"Glass House\" \/>\n<meta property=\"article:modified_time\" content=\"2025-08-17T12:41:42+00:00\" \/>\n<meta property=\"og:image\" content=\"https:\/\/www.uveghaz.org\/wp-content\/uploads\/2025\/07\/Uveghaz-NAMES.webp\" \/>\n\t<meta property=\"og:image:width\" content=\"1920\" \/>\n\t<meta property=\"og:image:height\" content=\"340\" \/>\n\t<meta property=\"og:image:type\" content=\"image\/webp\" \/>\n<meta name=\"twitter:card\" content=\"summary_large_image\" \/>\n<meta name=\"twitter:label1\" content=\"Becs\u00fclt olvas\u00e1si id\u0151\" \/>\n\t<meta name=\"twitter:data1\" content=\"1 perc\" \/>\n<script type=\"application\/ld+json\" class=\"yoast-schema-graph\">{\"@context\":\"https:\/\/schema.org\",\"@graph\":[{\"@type\":\"WebPage\",\"@id\":\"https:\/\/www.uveghaz.org\/hu\/nevek\/\",\"url\":\"https:\/\/www.uveghaz.org\/hu\/nevek\/\",\"name\":\"Nevek - Glass House\",\"isPartOf\":{\"@id\":\"https:\/\/www.uveghaz.org\/hu\/#website\"},\"primaryImageOfPage\":{\"@id\":\"https:\/\/www.uveghaz.org\/hu\/nevek\/#primaryimage\"},\"image\":{\"@id\":\"https:\/\/www.uveghaz.org\/hu\/nevek\/#primaryimage\"},\"thumbnailUrl\":\"https:\/\/www.uveghaz.org\/wp-content\/uploads\/2025\/07\/Uveghaz-NAMES.webp\",\"datePublished\":\"2025-07-16T08:01:20+00:00\",\"dateModified\":\"2025-08-17T12:41:42+00:00\",\"breadcrumb\":{\"@id\":\"https:\/\/www.uveghaz.org\/hu\/nevek\/#breadcrumb\"},\"inLanguage\":\"hu\",\"potentialAction\":[{\"@type\":\"ReadAction\",\"target\":[\"https:\/\/www.uveghaz.org\/hu\/nevek\/\"]}]},{\"@type\":\"ImageObject\",\"inLanguage\":\"hu\",\"@id\":\"https:\/\/www.uveghaz.org\/hu\/nevek\/#primaryimage\",\"url\":\"https:\/\/www.uveghaz.org\/wp-content\/uploads\/2025\/07\/Uveghaz-NAMES.webp\",\"contentUrl\":\"https:\/\/www.uveghaz.org\/wp-content\/uploads\/2025\/07\/Uveghaz-NAMES.webp\",\"width\":1920,\"height\":340},{\"@type\":\"BreadcrumbList\",\"@id\":\"https:\/\/www.uveghaz.org\/hu\/nevek\/#breadcrumb\",\"itemListElement\":[{\"@type\":\"ListItem\",\"position\":1,\"name\":\"Home\",\"item\":\"https:\/\/www.uveghaz.org\/hu\/\"},{\"@type\":\"ListItem\",\"position\":2,\"name\":\"Nevek\"}]},{\"@type\":\"WebSite\",\"@id\":\"https:\/\/www.uveghaz.org\/hu\/#website\",\"url\":\"https:\/\/www.uveghaz.org\/hu\/\",\"name\":\"Glass House\",\"description\":\"\",\"publisher\":{\"@id\":\"https:\/\/www.uveghaz.org\/hu\/#organization\"},\"potentialAction\":[{\"@type\":\"SearchAction\",\"target\":{\"@type\":\"EntryPoint\",\"urlTemplate\":\"https:\/\/www.uveghaz.org\/hu\/?s={search_term_string}\"},\"query-input\":{\"@type\":\"PropertyValueSpecification\",\"valueRequired\":true,\"valueName\":\"search_term_string\"}}],\"inLanguage\":\"hu\"},{\"@type\":\"Organization\",\"@id\":\"https:\/\/www.uveghaz.org\/hu\/#organization\",\"name\":\"Glass House\",\"url\":\"https:\/\/www.uveghaz.org\/hu\/\",\"logo\":{\"@type\":\"ImageObject\",\"inLanguage\":\"hu\",\"@id\":\"https:\/\/www.uveghaz.org\/hu\/#\/schema\/logo\/image\/\",\"url\":\"https:\/\/www.uveghaz.org\/wp-content\/uploads\/2025\/07\/logo_glass.png\",\"contentUrl\":\"https:\/\/www.uveghaz.org\/wp-content\/uploads\/2025\/07\/logo_glass.png\",\"width\":217,\"height\":79,\"caption\":\"Glass House\"},\"image\":{\"@id\":\"https:\/\/www.uveghaz.org\/hu\/#\/schema\/logo\/image\/\"}}]}<\/script>\n<!-- \/ Yoast SEO plugin. -->","yoast_head_json":{"title":"Nevek - Glass House","robots":{"index":"index","follow":"follow","max-snippet":"max-snippet:-1","max-image-preview":"max-image-preview:large","max-video-preview":"max-video-preview:-1"},"canonical":"https:\/\/www.uveghaz.org\/hu\/nevek\/","og_locale":"hu_HU","og_type":"article","og_title":"Nevek - Glass House","og_description":"N\u00e9vsor AKIK OLTALMAT TAL\u00c1LTAK AZ \u00dcVEGH\u00c1ZBAN A B C D E F G H I J K L M N O P R S T U V W Z","og_url":"https:\/\/www.uveghaz.org\/hu\/nevek\/","og_site_name":"Glass House","article_modified_time":"2025-08-17T12:41:42+00:00","og_image":[{"width":1920,"height":340,"url":"https:\/\/www.uveghaz.org\/wp-content\/uploads\/2025\/07\/Uveghaz-NAMES.webp","type":"image\/webp"}],"twitter_card":"summary_large_image","twitter_misc":{"Becs\u00fclt olvas\u00e1si id\u0151":"1 perc"},"schema":{"@context":"https:\/\/schema.org","@graph":[{"@type":"WebPage","@id":"https:\/\/www.uveghaz.org\/hu\/nevek\/","url":"https:\/\/www.uveghaz.org\/hu\/nevek\/","name":"Nevek - Glass House","isPartOf":{"@id":"https:\/\/www.uveghaz.org\/hu\/#website"},"primaryImageOfPage":{"@id":"https:\/\/www.uveghaz.org\/hu\/nevek\/#primaryimage"},"image":{"@id":"https:\/\/www.uveghaz.org\/hu\/nevek\/#primaryimage"},"thumbnailUrl":"https:\/\/www.uveghaz.org\/wp-content\/uploads\/2025\/07\/Uveghaz-NAMES.webp","datePublished":"2025-07-16T08:01:20+00:00","dateModified":"2025-08-17T12:41:42+00:00","breadcrumb":{"@id":"https:\/\/www.uveghaz.org\/hu\/nevek\/#breadcrumb"},"inLanguage":"hu","potentialAction":[{"@type":"ReadAction","target":["https:\/\/www.uveghaz.org\/hu\/nevek\/"]}]},{"@type":"ImageObject","inLanguage":"hu","@id":"https:\/\/www.uveghaz.org\/hu\/nevek\/#primaryimage","url":"https:\/\/www.uveghaz.org\/wp-content\/uploads\/2025\/07\/Uveghaz-NAMES.webp","contentUrl":"https:\/\/www.uveghaz.org\/wp-content\/uploads\/2025\/07\/Uveghaz-NAMES.webp","width":1920,"height":340},{"@type":"BreadcrumbList","@id":"https:\/\/www.uveghaz.org\/hu\/nevek\/#breadcrumb","itemListElement":[{"@type":"ListItem","position":1,"name":"Home","item":"https:\/\/www.uveghaz.org\/hu\/"},{"@type":"ListItem","position":2,"name":"Nevek"}]},{"@type":"WebSite","@id":"https:\/\/www.uveghaz.org\/hu\/#website","url":"https:\/\/www.uveghaz.org\/hu\/","name":"Glass House","description":"","publisher":{"@id":"https:\/\/www.uveghaz.org\/hu\/#organization"},"potentialAction":[{"@type":"SearchAction","target":{"@type":"EntryPoint","urlTemplate":"https:\/\/www.uveghaz.org\/hu\/?s={search_term_string}"},"query-input":{"@type":"PropertyValueSpecification","valueRequired":true,"valueName":"search_term_string"}}],"inLanguage":"hu"},{"@type":"Organization","@id":"https:\/\/www.uveghaz.org\/hu\/#organization","name":"Glass House","url":"https:\/\/www.uveghaz.org\/hu\/","logo":{"@type":"ImageObject","inLanguage":"hu","@id":"https:\/\/www.uveghaz.org\/hu\/#\/schema\/logo\/image\/","url":"https:\/\/www.uveghaz.org\/wp-content\/uploads\/2025\/07\/logo_glass.png","contentUrl":"https:\/\/www.uveghaz.org\/wp-content\/uploads\/2025\/07\/logo_glass.png","width":217,"height":79,"caption":"Glass House"},"image":{"@id":"https:\/\/www.uveghaz.org\/hu\/#\/schema\/logo\/image\/"}}]}},"_links":{"self":[{"href":"https:\/\/www.uveghaz.org\/hu\/wp-json\/wp\/v2\/pages\/492","targetHints":{"allow":["GET"]}}],"collection":[{"href":"https:\/\/www.uveghaz.org\/hu\/wp-json\/wp\/v2\/pages"}],"about":[{"href":"https:\/\/www.uveghaz.org\/hu\/wp-json\/wp\/v2\/types\/page"}],"author":[{"embeddable":true,"href":"https:\/\/www.uveghaz.org\/hu\/wp-json\/wp\/v2\/users\/1"}],"replies":[{"embeddable":true,"href":"https:\/\/www.uveghaz.org\/hu\/wp-json\/wp\/v2\/comments?post=492"}],"version-history":[{"count":18,"href":"https:\/\/www.uveghaz.org\/hu\/wp-json\/wp\/v2\/pages\/492\/revisions"}],"predecessor-version":[{"id":743,"href":"https:\/\/www.uveghaz.org\/hu\/wp-json\/wp\/v2\/pages\/492\/revisions\/743"}],"wp:featuredmedia":[{"embeddable":true,"href":"https:\/\/www.uveghaz.org\/hu\/wp-json\/wp\/v2\/media\/425"}],"wp:attachment":[{"href":"https:\/\/www.uveghaz.org\/hu\/wp-json\/wp\/v2\/media?parent=492"}],"curies":[{"name":"wp","href":"https:\/\/api.w.org\/{rel}","templated":true}]}}