{"id":494,"date":"2025-07-15T11:40:14","date_gmt":"2025-07-15T11:40:14","guid":{"rendered":"https:\/\/www.uveghaz.org\/%d7%aa%d7%95%d7%93%d7%95%d7%aa\/"},"modified":"2025-07-23T11:14:37","modified_gmt":"2025-07-23T11:14:37","slug":"koszonetek","status":"publish","type":"page","link":"https:\/\/www.uveghaz.org\/hu\/koszonetek\/","title":{"rendered":"K\u00f6sz\u00f6netek"},"content":{"rendered":"<p>Carl Lutz Alapitv\u00e1ny Budapest kifejezi k\u00f6sz\u00f6net\u00e9t a tervez\u0151knek, a kivitelez\u0151knek, a k\u00f6zrem\u0171k\u00f6d\u0151knek az \u00dcvegh\u00e1z honlapja el\u0151k\u00e9szit\u00e9s\u00e9ben:<\/p>\n<p>Eli Shavit<br \/>\nEli Netzer<br \/>\nJoszi Gonda<br \/>\nRozi-Studi\u00f3 tervez\u0151<br \/>\nUpsite- honlap el\u0151k\u00e9szit\u0151<br \/>\nMauer Klimes \u00c1kos<br \/>\nSz\u0171cs L\u00e1szl\u00f3<br \/>\nMatos Lilla<br \/>\nSeljan Mark<br \/>\nEfroni k\u00f3rus<br \/>\nMaya Shavit<br \/>\nSHMUILIK KATZ<br \/>\nLennie Fritsch<\/p>\n","protected":false},"excerpt":{"rendered":"<p>Carl Lutz Alapitv\u00e1ny Budapest kifejezi k\u00f6sz\u00f6net\u00e9t a tervez\u0151knek, a kivitelez\u0151knek, a k\u00f6zrem\u0171k\u00f6d\u0151knek az \u00dcvegh\u00e1z honlapja el\u0151k\u00e9szit\u00e9s\u00e9ben: Eli Shavit Eli Netzer Joszi Gonda Rozi-Studi\u00f3 tervez\u0151 Upsite- honlap el\u0151k\u00e9szit\u0151 Mauer Klimes \u00c1kos Sz\u0171cs L\u00e1szl\u00f3 Matos Lilla Seljan Mark Efroni k\u00f3rus Maya Shavit SHMUILIK KATZ Lennie Fritsch<\/p>\n","protected":false},"author":1,"featured_media":417,"parent":0,"menu_order":120,"comment_status":"closed","ping_status":"closed","template":"","meta":{"_acf_changed":false,"footnotes":""},"class_list":["post-494","page","type-page","status-publish","has-post-thumbnail","hentry"],"acf":[],"yoast_head":"<!-- This site is optimized with the Yoast SEO plugin v25.7 - https:\/\/yoast.com\/wordpress\/plugins\/seo\/ -->\n<title>K\u00f6sz\u00f6netek - Glass House<\/title>\n<meta name=\"robots\" content=\"index, follow, max-snippet:-1, max-image-preview:large, max-video-preview:-1\" \/>\n<link rel=\"canonical\" href=\"https:\/\/www.uveghaz.org\/hu\/koszonetek\/\" \/>\n<meta property=\"og:locale\" content=\"hu_HU\" \/>\n<meta property=\"og:type\" content=\"article\" \/>\n<meta property=\"og:title\" content=\"K\u00f6sz\u00f6netek - Glass House\" \/>\n<meta property=\"og:description\" content=\"Carl Lutz Alapitv\u00e1ny Budapest kifejezi k\u00f6sz\u00f6net\u00e9t a tervez\u0151knek, a kivitelez\u0151knek, a k\u00f6zrem\u0171k\u00f6d\u0151knek az \u00dcvegh\u00e1z honlapja el\u0151k\u00e9szit\u00e9s\u00e9ben: Eli Shavit Eli Netzer Joszi Gonda Rozi-Studi\u00f3 tervez\u0151 Upsite- honlap el\u0151k\u00e9szit\u0151 Mauer Klimes \u00c1kos Sz\u0171cs L\u00e1szl\u00f3 Matos Lilla Seljan Mark Efroni k\u00f3rus Maya Shavit SHMUILIK KATZ Lennie Fritsch\" \/>\n<meta property=\"og:url\" content=\"https:\/\/www.uveghaz.org\/hu\/koszonetek\/\" \/>\n<meta property=\"og:site_name\" content=\"Glass House\" \/>\n<meta property=\"article:modified_time\" content=\"2025-07-23T11:14:37+00:00\" \/>\n<meta property=\"og:image\" content=\"https:\/\/www.uveghaz.org\/wp-content\/uploads\/2025\/07\/Uveghaz-Credits.webp\" \/>\n\t<meta property=\"og:image:width\" content=\"1920\" \/>\n\t<meta property=\"og:image:height\" content=\"340\" \/>\n\t<meta property=\"og:image:type\" content=\"image\/webp\" \/>\n<meta name=\"twitter:card\" content=\"summary_large_image\" \/>\n<meta name=\"twitter:label1\" content=\"Becs\u00fclt olvas\u00e1si id\u0151\" \/>\n\t<meta name=\"twitter:data1\" content=\"1 perc\" \/>\n<script type=\"application\/ld+json\" class=\"yoast-schema-graph\">{\"@context\":\"https:\/\/schema.org\",\"@graph\":[{\"@type\":\"WebPage\",\"@id\":\"https:\/\/www.uveghaz.org\/hu\/koszonetek\/\",\"url\":\"https:\/\/www.uveghaz.org\/hu\/koszonetek\/\",\"name\":\"K\u00f6sz\u00f6netek - Glass House\",\"isPartOf\":{\"@id\":\"https:\/\/www.uveghaz.org\/hu\/#website\"},\"primaryImageOfPage\":{\"@id\":\"https:\/\/www.uveghaz.org\/hu\/koszonetek\/#primaryimage\"},\"image\":{\"@id\":\"https:\/\/www.uveghaz.org\/hu\/koszonetek\/#primaryimage\"},\"thumbnailUrl\":\"https:\/\/www.uveghaz.org\/wp-content\/uploads\/2025\/07\/Uveghaz-Credits.webp\",\"datePublished\":\"2025-07-15T11:40:14+00:00\",\"dateModified\":\"2025-07-23T11:14:37+00:00\",\"breadcrumb\":{\"@id\":\"https:\/\/www.uveghaz.org\/hu\/koszonetek\/#breadcrumb\"},\"inLanguage\":\"hu\",\"potentialAction\":[{\"@type\":\"ReadAction\",\"target\":[\"https:\/\/www.uveghaz.org\/hu\/koszonetek\/\"]}]},{\"@type\":\"ImageObject\",\"inLanguage\":\"hu\",\"@id\":\"https:\/\/www.uveghaz.org\/hu\/koszonetek\/#primaryimage\",\"url\":\"https:\/\/www.uveghaz.org\/wp-content\/uploads\/2025\/07\/Uveghaz-Credits.webp\",\"contentUrl\":\"https:\/\/www.uveghaz.org\/wp-content\/uploads\/2025\/07\/Uveghaz-Credits.webp\",\"width\":1920,\"height\":340},{\"@type\":\"BreadcrumbList\",\"@id\":\"https:\/\/www.uveghaz.org\/hu\/koszonetek\/#breadcrumb\",\"itemListElement\":[{\"@type\":\"ListItem\",\"position\":1,\"name\":\"Home\",\"item\":\"https:\/\/www.uveghaz.org\/hu\/\"},{\"@type\":\"ListItem\",\"position\":2,\"name\":\"K\u00f6sz\u00f6netek\"}]},{\"@type\":\"WebSite\",\"@id\":\"https:\/\/www.uveghaz.org\/hu\/#website\",\"url\":\"https:\/\/www.uveghaz.org\/hu\/\",\"name\":\"Glass House\",\"description\":\"\",\"publisher\":{\"@id\":\"https:\/\/www.uveghaz.org\/hu\/#organization\"},\"potentialAction\":[{\"@type\":\"SearchAction\",\"target\":{\"@type\":\"EntryPoint\",\"urlTemplate\":\"https:\/\/www.uveghaz.org\/hu\/?s={search_term_string}\"},\"query-input\":{\"@type\":\"PropertyValueSpecification\",\"valueRequired\":true,\"valueName\":\"search_term_string\"}}],\"inLanguage\":\"hu\"},{\"@type\":\"Organization\",\"@id\":\"https:\/\/www.uveghaz.org\/hu\/#organization\",\"name\":\"Glass House\",\"url\":\"https:\/\/www.uveghaz.org\/hu\/\",\"logo\":{\"@type\":\"ImageObject\",\"inLanguage\":\"hu\",\"@id\":\"https:\/\/www.uveghaz.org\/hu\/#\/schema\/logo\/image\/\",\"url\":\"https:\/\/www.uveghaz.org\/wp-content\/uploads\/2025\/07\/logo_glass.png\",\"contentUrl\":\"https:\/\/www.uveghaz.org\/wp-content\/uploads\/2025\/07\/logo_glass.png\",\"width\":217,\"height\":79,\"caption\":\"Glass House\"},\"image\":{\"@id\":\"https:\/\/www.uveghaz.org\/hu\/#\/schema\/logo\/image\/\"}}]}<\/script>\n<!-- \/ Yoast SEO plugin. -->","yoast_head_json":{"title":"K\u00f6sz\u00f6netek - Glass House","robots":{"index":"index","follow":"follow","max-snippet":"max-snippet:-1","max-image-preview":"max-image-preview:large","max-video-preview":"max-video-preview:-1"},"canonical":"https:\/\/www.uveghaz.org\/hu\/koszonetek\/","og_locale":"hu_HU","og_type":"article","og_title":"K\u00f6sz\u00f6netek - Glass House","og_description":"Carl Lutz Alapitv\u00e1ny Budapest kifejezi k\u00f6sz\u00f6net\u00e9t a tervez\u0151knek, a kivitelez\u0151knek, a k\u00f6zrem\u0171k\u00f6d\u0151knek az \u00dcvegh\u00e1z honlapja el\u0151k\u00e9szit\u00e9s\u00e9ben: Eli Shavit Eli Netzer Joszi Gonda Rozi-Studi\u00f3 tervez\u0151 Upsite- honlap el\u0151k\u00e9szit\u0151 Mauer Klimes \u00c1kos Sz\u0171cs L\u00e1szl\u00f3 Matos Lilla Seljan Mark Efroni k\u00f3rus Maya Shavit SHMUILIK KATZ Lennie Fritsch","og_url":"https:\/\/www.uveghaz.org\/hu\/koszonetek\/","og_site_name":"Glass House","article_modified_time":"2025-07-23T11:14:37+00:00","og_image":[{"width":1920,"height":340,"url":"https:\/\/www.uveghaz.org\/wp-content\/uploads\/2025\/07\/Uveghaz-Credits.webp","type":"image\/webp"}],"twitter_card":"summary_large_image","twitter_misc":{"Becs\u00fclt olvas\u00e1si id\u0151":"1 perc"},"schema":{"@context":"https:\/\/schema.org","@graph":[{"@type":"WebPage","@id":"https:\/\/www.uveghaz.org\/hu\/koszonetek\/","url":"https:\/\/www.uveghaz.org\/hu\/koszonetek\/","name":"K\u00f6sz\u00f6netek - Glass House","isPartOf":{"@id":"https:\/\/www.uveghaz.org\/hu\/#website"},"primaryImageOfPage":{"@id":"https:\/\/www.uveghaz.org\/hu\/koszonetek\/#primaryimage"},"image":{"@id":"https:\/\/www.uveghaz.org\/hu\/koszonetek\/#primaryimage"},"thumbnailUrl":"https:\/\/www.uveghaz.org\/wp-content\/uploads\/2025\/07\/Uveghaz-Credits.webp","datePublished":"2025-07-15T11:40:14+00:00","dateModified":"2025-07-23T11:14:37+00:00","breadcrumb":{"@id":"https:\/\/www.uveghaz.org\/hu\/koszonetek\/#breadcrumb"},"inLanguage":"hu","potentialAction":[{"@type":"ReadAction","target":["https:\/\/www.uveghaz.org\/hu\/koszonetek\/"]}]},{"@type":"ImageObject","inLanguage":"hu","@id":"https:\/\/www.uveghaz.org\/hu\/koszonetek\/#primaryimage","url":"https:\/\/www.uveghaz.org\/wp-content\/uploads\/2025\/07\/Uveghaz-Credits.webp","contentUrl":"https:\/\/www.uveghaz.org\/wp-content\/uploads\/2025\/07\/Uveghaz-Credits.webp","width":1920,"height":340},{"@type":"BreadcrumbList","@id":"https:\/\/www.uveghaz.org\/hu\/koszonetek\/#breadcrumb","itemListElement":[{"@type":"ListItem","position":1,"name":"Home","item":"https:\/\/www.uveghaz.org\/hu\/"},{"@type":"ListItem","position":2,"name":"K\u00f6sz\u00f6netek"}]},{"@type":"WebSite","@id":"https:\/\/www.uveghaz.org\/hu\/#website","url":"https:\/\/www.uveghaz.org\/hu\/","name":"Glass House","description":"","publisher":{"@id":"https:\/\/www.uveghaz.org\/hu\/#organization"},"potentialAction":[{"@type":"SearchAction","target":{"@type":"EntryPoint","urlTemplate":"https:\/\/www.uveghaz.org\/hu\/?s={search_term_string}"},"query-input":{"@type":"PropertyValueSpecification","valueRequired":true,"valueName":"search_term_string"}}],"inLanguage":"hu"},{"@type":"Organization","@id":"https:\/\/www.uveghaz.org\/hu\/#organization","name":"Glass House","url":"https:\/\/www.uveghaz.org\/hu\/","logo":{"@type":"ImageObject","inLanguage":"hu","@id":"https:\/\/www.uveghaz.org\/hu\/#\/schema\/logo\/image\/","url":"https:\/\/www.uveghaz.org\/wp-content\/uploads\/2025\/07\/logo_glass.png","contentUrl":"https:\/\/www.uveghaz.org\/wp-content\/uploads\/2025\/07\/logo_glass.png","width":217,"height":79,"caption":"Glass House"},"image":{"@id":"https:\/\/www.uveghaz.org\/hu\/#\/schema\/logo\/image\/"}}]}},"_links":{"self":[{"href":"https:\/\/www.uveghaz.org\/hu\/wp-json\/wp\/v2\/pages\/494","targetHints":{"allow":["GET"]}}],"collection":[{"href":"https:\/\/www.uveghaz.org\/hu\/wp-json\/wp\/v2\/pages"}],"about":[{"href":"https:\/\/www.uveghaz.org\/hu\/wp-json\/wp\/v2\/types\/page"}],"author":[{"embeddable":true,"href":"https:\/\/www.uveghaz.org\/hu\/wp-json\/wp\/v2\/users\/1"}],"replies":[{"embeddable":true,"href":"https:\/\/www.uveghaz.org\/hu\/wp-json\/wp\/v2\/comments?post=494"}],"version-history":[{"count":2,"href":"https:\/\/www.uveghaz.org\/hu\/wp-json\/wp\/v2\/pages\/494\/revisions"}],"predecessor-version":[{"id":609,"href":"https:\/\/www.uveghaz.org\/hu\/wp-json\/wp\/v2\/pages\/494\/revisions\/609"}],"wp:featuredmedia":[{"embeddable":true,"href":"https:\/\/www.uveghaz.org\/hu\/wp-json\/wp\/v2\/media\/417"}],"wp:attachment":[{"href":"https:\/\/www.uveghaz.org\/hu\/wp-json\/wp\/v2\/media?parent=494"}],"curies":[{"name":"wp","href":"https:\/\/api.w.org\/{rel}","templated":true}]}}