{"id":496,"date":"2025-07-15T11:39:27","date_gmt":"2025-07-15T11:39:27","guid":{"rendered":"https:\/\/www.uveghaz.org\/%d7%a7%d7%a9%d7%a8\/"},"modified":"2026-02-22T12:15:14","modified_gmt":"2026-02-22T12:15:14","slug":"kapcsolat","status":"publish","type":"page","link":"https:\/\/www.uveghaz.org\/hu\/kapcsolat\/","title":{"rendered":"Kapcsolat"},"content":{"rendered":"\t\t<div data-elementor-type=\"wp-page\" data-elementor-id=\"496\" class=\"elementor elementor-496 elementor-52\" data-elementor-post-type=\"page\">\n\t\t\t\t<div class=\"elementor-element elementor-element-0796573 e-flex e-con-boxed e-con e-parent\" data-id=\"0796573\" data-element_type=\"container\">\n\t\t\t\t\t<div class=\"e-con-inner\">\n\t\t\t\t<div class=\"elementor-element elementor-element-287e882 elementor-widget elementor-widget-text-editor\" data-id=\"287e882\" data-element_type=\"widget\" data-widget_type=\"text-editor.default\">\n\t\t\t\t\t\t\t\t\t<p>Kapcsolat az alap\u00edtv\u00e1nnyal<\/p><p>E mail:\u00a0<a href=\"mailto: miklosszedo@gmail.com\">miklosszedo@gmail.com<\/a><\/p><p>phone: +36-30-952-1695<\/p><p>Postac\u00edm:<br \/>Carl Lutz Alapitv\u00e1ny<br \/>Malomker\u00e9k utca 1 3\\8<br \/>1031<br \/>Budapest<br \/>Hungary<\/p>\t\t\t\t\t\t\t\t<\/div>\n\t\t\t\t<div class=\"elementor-element elementor-element-b06b1f8 elementor-button-align-stretch elementor-widget elementor-widget-form\" data-id=\"b06b1f8\" data-element_type=\"widget\" data-settings=\"{&quot;button_width&quot;:&quot;33&quot;,&quot;step_next_label&quot;:&quot;\\u05d4\\u05d1\\u05d0&quot;,&quot;step_previous_label&quot;:&quot;\\u05d4\\u05e7\\u05d5\\u05d3\\u05dd&quot;,&quot;step_type&quot;:&quot;number_text&quot;,&quot;step_icon_shape&quot;:&quot;circle&quot;}\" data-widget_type=\"form.default\">\n\t\t\t\t\t\t\t<form class=\"elementor-form\" method=\"post\" name=\"Kapcsolat\" aria-label=\"Kapcsolat\">\n\t\t\t<input type=\"hidden\" name=\"post_id\" value=\"496\"\/>\n\t\t\t<input type=\"hidden\" name=\"form_id\" value=\"b06b1f8\"\/>\n\t\t\t<input type=\"hidden\" name=\"referer_title\" value=\"Glass House\" \/>\n\n\t\t\t\n\t\t\t<div class=\"elementor-form-fields-wrapper elementor-labels-above\">\n\t\t\t\t\t\t\t\t<div class=\"elementor-field-type-text elementor-field-group elementor-column elementor-field-group-name elementor-col-50 elementor-sm-100 elementor-field-required elementor-mark-required\">\n\t\t\t\t\t\t\t\t\t\t\t\t<label for=\"form-field-name\" class=\"elementor-field-label\">\n\t\t\t\t\t\t\t\tName\t\t\t\t\t\t\t<\/label>\n\t\t\t\t\t\t\t\t\t\t\t\t\t\t<input size=\"1\" type=\"text\" name=\"form_fields[name]\" id=\"form-field-name\" class=\"elementor-field elementor-size-md  elementor-field-textual\" required=\"required\">\n\t\t\t\t\t\t\t\t\t\t\t<\/div>\n\t\t\t\t\t\t\t\t<div class=\"elementor-field-type-text elementor-field-group elementor-column elementor-field-group-field_db5d119 elementor-col-50\">\n\t\t\t\t\t\t\t\t\t\t\t\t<label for=\"form-field-field_db5d119\" class=\"elementor-field-label\">\n\t\t\t\t\t\t\t\tCompany\t\t\t\t\t\t\t<\/label>\n\t\t\t\t\t\t\t\t\t\t\t\t\t\t<input size=\"1\" type=\"text\" name=\"form_fields[field_db5d119]\" id=\"form-field-field_db5d119\" class=\"elementor-field elementor-size-md  elementor-field-textual\">\n\t\t\t\t\t\t\t\t\t\t\t<\/div>\n\t\t\t\t\t\t\t\t<div class=\"elementor-field-type-text elementor-field-group elementor-column elementor-field-group-field_d0f482c elementor-col-50\">\n\t\t\t\t\t\t\t\t\t\t\t\t<label for=\"form-field-field_d0f482c\" class=\"elementor-field-label\">\n\t\t\t\t\t\t\t\tAddress\t\t\t\t\t\t\t<\/label>\n\t\t\t\t\t\t\t\t\t\t\t\t\t\t<input size=\"1\" type=\"text\" name=\"form_fields[field_d0f482c]\" id=\"form-field-field_d0f482c\" class=\"elementor-field elementor-size-md  elementor-field-textual\">\n\t\t\t\t\t\t\t\t\t\t\t<\/div>\n\t\t\t\t\t\t\t\t<div class=\"elementor-field-type-text elementor-field-group elementor-column elementor-field-group-field_6f8accc elementor-col-50\">\n\t\t\t\t\t\t\t\t\t\t\t\t<label for=\"form-field-field_6f8accc\" class=\"elementor-field-label\">\n\t\t\t\t\t\t\t\tCity\t\t\t\t\t\t\t<\/label>\n\t\t\t\t\t\t\t\t\t\t\t\t\t\t<input size=\"1\" type=\"text\" name=\"form_fields[field_6f8accc]\" id=\"form-field-field_6f8accc\" class=\"elementor-field elementor-size-md  elementor-field-textual\">\n\t\t\t\t\t\t\t\t\t\t\t<\/div>\n\t\t\t\t\t\t\t\t<div class=\"elementor-field-type-tel elementor-field-group elementor-column elementor-field-group-field_c88c04e elementor-col-50 elementor-field-required elementor-mark-required\">\n\t\t\t\t\t\t\t\t\t\t\t\t<label for=\"form-field-field_c88c04e\" class=\"elementor-field-label\">\n\t\t\t\t\t\t\t\tPhone Number\t\t\t\t\t\t\t<\/label>\n\t\t\t\t\t\t\t\t<input size=\"1\" type=\"tel\" name=\"form_fields[field_c88c04e]\" id=\"form-field-field_c88c04e\" class=\"elementor-field elementor-size-md  elementor-field-textual\" required=\"required\" pattern=\"[0-9()#&amp;+*-=.]+\" title=\"Only numbers and phone characters (#, -, *, etc) are accepted.\">\n\n\t\t\t\t\t\t<\/div>\n\t\t\t\t\t\t\t\t<div class=\"elementor-field-type-email elementor-field-group elementor-column elementor-field-group-email elementor-col-50 elementor-field-required elementor-mark-required\">\n\t\t\t\t\t\t\t\t\t\t\t\t<label for=\"form-field-email\" class=\"elementor-field-label\">\n\t\t\t\t\t\t\t\tEmail Address\t\t\t\t\t\t\t<\/label>\n\t\t\t\t\t\t\t\t\t\t\t\t\t\t<input size=\"1\" type=\"email\" name=\"form_fields[email]\" id=\"form-field-email\" class=\"elementor-field elementor-size-md  elementor-field-textual\" required=\"required\">\n\t\t\t\t\t\t\t\t\t\t\t<\/div>\n\t\t\t\t\t\t\t\t<div class=\"elementor-field-type-textarea elementor-field-group elementor-column elementor-field-group-message elementor-col-100\">\n\t\t\t\t\t\t\t\t\t\t\t\t<label for=\"form-field-message\" class=\"elementor-field-label\">\n\t\t\t\t\t\t\t\tMessage\t\t\t\t\t\t\t<\/label>\n\t\t\t\t\t\t<textarea class=\"elementor-field-textual elementor-field  elementor-size-md\" name=\"form_fields[message]\" id=\"form-field-message\" rows=\"4\"><\/textarea>\t\t\t\t<\/div>\n\t\t\t\t\t\t\t\t<div class=\"elementor-field-group elementor-column elementor-field-type-submit elementor-col-33 e-form__buttons\">\n\t\t\t\t\t<button class=\"elementor-button elementor-size-sm\" type=\"submit\">\n\t\t\t\t\t\t<span class=\"elementor-button-content-wrapper\">\n\t\t\t\t\t\t\t\t\t\t\t\t\t\t\t\t\t\t\t\t\t\t<span class=\"elementor-button-text\">SEND<\/span>\n\t\t\t\t\t\t\t\t\t\t\t\t\t<\/span>\n\t\t\t\t\t<\/button>\n\t\t\t\t<\/div>\n\t\t\t<\/div>\n\t\t<\/form>\n\t\t\t\t\t\t<\/div>\n\t\t\t\t\t<\/div>\n\t\t\t\t<\/div>\n\t\t\t\t<\/div>\n\t\t","protected":false},"excerpt":{"rendered":"<p>Kapcsolat az alap\u00edtv\u00e1nnyal E mail:\u00a0miklosszedo@gmail.com phone: +36-30-952-1695 Postac\u00edm:Carl Lutz Alapitv\u00e1nyMalomker\u00e9k utca 1 381031BudapestHungary<\/p>\n","protected":false},"author":1,"featured_media":415,"parent":0,"menu_order":110,"comment_status":"closed","ping_status":"closed","template":"","meta":{"_acf_changed":false,"footnotes":""},"class_list":["post-496","page","type-page","status-publish","has-post-thumbnail","hentry"],"acf":[],"yoast_head":"<!-- This site is optimized with the Yoast SEO plugin v25.7 - https:\/\/yoast.com\/wordpress\/plugins\/seo\/ -->\n<title>Kapcsolat - Glass House<\/title>\n<meta name=\"robots\" content=\"index, follow, max-snippet:-1, max-image-preview:large, max-video-preview:-1\" \/>\n<link rel=\"canonical\" href=\"https:\/\/www.uveghaz.org\/hu\/kapcsolat\/\" \/>\n<meta property=\"og:locale\" content=\"hu_HU\" \/>\n<meta property=\"og:type\" content=\"article\" \/>\n<meta property=\"og:title\" content=\"Kapcsolat - Glass House\" \/>\n<meta property=\"og:description\" content=\"Kapcsolat az alap\u00edtv\u00e1nnyal E mail:\u00a0miklosszedo@gmail.com phone: +36-30-952-1695 Postac\u00edm:Carl Lutz Alapitv\u00e1nyMalomker\u00e9k utca 1 381031BudapestHungary\" \/>\n<meta property=\"og:url\" content=\"https:\/\/www.uveghaz.org\/hu\/kapcsolat\/\" \/>\n<meta property=\"og:site_name\" content=\"Glass House\" \/>\n<meta property=\"article:modified_time\" content=\"2026-02-22T12:15:14+00:00\" \/>\n<meta property=\"og:image\" content=\"https:\/\/www.uveghaz.org\/wp-content\/uploads\/2025\/07\/Uveghaz-Contact-Us.webp\" \/>\n\t<meta property=\"og:image:width\" content=\"1920\" \/>\n\t<meta property=\"og:image:height\" content=\"340\" \/>\n\t<meta property=\"og:image:type\" content=\"image\/webp\" \/>\n<meta name=\"twitter:card\" content=\"summary_large_image\" \/>\n<meta name=\"twitter:label1\" content=\"Becs\u00fclt olvas\u00e1si id\u0151\" \/>\n\t<meta name=\"twitter:data1\" content=\"1 perc\" \/>\n<script type=\"application\/ld+json\" class=\"yoast-schema-graph\">{\"@context\":\"https:\/\/schema.org\",\"@graph\":[{\"@type\":\"WebPage\",\"@id\":\"https:\/\/www.uveghaz.org\/hu\/kapcsolat\/\",\"url\":\"https:\/\/www.uveghaz.org\/hu\/kapcsolat\/\",\"name\":\"Kapcsolat - Glass House\",\"isPartOf\":{\"@id\":\"https:\/\/www.uveghaz.org\/hu\/#website\"},\"primaryImageOfPage\":{\"@id\":\"https:\/\/www.uveghaz.org\/hu\/kapcsolat\/#primaryimage\"},\"image\":{\"@id\":\"https:\/\/www.uveghaz.org\/hu\/kapcsolat\/#primaryimage\"},\"thumbnailUrl\":\"https:\/\/www.uveghaz.org\/wp-content\/uploads\/2025\/07\/Uveghaz-Contact-Us.webp\",\"datePublished\":\"2025-07-15T11:39:27+00:00\",\"dateModified\":\"2026-02-22T12:15:14+00:00\",\"breadcrumb\":{\"@id\":\"https:\/\/www.uveghaz.org\/hu\/kapcsolat\/#breadcrumb\"},\"inLanguage\":\"hu\",\"potentialAction\":[{\"@type\":\"ReadAction\",\"target\":[\"https:\/\/www.uveghaz.org\/hu\/kapcsolat\/\"]}]},{\"@type\":\"ImageObject\",\"inLanguage\":\"hu\",\"@id\":\"https:\/\/www.uveghaz.org\/hu\/kapcsolat\/#primaryimage\",\"url\":\"https:\/\/www.uveghaz.org\/wp-content\/uploads\/2025\/07\/Uveghaz-Contact-Us.webp\",\"contentUrl\":\"https:\/\/www.uveghaz.org\/wp-content\/uploads\/2025\/07\/Uveghaz-Contact-Us.webp\",\"width\":1920,\"height\":340},{\"@type\":\"BreadcrumbList\",\"@id\":\"https:\/\/www.uveghaz.org\/hu\/kapcsolat\/#breadcrumb\",\"itemListElement\":[{\"@type\":\"ListItem\",\"position\":1,\"name\":\"Home\",\"item\":\"https:\/\/www.uveghaz.org\/hu\/\"},{\"@type\":\"ListItem\",\"position\":2,\"name\":\"Kapcsolat\"}]},{\"@type\":\"WebSite\",\"@id\":\"https:\/\/www.uveghaz.org\/hu\/#website\",\"url\":\"https:\/\/www.uveghaz.org\/hu\/\",\"name\":\"Glass House\",\"description\":\"\",\"publisher\":{\"@id\":\"https:\/\/www.uveghaz.org\/hu\/#organization\"},\"potentialAction\":[{\"@type\":\"SearchAction\",\"target\":{\"@type\":\"EntryPoint\",\"urlTemplate\":\"https:\/\/www.uveghaz.org\/hu\/?s={search_term_string}\"},\"query-input\":{\"@type\":\"PropertyValueSpecification\",\"valueRequired\":true,\"valueName\":\"search_term_string\"}}],\"inLanguage\":\"hu\"},{\"@type\":\"Organization\",\"@id\":\"https:\/\/www.uveghaz.org\/hu\/#organization\",\"name\":\"Glass House\",\"url\":\"https:\/\/www.uveghaz.org\/hu\/\",\"logo\":{\"@type\":\"ImageObject\",\"inLanguage\":\"hu\",\"@id\":\"https:\/\/www.uveghaz.org\/hu\/#\/schema\/logo\/image\/\",\"url\":\"https:\/\/www.uveghaz.org\/wp-content\/uploads\/2025\/07\/logo_glass.png\",\"contentUrl\":\"https:\/\/www.uveghaz.org\/wp-content\/uploads\/2025\/07\/logo_glass.png\",\"width\":217,\"height\":79,\"caption\":\"Glass House\"},\"image\":{\"@id\":\"https:\/\/www.uveghaz.org\/hu\/#\/schema\/logo\/image\/\"}}]}<\/script>\n<!-- \/ Yoast SEO plugin. -->","yoast_head_json":{"title":"Kapcsolat - Glass House","robots":{"index":"index","follow":"follow","max-snippet":"max-snippet:-1","max-image-preview":"max-image-preview:large","max-video-preview":"max-video-preview:-1"},"canonical":"https:\/\/www.uveghaz.org\/hu\/kapcsolat\/","og_locale":"hu_HU","og_type":"article","og_title":"Kapcsolat - Glass House","og_description":"Kapcsolat az alap\u00edtv\u00e1nnyal E mail:\u00a0miklosszedo@gmail.com phone: +36-30-952-1695 Postac\u00edm:Carl Lutz Alapitv\u00e1nyMalomker\u00e9k utca 1 381031BudapestHungary","og_url":"https:\/\/www.uveghaz.org\/hu\/kapcsolat\/","og_site_name":"Glass House","article_modified_time":"2026-02-22T12:15:14+00:00","og_image":[{"width":1920,"height":340,"url":"https:\/\/www.uveghaz.org\/wp-content\/uploads\/2025\/07\/Uveghaz-Contact-Us.webp","type":"image\/webp"}],"twitter_card":"summary_large_image","twitter_misc":{"Becs\u00fclt olvas\u00e1si id\u0151":"1 perc"},"schema":{"@context":"https:\/\/schema.org","@graph":[{"@type":"WebPage","@id":"https:\/\/www.uveghaz.org\/hu\/kapcsolat\/","url":"https:\/\/www.uveghaz.org\/hu\/kapcsolat\/","name":"Kapcsolat - Glass House","isPartOf":{"@id":"https:\/\/www.uveghaz.org\/hu\/#website"},"primaryImageOfPage":{"@id":"https:\/\/www.uveghaz.org\/hu\/kapcsolat\/#primaryimage"},"image":{"@id":"https:\/\/www.uveghaz.org\/hu\/kapcsolat\/#primaryimage"},"thumbnailUrl":"https:\/\/www.uveghaz.org\/wp-content\/uploads\/2025\/07\/Uveghaz-Contact-Us.webp","datePublished":"2025-07-15T11:39:27+00:00","dateModified":"2026-02-22T12:15:14+00:00","breadcrumb":{"@id":"https:\/\/www.uveghaz.org\/hu\/kapcsolat\/#breadcrumb"},"inLanguage":"hu","potentialAction":[{"@type":"ReadAction","target":["https:\/\/www.uveghaz.org\/hu\/kapcsolat\/"]}]},{"@type":"ImageObject","inLanguage":"hu","@id":"https:\/\/www.uveghaz.org\/hu\/kapcsolat\/#primaryimage","url":"https:\/\/www.uveghaz.org\/wp-content\/uploads\/2025\/07\/Uveghaz-Contact-Us.webp","contentUrl":"https:\/\/www.uveghaz.org\/wp-content\/uploads\/2025\/07\/Uveghaz-Contact-Us.webp","width":1920,"height":340},{"@type":"BreadcrumbList","@id":"https:\/\/www.uveghaz.org\/hu\/kapcsolat\/#breadcrumb","itemListElement":[{"@type":"ListItem","position":1,"name":"Home","item":"https:\/\/www.uveghaz.org\/hu\/"},{"@type":"ListItem","position":2,"name":"Kapcsolat"}]},{"@type":"WebSite","@id":"https:\/\/www.uveghaz.org\/hu\/#website","url":"https:\/\/www.uveghaz.org\/hu\/","name":"Glass House","description":"","publisher":{"@id":"https:\/\/www.uveghaz.org\/hu\/#organization"},"potentialAction":[{"@type":"SearchAction","target":{"@type":"EntryPoint","urlTemplate":"https:\/\/www.uveghaz.org\/hu\/?s={search_term_string}"},"query-input":{"@type":"PropertyValueSpecification","valueRequired":true,"valueName":"search_term_string"}}],"inLanguage":"hu"},{"@type":"Organization","@id":"https:\/\/www.uveghaz.org\/hu\/#organization","name":"Glass House","url":"https:\/\/www.uveghaz.org\/hu\/","logo":{"@type":"ImageObject","inLanguage":"hu","@id":"https:\/\/www.uveghaz.org\/hu\/#\/schema\/logo\/image\/","url":"https:\/\/www.uveghaz.org\/wp-content\/uploads\/2025\/07\/logo_glass.png","contentUrl":"https:\/\/www.uveghaz.org\/wp-content\/uploads\/2025\/07\/logo_glass.png","width":217,"height":79,"caption":"Glass House"},"image":{"@id":"https:\/\/www.uveghaz.org\/hu\/#\/schema\/logo\/image\/"}}]}},"_links":{"self":[{"href":"https:\/\/www.uveghaz.org\/hu\/wp-json\/wp\/v2\/pages\/496","targetHints":{"allow":["GET"]}}],"collection":[{"href":"https:\/\/www.uveghaz.org\/hu\/wp-json\/wp\/v2\/pages"}],"about":[{"href":"https:\/\/www.uveghaz.org\/hu\/wp-json\/wp\/v2\/types\/page"}],"author":[{"embeddable":true,"href":"https:\/\/www.uveghaz.org\/hu\/wp-json\/wp\/v2\/users\/1"}],"replies":[{"embeddable":true,"href":"https:\/\/www.uveghaz.org\/hu\/wp-json\/wp\/v2\/comments?post=496"}],"version-history":[{"count":13,"href":"https:\/\/www.uveghaz.org\/hu\/wp-json\/wp\/v2\/pages\/496\/revisions"}],"predecessor-version":[{"id":808,"href":"https:\/\/www.uveghaz.org\/hu\/wp-json\/wp\/v2\/pages\/496\/revisions\/808"}],"wp:featuredmedia":[{"embeddable":true,"href":"https:\/\/www.uveghaz.org\/hu\/wp-json\/wp\/v2\/media\/415"}],"wp:attachment":[{"href":"https:\/\/www.uveghaz.org\/hu\/wp-json\/wp\/v2\/media?parent=496"}],"curies":[{"name":"wp","href":"https:\/\/api.w.org\/{rel}","templated":true}]}}