{"id":498,"date":"2025-07-15T11:39:03","date_gmt":"2025-07-15T11:39:03","guid":{"rendered":"https:\/\/www.uveghaz.org\/%d7%97%d7%93%d7%a9%d7%95%d7%aa\/"},"modified":"2025-07-23T11:17:21","modified_gmt":"2025-07-23T11:17:21","slug":"az-uveghaz-hirei","status":"publish","type":"page","link":"https:\/\/www.uveghaz.org\/hu\/az-uveghaz-hirei\/","title":{"rendered":"Az \u00dcvegh\u00e1z Hirei"},"content":{"rendered":"<p style=\"font-weight: 400;\">A Carl Lutz Alapitv\u00e1ny hirlevele<\/p>\n<p style=\"font-weight: 400;\">2O11 junius<\/p>\n<p style=\"font-weight: 400;\">\n<p style=\"font-weight: 400;\">A j\u00f6v\u0151ben k\u00e9t h\u00f3naponk\u00e9nt \u00f6sszefoglaljuk az alapitv\u00e1ny tev\u00e9kenys\u00e9g\u00e9t, \u00e9s t\u00e1j\u00e9koztatjuk r\u00f3la bar\u00e1tainkat. Ha hirlev\u00fcnkre ig\u00e9nyt tart, irjon erre az e-mail cimre.<\/p>\n<p style=\"font-weight: 400;\">\n<p style=\"font-weight: 400;\">Az \u00dcvegh\u00e1zban \u00e1lland\u00f3 ki\u00e1llit\u00e1sunk minden nap d\u00e9lut\u00e1n 1-4 \u00f3ra k\u00f6z\u00f6tt l\u00e1togathat\u00f3.<\/p>\n<p style=\"font-weight: 400;\">\n<p style=\"font-weight: 400;\">A Fazekas Gimn\u00e1zium aul\u00e1j\u00e1ban \u00fcnnepi m\u00fcsor keret\u00e9ben megnyitottuk az \u00c9letment\u0151 vizumok cim\u00fc\u00a0\u00a0ki\u00e1llit\u00e1st, amely a Visas for Life anyag\u00e1t kieg\u00e9szitve az 1944-es diplom\u00e1ciai ment\u0151akci\u00f3kra eml\u00e9keztet. A ki\u00e1llit\u00e1s megnyit\u00e1s\u00e1n besz\u00e9det mondott Dr. H\u00f3v\u00e1ri J\u00e1nos, a k\u00fcl\u00fcgyminiszt\u00e9rium helyettes \u00e1llamtitk\u00e1ra, Dr. Bihari P\u00e9ter az iskola t\u00f6rt\u00e9nelemtan\u00e1ra \u00e9s Kucs\u00e1k L\u00e1szl\u00f3, a F\u0151v\u00e1rosi \u00d6nkorm\u00e1nyzat Oktat\u00e1si Bizotts\u00e1g\u00e1nak aleln\u00f6ke, orsz\u00e1ggy\u00fcl\u00e9si k\u00e9pvisel\u0151. A Fazekas Klezmer Band r\u00e9gi zsid\u00f3 dalokat j\u00e1tszott (zenekarvezet\u0151: Jakucs Erika). A ki\u00e1llit\u00e1st \u00f6szt\u0151l\u00a0\u00a0m\u00e1s budapesti k\u00f6z\u00e9piskol\u00e1k mutatj\u00e1k be.<\/p>\n<p style=\"font-weight: 400;\">\n<p style=\"font-weight: 400;\">Alapitv\u00e1nyunk a holokauszt magyarorsz\u00e1gi \u00e1ldozatainak eml\u00e9knapj\u00e1n megeml\u00e9kezett k\u00e9t emberment\u0151 portug\u00e1l diplomat\u00e1r\u00f3l, Sampaio Garrido k\u00f6vet \u00e9s Carlos Branquinho \u00fcgyviv\u0151 tisztelet\u00e9re Budapest 13 ker\u00fcleti \u00f6nkorm\u00e1nyzat\u00e1val k\u00f6z\u00f6sen eml\u00e9kt\u00e1bl\u00e1t \u00e1llitott az \u00dajpesti rakpart 5. sz\u00e1m\u00fa egykori v\u00e9dett h\u00e1z homlokzat\u00e1n.<\/p>\n<p style=\"font-weight: 400;\">\n<p style=\"font-weight: 400;\">A Jerusalem Post \u00e1prilis 28-\u00e1n cikket k\u00f6z\u00f6lt arr\u00f3l, hogy Izraelben egy k\u00f6z\u00f6ss\u00e9g szeretn\u00e9 meg\u00e9piteni az \u00dcvegh\u00e1z m\u00e1solat\u00e1t, hogy abban \u00e1lland\u00f3 ki\u00e1llit\u00e1st rendezzen be a holokauszt magyarorsz\u00e1gi t\u00f6rt\u00e9net\u00e9r\u0151l.<\/p>\n<p style=\"font-weight: 400;\">\n<p style=\"font-weight: 400;\">Elk\u00e9sz\u00fclt az \u00dcvegh\u00e1z rekonstrukci\u00f3j\u00e1t el\u0151k\u00e9szit\u0151 m\u0171v\u00e9szett\u00f6rt\u00e9neti tanulm\u00e1ny. A dokumentum tartalm\u00e1t a m\u0171eml\u00e9kv\u00e9delmi hat\u00f3s\u00e1ggal kell egyeztetni. Ez ut\u00e1n ker\u00fcl sorra az \u00e9pit\u00e9si tervek el\u0151k\u00e9szit\u00e9se, majd annak j\u00f3vahagy\u00e1sa (\u00e9pit\u00e9si enged\u00e9ly) ut\u00e1n majd a kivitelez\u00e9s.<\/p>\n<p style=\"font-weight: 400;\"><a href=\"https:\/\/http\/\/www.jpost.com-JewishWorld-JewishNews-Article.aspx?id=218168\">http:\\\\www.jpost.com-JewishWorld-JewishNews-Article.aspx<\/a><\/p>\n","protected":false},"excerpt":{"rendered":"<p>A Carl Lutz Alapitv\u00e1ny hirlevele 2O11 junius A j\u00f6v\u0151ben k\u00e9t h\u00f3naponk\u00e9nt \u00f6sszefoglaljuk az alapitv\u00e1ny tev\u00e9kenys\u00e9g\u00e9t, \u00e9s t\u00e1j\u00e9koztatjuk r\u00f3la bar\u00e1tainkat. Ha hirlev\u00fcnkre ig\u00e9nyt tart, irjon erre az e-mail cimre. Az \u00dcvegh\u00e1zban \u00e1lland\u00f3 ki\u00e1llit\u00e1sunk minden nap d\u00e9lut\u00e1n 1-4 \u00f3ra k\u00f6z\u00f6tt l\u00e1togathat\u00f3. A Fazekas Gimn\u00e1zium aul\u00e1j\u00e1ban \u00fcnnepi m\u00fcsor keret\u00e9ben megnyitottuk az \u00c9letment\u0151 vizumok cim\u00fc\u00a0\u00a0ki\u00e1llit\u00e1st, amely a Visas for [&hellip;]<\/p>\n","protected":false},"author":1,"featured_media":427,"parent":0,"menu_order":90,"comment_status":"closed","ping_status":"closed","template":"","meta":{"_acf_changed":false,"footnotes":""},"class_list":["post-498","page","type-page","status-publish","has-post-thumbnail","hentry"],"acf":[],"yoast_head":"<!-- This site is optimized with the Yoast SEO plugin v25.7 - https:\/\/yoast.com\/wordpress\/plugins\/seo\/ -->\n<title>Az \u00dcvegh\u00e1z Hirei - Glass House<\/title>\n<meta name=\"robots\" content=\"index, follow, max-snippet:-1, max-image-preview:large, max-video-preview:-1\" \/>\n<link rel=\"canonical\" href=\"https:\/\/www.uveghaz.org\/hu\/az-uveghaz-hirei\/\" \/>\n<meta property=\"og:locale\" content=\"hu_HU\" \/>\n<meta property=\"og:type\" content=\"article\" \/>\n<meta property=\"og:title\" content=\"Az \u00dcvegh\u00e1z Hirei - Glass House\" \/>\n<meta property=\"og:description\" content=\"A Carl Lutz Alapitv\u00e1ny hirlevele 2O11 junius A j\u00f6v\u0151ben k\u00e9t h\u00f3naponk\u00e9nt \u00f6sszefoglaljuk az alapitv\u00e1ny tev\u00e9kenys\u00e9g\u00e9t, \u00e9s t\u00e1j\u00e9koztatjuk r\u00f3la bar\u00e1tainkat. Ha hirlev\u00fcnkre ig\u00e9nyt tart, irjon erre az e-mail cimre. Az \u00dcvegh\u00e1zban \u00e1lland\u00f3 ki\u00e1llit\u00e1sunk minden nap d\u00e9lut\u00e1n 1-4 \u00f3ra k\u00f6z\u00f6tt l\u00e1togathat\u00f3. A Fazekas Gimn\u00e1zium aul\u00e1j\u00e1ban \u00fcnnepi m\u00fcsor keret\u00e9ben megnyitottuk az \u00c9letment\u0151 vizumok cim\u00fc\u00a0\u00a0ki\u00e1llit\u00e1st, amely a Visas for [&hellip;]\" \/>\n<meta property=\"og:url\" content=\"https:\/\/www.uveghaz.org\/hu\/az-uveghaz-hirei\/\" \/>\n<meta property=\"og:site_name\" content=\"Glass House\" \/>\n<meta property=\"article:modified_time\" content=\"2025-07-23T11:17:21+00:00\" \/>\n<meta property=\"og:image\" content=\"https:\/\/www.uveghaz.org\/wp-content\/uploads\/2025\/07\/Uveghaz-News.webp\" \/>\n\t<meta property=\"og:image:width\" content=\"1920\" \/>\n\t<meta property=\"og:image:height\" content=\"340\" \/>\n\t<meta property=\"og:image:type\" content=\"image\/webp\" \/>\n<meta name=\"twitter:card\" content=\"summary_large_image\" \/>\n<meta name=\"twitter:label1\" content=\"Becs\u00fclt olvas\u00e1si id\u0151\" \/>\n\t<meta name=\"twitter:data1\" content=\"2 perc\" \/>\n<script type=\"application\/ld+json\" class=\"yoast-schema-graph\">{\"@context\":\"https:\/\/schema.org\",\"@graph\":[{\"@type\":\"WebPage\",\"@id\":\"https:\/\/www.uveghaz.org\/hu\/az-uveghaz-hirei\/\",\"url\":\"https:\/\/www.uveghaz.org\/hu\/az-uveghaz-hirei\/\",\"name\":\"Az \u00dcvegh\u00e1z Hirei - Glass House\",\"isPartOf\":{\"@id\":\"https:\/\/www.uveghaz.org\/hu\/#website\"},\"primaryImageOfPage\":{\"@id\":\"https:\/\/www.uveghaz.org\/hu\/az-uveghaz-hirei\/#primaryimage\"},\"image\":{\"@id\":\"https:\/\/www.uveghaz.org\/hu\/az-uveghaz-hirei\/#primaryimage\"},\"thumbnailUrl\":\"https:\/\/www.uveghaz.org\/wp-content\/uploads\/2025\/07\/Uveghaz-News.webp\",\"datePublished\":\"2025-07-15T11:39:03+00:00\",\"dateModified\":\"2025-07-23T11:17:21+00:00\",\"breadcrumb\":{\"@id\":\"https:\/\/www.uveghaz.org\/hu\/az-uveghaz-hirei\/#breadcrumb\"},\"inLanguage\":\"hu\",\"potentialAction\":[{\"@type\":\"ReadAction\",\"target\":[\"https:\/\/www.uveghaz.org\/hu\/az-uveghaz-hirei\/\"]}]},{\"@type\":\"ImageObject\",\"inLanguage\":\"hu\",\"@id\":\"https:\/\/www.uveghaz.org\/hu\/az-uveghaz-hirei\/#primaryimage\",\"url\":\"https:\/\/www.uveghaz.org\/wp-content\/uploads\/2025\/07\/Uveghaz-News.webp\",\"contentUrl\":\"https:\/\/www.uveghaz.org\/wp-content\/uploads\/2025\/07\/Uveghaz-News.webp\",\"width\":1920,\"height\":340},{\"@type\":\"BreadcrumbList\",\"@id\":\"https:\/\/www.uveghaz.org\/hu\/az-uveghaz-hirei\/#breadcrumb\",\"itemListElement\":[{\"@type\":\"ListItem\",\"position\":1,\"name\":\"Home\",\"item\":\"https:\/\/www.uveghaz.org\/hu\/\"},{\"@type\":\"ListItem\",\"position\":2,\"name\":\"Az \u00dcvegh\u00e1z Hirei\"}]},{\"@type\":\"WebSite\",\"@id\":\"https:\/\/www.uveghaz.org\/hu\/#website\",\"url\":\"https:\/\/www.uveghaz.org\/hu\/\",\"name\":\"Glass House\",\"description\":\"\",\"publisher\":{\"@id\":\"https:\/\/www.uveghaz.org\/hu\/#organization\"},\"potentialAction\":[{\"@type\":\"SearchAction\",\"target\":{\"@type\":\"EntryPoint\",\"urlTemplate\":\"https:\/\/www.uveghaz.org\/hu\/?s={search_term_string}\"},\"query-input\":{\"@type\":\"PropertyValueSpecification\",\"valueRequired\":true,\"valueName\":\"search_term_string\"}}],\"inLanguage\":\"hu\"},{\"@type\":\"Organization\",\"@id\":\"https:\/\/www.uveghaz.org\/hu\/#organization\",\"name\":\"Glass House\",\"url\":\"https:\/\/www.uveghaz.org\/hu\/\",\"logo\":{\"@type\":\"ImageObject\",\"inLanguage\":\"hu\",\"@id\":\"https:\/\/www.uveghaz.org\/hu\/#\/schema\/logo\/image\/\",\"url\":\"https:\/\/www.uveghaz.org\/wp-content\/uploads\/2025\/07\/logo_glass.png\",\"contentUrl\":\"https:\/\/www.uveghaz.org\/wp-content\/uploads\/2025\/07\/logo_glass.png\",\"width\":217,\"height\":79,\"caption\":\"Glass House\"},\"image\":{\"@id\":\"https:\/\/www.uveghaz.org\/hu\/#\/schema\/logo\/image\/\"}}]}<\/script>\n<!-- \/ Yoast SEO plugin. -->","yoast_head_json":{"title":"Az \u00dcvegh\u00e1z Hirei - Glass House","robots":{"index":"index","follow":"follow","max-snippet":"max-snippet:-1","max-image-preview":"max-image-preview:large","max-video-preview":"max-video-preview:-1"},"canonical":"https:\/\/www.uveghaz.org\/hu\/az-uveghaz-hirei\/","og_locale":"hu_HU","og_type":"article","og_title":"Az \u00dcvegh\u00e1z Hirei - Glass House","og_description":"A Carl Lutz Alapitv\u00e1ny hirlevele 2O11 junius A j\u00f6v\u0151ben k\u00e9t h\u00f3naponk\u00e9nt \u00f6sszefoglaljuk az alapitv\u00e1ny tev\u00e9kenys\u00e9g\u00e9t, \u00e9s t\u00e1j\u00e9koztatjuk r\u00f3la bar\u00e1tainkat. Ha hirlev\u00fcnkre ig\u00e9nyt tart, irjon erre az e-mail cimre. Az \u00dcvegh\u00e1zban \u00e1lland\u00f3 ki\u00e1llit\u00e1sunk minden nap d\u00e9lut\u00e1n 1-4 \u00f3ra k\u00f6z\u00f6tt l\u00e1togathat\u00f3. A Fazekas Gimn\u00e1zium aul\u00e1j\u00e1ban \u00fcnnepi m\u00fcsor keret\u00e9ben megnyitottuk az \u00c9letment\u0151 vizumok cim\u00fc\u00a0\u00a0ki\u00e1llit\u00e1st, amely a Visas for [&hellip;]","og_url":"https:\/\/www.uveghaz.org\/hu\/az-uveghaz-hirei\/","og_site_name":"Glass House","article_modified_time":"2025-07-23T11:17:21+00:00","og_image":[{"width":1920,"height":340,"url":"https:\/\/www.uveghaz.org\/wp-content\/uploads\/2025\/07\/Uveghaz-News.webp","type":"image\/webp"}],"twitter_card":"summary_large_image","twitter_misc":{"Becs\u00fclt olvas\u00e1si id\u0151":"2 perc"},"schema":{"@context":"https:\/\/schema.org","@graph":[{"@type":"WebPage","@id":"https:\/\/www.uveghaz.org\/hu\/az-uveghaz-hirei\/","url":"https:\/\/www.uveghaz.org\/hu\/az-uveghaz-hirei\/","name":"Az \u00dcvegh\u00e1z Hirei - Glass House","isPartOf":{"@id":"https:\/\/www.uveghaz.org\/hu\/#website"},"primaryImageOfPage":{"@id":"https:\/\/www.uveghaz.org\/hu\/az-uveghaz-hirei\/#primaryimage"},"image":{"@id":"https:\/\/www.uveghaz.org\/hu\/az-uveghaz-hirei\/#primaryimage"},"thumbnailUrl":"https:\/\/www.uveghaz.org\/wp-content\/uploads\/2025\/07\/Uveghaz-News.webp","datePublished":"2025-07-15T11:39:03+00:00","dateModified":"2025-07-23T11:17:21+00:00","breadcrumb":{"@id":"https:\/\/www.uveghaz.org\/hu\/az-uveghaz-hirei\/#breadcrumb"},"inLanguage":"hu","potentialAction":[{"@type":"ReadAction","target":["https:\/\/www.uveghaz.org\/hu\/az-uveghaz-hirei\/"]}]},{"@type":"ImageObject","inLanguage":"hu","@id":"https:\/\/www.uveghaz.org\/hu\/az-uveghaz-hirei\/#primaryimage","url":"https:\/\/www.uveghaz.org\/wp-content\/uploads\/2025\/07\/Uveghaz-News.webp","contentUrl":"https:\/\/www.uveghaz.org\/wp-content\/uploads\/2025\/07\/Uveghaz-News.webp","width":1920,"height":340},{"@type":"BreadcrumbList","@id":"https:\/\/www.uveghaz.org\/hu\/az-uveghaz-hirei\/#breadcrumb","itemListElement":[{"@type":"ListItem","position":1,"name":"Home","item":"https:\/\/www.uveghaz.org\/hu\/"},{"@type":"ListItem","position":2,"name":"Az \u00dcvegh\u00e1z Hirei"}]},{"@type":"WebSite","@id":"https:\/\/www.uveghaz.org\/hu\/#website","url":"https:\/\/www.uveghaz.org\/hu\/","name":"Glass House","description":"","publisher":{"@id":"https:\/\/www.uveghaz.org\/hu\/#organization"},"potentialAction":[{"@type":"SearchAction","target":{"@type":"EntryPoint","urlTemplate":"https:\/\/www.uveghaz.org\/hu\/?s={search_term_string}"},"query-input":{"@type":"PropertyValueSpecification","valueRequired":true,"valueName":"search_term_string"}}],"inLanguage":"hu"},{"@type":"Organization","@id":"https:\/\/www.uveghaz.org\/hu\/#organization","name":"Glass House","url":"https:\/\/www.uveghaz.org\/hu\/","logo":{"@type":"ImageObject","inLanguage":"hu","@id":"https:\/\/www.uveghaz.org\/hu\/#\/schema\/logo\/image\/","url":"https:\/\/www.uveghaz.org\/wp-content\/uploads\/2025\/07\/logo_glass.png","contentUrl":"https:\/\/www.uveghaz.org\/wp-content\/uploads\/2025\/07\/logo_glass.png","width":217,"height":79,"caption":"Glass House"},"image":{"@id":"https:\/\/www.uveghaz.org\/hu\/#\/schema\/logo\/image\/"}}]}},"_links":{"self":[{"href":"https:\/\/www.uveghaz.org\/hu\/wp-json\/wp\/v2\/pages\/498","targetHints":{"allow":["GET"]}}],"collection":[{"href":"https:\/\/www.uveghaz.org\/hu\/wp-json\/wp\/v2\/pages"}],"about":[{"href":"https:\/\/www.uveghaz.org\/hu\/wp-json\/wp\/v2\/types\/page"}],"author":[{"embeddable":true,"href":"https:\/\/www.uveghaz.org\/hu\/wp-json\/wp\/v2\/users\/1"}],"replies":[{"embeddable":true,"href":"https:\/\/www.uveghaz.org\/hu\/wp-json\/wp\/v2\/comments?post=498"}],"version-history":[{"count":1,"href":"https:\/\/www.uveghaz.org\/hu\/wp-json\/wp\/v2\/pages\/498\/revisions"}],"predecessor-version":[{"id":611,"href":"https:\/\/www.uveghaz.org\/hu\/wp-json\/wp\/v2\/pages\/498\/revisions\/611"}],"wp:featuredmedia":[{"embeddable":true,"href":"https:\/\/www.uveghaz.org\/hu\/wp-json\/wp\/v2\/media\/427"}],"wp:attachment":[{"href":"https:\/\/www.uveghaz.org\/hu\/wp-json\/wp\/v2\/media?parent=498"}],"curies":[{"name":"wp","href":"https:\/\/api.w.org\/{rel}","templated":true}]}}