{"id":500,"date":"2025-07-15T11:38:38","date_gmt":"2025-07-15T11:38:38","guid":{"rendered":"https:\/\/www.uveghaz.org\/%d7%9c%d7%99%d7%a0%d7%a7%d7%99%d7%9d\/"},"modified":"2025-07-23T11:15:34","modified_gmt":"2025-07-23T11:15:34","slug":"links","status":"publish","type":"page","link":"https:\/\/www.uveghaz.org\/hu\/links\/","title":{"rendered":"Links"},"content":{"rendered":"<p style=\"font-weight: 400;\"><strong>Tov\u00e1bbi tud\u00f3sit\u00e1s az eml\u00e9kszob\u00e1r\u00f3l<\/strong><\/p>\n<p style=\"font-weight: 400;\"><u><a href=\"https:\/\/glasshouseexhibition.wordpress.com\/\">https:\/\/glasshouseexhibition.wordpress.com<\/a><\/u><br \/>\n<a href=\"https:\/\/www.jhappening.com\/event_details.aspx?guid=4e80c6d7-fe9f-4c22-9954-1b17e8bd1340\">www.jhappening.com\/event_details.aspx<\/a><br \/>\n<a href=\"https:\/\/infovilag.hu\/hir-15391-az-uveghaz-az-interneten-ezrek.html\">infovilag.hu\/hir-15391-az-uveghaz-az-interneten-ezrek.html<\/a>\u00a0 (Hungarian)<a href=\"https:\/\/infovilag.hu\/hir-15391-az-uveghaz-az-interneten-ezrek.html\"><br \/>\n<\/a><a href=\"https:\/\/infovilag.hu\/hir-15392-www-uveghaz-org-in-memoriam-carl.html\">infovilag.hu\/hir-15392-www-uveghaz-org-in-memoriam-carl.html<\/a>\u00a0(German)<\/p>\n<p style=\"font-weight: 400;\">\n<strong>Az \u00dcvegh\u00e1z<\/strong><\/p>\n<p style=\"font-weight: 400;\"><a href=\"https:\/\/en.wikipedia.org\/wiki\/Glass_House_(Budapest)\">en.wikipedia.org\/wiki\/Glass_House_(Budapest)<\/a><\/p>\n<p style=\"font-weight: 400;\"><strong>A Holocaustr\u00f3l<\/strong><\/p>\n<p style=\"font-weight: 400;\"><a href=\"https:\/\/www.yadvashem.org\/\">www.yadvashem.org\/<\/a><\/p>\n<p style=\"font-weight: 400;\">Sir Martin Gilbert oldala:\u00a0<a href=\"https:\/\/www.martingilbert.com\/\">www.martingilbert.com<\/a><\/p>\n<p style=\"font-weight: 400;\">Association of Holocaust Organizations:\u00a0<a href=\"https:\/\/www.ahoinfo.org\/\">www.ahoinfo.org<\/a><\/p>\n<p style=\"font-weight: 400;\">WHAT&#8217;S NEW about RAOUL WALLENBERG?:\u00a0<a href=\"https:\/\/www.raoul-wallenberg.asso.fr\/\">www.raoul-wallenberg.asso.fr<\/a><\/p>\n<p style=\"font-weight: 400;\">Generations of the Shoah International:\u00a0<a href=\"https:\/\/www.genshoah.org\/\">www.genshoah.org<\/a><\/p>\n<p style=\"font-weight: 400;\">The Holocaust Chronicle:\u00a0<u><a href=\"https:\/\/www.holocaustchronicle.org\/\">www.holocaustchronicle.org<\/a><\/u><\/p>\n<p style=\"font-weight: 400;\">Az Egyes\u00fclt \u00c1llamok Holokauszt Eml\u00e9km\u00fazeuma:\u00a0<a href=\"https:\/\/www.ushmm.org\/\">www.ushmm.org<\/a><\/p>\n<p style=\"font-weight: 400;\">\n<p style=\"font-weight: 400;\">\n<p style=\"font-weight: 400;\">\n<p style=\"font-weight: 400;\">Hidden Treasure Tours:\u00a0<a href=\"https:\/\/www.jewishbudapest.com\/\">www.jewishbudapest.com<\/a><\/p>\n","protected":false},"excerpt":{"rendered":"<p>Tov\u00e1bbi tud\u00f3sit\u00e1s az eml\u00e9kszob\u00e1r\u00f3l https:\/\/glasshouseexhibition.wordpress.com www.jhappening.com\/event_details.aspx infovilag.hu\/hir-15391-az-uveghaz-az-interneten-ezrek.html\u00a0 (Hungarian) infovilag.hu\/hir-15392-www-uveghaz-org-in-memoriam-carl.html\u00a0(German) Az \u00dcvegh\u00e1z en.wikipedia.org\/wiki\/Glass_House_(Budapest) A Holocaustr\u00f3l www.yadvashem.org\/ Sir Martin Gilbert oldala:\u00a0www.martingilbert.com Association of Holocaust Organizations:\u00a0www.ahoinfo.org WHAT&#8217;S NEW about RAOUL WALLENBERG?:\u00a0www.raoul-wallenberg.asso.fr Generations of the Shoah International:\u00a0www.genshoah.org The Holocaust Chronicle:\u00a0www.holocaustchronicle.org Az Egyes\u00fclt \u00c1llamok Holokauszt Eml\u00e9km\u00fazeuma:\u00a0www.ushmm.org Hidden Treasure Tours:\u00a0www.jewishbudapest.com<\/p>\n","protected":false},"author":1,"featured_media":411,"parent":0,"menu_order":80,"comment_status":"closed","ping_status":"closed","template":"","meta":{"_acf_changed":false,"footnotes":""},"class_list":["post-500","page","type-page","status-publish","has-post-thumbnail","hentry"],"acf":[],"yoast_head":"<!-- This site is optimized with the Yoast SEO plugin v25.7 - https:\/\/yoast.com\/wordpress\/plugins\/seo\/ -->\n<title>Links - Glass House<\/title>\n<meta name=\"robots\" content=\"index, follow, max-snippet:-1, max-image-preview:large, max-video-preview:-1\" \/>\n<link rel=\"canonical\" href=\"https:\/\/www.uveghaz.org\/hu\/links\/\" \/>\n<meta property=\"og:locale\" content=\"hu_HU\" \/>\n<meta property=\"og:type\" content=\"article\" \/>\n<meta property=\"og:title\" content=\"Links - Glass House\" \/>\n<meta property=\"og:description\" content=\"Tov\u00e1bbi tud\u00f3sit\u00e1s az eml\u00e9kszob\u00e1r\u00f3l https:\/\/glasshouseexhibition.wordpress.com www.jhappening.com\/event_details.aspx infovilag.hu\/hir-15391-az-uveghaz-az-interneten-ezrek.html\u00a0 (Hungarian) infovilag.hu\/hir-15392-www-uveghaz-org-in-memoriam-carl.html\u00a0(German) Az \u00dcvegh\u00e1z en.wikipedia.org\/wiki\/Glass_House_(Budapest) A Holocaustr\u00f3l www.yadvashem.org\/ Sir Martin Gilbert oldala:\u00a0www.martingilbert.com Association of Holocaust Organizations:\u00a0www.ahoinfo.org WHAT&#8217;S NEW about RAOUL WALLENBERG?:\u00a0www.raoul-wallenberg.asso.fr Generations of the Shoah International:\u00a0www.genshoah.org The Holocaust Chronicle:\u00a0www.holocaustchronicle.org Az Egyes\u00fclt \u00c1llamok Holokauszt Eml\u00e9km\u00fazeuma:\u00a0www.ushmm.org Hidden Treasure Tours:\u00a0www.jewishbudapest.com\" \/>\n<meta property=\"og:url\" content=\"https:\/\/www.uveghaz.org\/hu\/links\/\" \/>\n<meta property=\"og:site_name\" content=\"Glass House\" \/>\n<meta property=\"article:modified_time\" content=\"2025-07-23T11:15:34+00:00\" \/>\n<meta property=\"og:image\" content=\"https:\/\/www.uveghaz.org\/wp-content\/uploads\/2025\/07\/Uveghaz-About.webp\" \/>\n\t<meta property=\"og:image:width\" content=\"1920\" \/>\n\t<meta property=\"og:image:height\" content=\"341\" \/>\n\t<meta property=\"og:image:type\" content=\"image\/webp\" \/>\n<meta name=\"twitter:card\" content=\"summary_large_image\" \/>\n<meta name=\"twitter:label1\" content=\"Becs\u00fclt olvas\u00e1si id\u0151\" \/>\n\t<meta name=\"twitter:data1\" content=\"1 perc\" \/>\n<script type=\"application\/ld+json\" class=\"yoast-schema-graph\">{\"@context\":\"https:\/\/schema.org\",\"@graph\":[{\"@type\":\"WebPage\",\"@id\":\"https:\/\/www.uveghaz.org\/hu\/links\/\",\"url\":\"https:\/\/www.uveghaz.org\/hu\/links\/\",\"name\":\"Links - Glass House\",\"isPartOf\":{\"@id\":\"https:\/\/www.uveghaz.org\/hu\/#website\"},\"primaryImageOfPage\":{\"@id\":\"https:\/\/www.uveghaz.org\/hu\/links\/#primaryimage\"},\"image\":{\"@id\":\"https:\/\/www.uveghaz.org\/hu\/links\/#primaryimage\"},\"thumbnailUrl\":\"https:\/\/www.uveghaz.org\/wp-content\/uploads\/2025\/07\/Uveghaz-About.webp\",\"datePublished\":\"2025-07-15T11:38:38+00:00\",\"dateModified\":\"2025-07-23T11:15:34+00:00\",\"breadcrumb\":{\"@id\":\"https:\/\/www.uveghaz.org\/hu\/links\/#breadcrumb\"},\"inLanguage\":\"hu\",\"potentialAction\":[{\"@type\":\"ReadAction\",\"target\":[\"https:\/\/www.uveghaz.org\/hu\/links\/\"]}]},{\"@type\":\"ImageObject\",\"inLanguage\":\"hu\",\"@id\":\"https:\/\/www.uveghaz.org\/hu\/links\/#primaryimage\",\"url\":\"https:\/\/www.uveghaz.org\/wp-content\/uploads\/2025\/07\/Uveghaz-About.webp\",\"contentUrl\":\"https:\/\/www.uveghaz.org\/wp-content\/uploads\/2025\/07\/Uveghaz-About.webp\",\"width\":1920,\"height\":341},{\"@type\":\"BreadcrumbList\",\"@id\":\"https:\/\/www.uveghaz.org\/hu\/links\/#breadcrumb\",\"itemListElement\":[{\"@type\":\"ListItem\",\"position\":1,\"name\":\"Home\",\"item\":\"https:\/\/www.uveghaz.org\/hu\/\"},{\"@type\":\"ListItem\",\"position\":2,\"name\":\"Links\"}]},{\"@type\":\"WebSite\",\"@id\":\"https:\/\/www.uveghaz.org\/hu\/#website\",\"url\":\"https:\/\/www.uveghaz.org\/hu\/\",\"name\":\"Glass House\",\"description\":\"\",\"publisher\":{\"@id\":\"https:\/\/www.uveghaz.org\/hu\/#organization\"},\"potentialAction\":[{\"@type\":\"SearchAction\",\"target\":{\"@type\":\"EntryPoint\",\"urlTemplate\":\"https:\/\/www.uveghaz.org\/hu\/?s={search_term_string}\"},\"query-input\":{\"@type\":\"PropertyValueSpecification\",\"valueRequired\":true,\"valueName\":\"search_term_string\"}}],\"inLanguage\":\"hu\"},{\"@type\":\"Organization\",\"@id\":\"https:\/\/www.uveghaz.org\/hu\/#organization\",\"name\":\"Glass House\",\"url\":\"https:\/\/www.uveghaz.org\/hu\/\",\"logo\":{\"@type\":\"ImageObject\",\"inLanguage\":\"hu\",\"@id\":\"https:\/\/www.uveghaz.org\/hu\/#\/schema\/logo\/image\/\",\"url\":\"https:\/\/www.uveghaz.org\/wp-content\/uploads\/2025\/07\/logo_glass.png\",\"contentUrl\":\"https:\/\/www.uveghaz.org\/wp-content\/uploads\/2025\/07\/logo_glass.png\",\"width\":217,\"height\":79,\"caption\":\"Glass House\"},\"image\":{\"@id\":\"https:\/\/www.uveghaz.org\/hu\/#\/schema\/logo\/image\/\"}}]}<\/script>\n<!-- \/ Yoast SEO plugin. -->","yoast_head_json":{"title":"Links - Glass House","robots":{"index":"index","follow":"follow","max-snippet":"max-snippet:-1","max-image-preview":"max-image-preview:large","max-video-preview":"max-video-preview:-1"},"canonical":"https:\/\/www.uveghaz.org\/hu\/links\/","og_locale":"hu_HU","og_type":"article","og_title":"Links - Glass House","og_description":"Tov\u00e1bbi tud\u00f3sit\u00e1s az eml\u00e9kszob\u00e1r\u00f3l https:\/\/glasshouseexhibition.wordpress.com www.jhappening.com\/event_details.aspx infovilag.hu\/hir-15391-az-uveghaz-az-interneten-ezrek.html\u00a0 (Hungarian) infovilag.hu\/hir-15392-www-uveghaz-org-in-memoriam-carl.html\u00a0(German) Az \u00dcvegh\u00e1z en.wikipedia.org\/wiki\/Glass_House_(Budapest) A Holocaustr\u00f3l www.yadvashem.org\/ Sir Martin Gilbert oldala:\u00a0www.martingilbert.com Association of Holocaust Organizations:\u00a0www.ahoinfo.org WHAT&#8217;S NEW about RAOUL WALLENBERG?:\u00a0www.raoul-wallenberg.asso.fr Generations of the Shoah International:\u00a0www.genshoah.org The Holocaust Chronicle:\u00a0www.holocaustchronicle.org Az Egyes\u00fclt \u00c1llamok Holokauszt Eml\u00e9km\u00fazeuma:\u00a0www.ushmm.org Hidden Treasure Tours:\u00a0www.jewishbudapest.com","og_url":"https:\/\/www.uveghaz.org\/hu\/links\/","og_site_name":"Glass House","article_modified_time":"2025-07-23T11:15:34+00:00","og_image":[{"width":1920,"height":341,"url":"https:\/\/www.uveghaz.org\/wp-content\/uploads\/2025\/07\/Uveghaz-About.webp","type":"image\/webp"}],"twitter_card":"summary_large_image","twitter_misc":{"Becs\u00fclt olvas\u00e1si id\u0151":"1 perc"},"schema":{"@context":"https:\/\/schema.org","@graph":[{"@type":"WebPage","@id":"https:\/\/www.uveghaz.org\/hu\/links\/","url":"https:\/\/www.uveghaz.org\/hu\/links\/","name":"Links - Glass House","isPartOf":{"@id":"https:\/\/www.uveghaz.org\/hu\/#website"},"primaryImageOfPage":{"@id":"https:\/\/www.uveghaz.org\/hu\/links\/#primaryimage"},"image":{"@id":"https:\/\/www.uveghaz.org\/hu\/links\/#primaryimage"},"thumbnailUrl":"https:\/\/www.uveghaz.org\/wp-content\/uploads\/2025\/07\/Uveghaz-About.webp","datePublished":"2025-07-15T11:38:38+00:00","dateModified":"2025-07-23T11:15:34+00:00","breadcrumb":{"@id":"https:\/\/www.uveghaz.org\/hu\/links\/#breadcrumb"},"inLanguage":"hu","potentialAction":[{"@type":"ReadAction","target":["https:\/\/www.uveghaz.org\/hu\/links\/"]}]},{"@type":"ImageObject","inLanguage":"hu","@id":"https:\/\/www.uveghaz.org\/hu\/links\/#primaryimage","url":"https:\/\/www.uveghaz.org\/wp-content\/uploads\/2025\/07\/Uveghaz-About.webp","contentUrl":"https:\/\/www.uveghaz.org\/wp-content\/uploads\/2025\/07\/Uveghaz-About.webp","width":1920,"height":341},{"@type":"BreadcrumbList","@id":"https:\/\/www.uveghaz.org\/hu\/links\/#breadcrumb","itemListElement":[{"@type":"ListItem","position":1,"name":"Home","item":"https:\/\/www.uveghaz.org\/hu\/"},{"@type":"ListItem","position":2,"name":"Links"}]},{"@type":"WebSite","@id":"https:\/\/www.uveghaz.org\/hu\/#website","url":"https:\/\/www.uveghaz.org\/hu\/","name":"Glass House","description":"","publisher":{"@id":"https:\/\/www.uveghaz.org\/hu\/#organization"},"potentialAction":[{"@type":"SearchAction","target":{"@type":"EntryPoint","urlTemplate":"https:\/\/www.uveghaz.org\/hu\/?s={search_term_string}"},"query-input":{"@type":"PropertyValueSpecification","valueRequired":true,"valueName":"search_term_string"}}],"inLanguage":"hu"},{"@type":"Organization","@id":"https:\/\/www.uveghaz.org\/hu\/#organization","name":"Glass House","url":"https:\/\/www.uveghaz.org\/hu\/","logo":{"@type":"ImageObject","inLanguage":"hu","@id":"https:\/\/www.uveghaz.org\/hu\/#\/schema\/logo\/image\/","url":"https:\/\/www.uveghaz.org\/wp-content\/uploads\/2025\/07\/logo_glass.png","contentUrl":"https:\/\/www.uveghaz.org\/wp-content\/uploads\/2025\/07\/logo_glass.png","width":217,"height":79,"caption":"Glass House"},"image":{"@id":"https:\/\/www.uveghaz.org\/hu\/#\/schema\/logo\/image\/"}}]}},"_links":{"self":[{"href":"https:\/\/www.uveghaz.org\/hu\/wp-json\/wp\/v2\/pages\/500","targetHints":{"allow":["GET"]}}],"collection":[{"href":"https:\/\/www.uveghaz.org\/hu\/wp-json\/wp\/v2\/pages"}],"about":[{"href":"https:\/\/www.uveghaz.org\/hu\/wp-json\/wp\/v2\/types\/page"}],"author":[{"embeddable":true,"href":"https:\/\/www.uveghaz.org\/hu\/wp-json\/wp\/v2\/users\/1"}],"replies":[{"embeddable":true,"href":"https:\/\/www.uveghaz.org\/hu\/wp-json\/wp\/v2\/comments?post=500"}],"version-history":[{"count":3,"href":"https:\/\/www.uveghaz.org\/hu\/wp-json\/wp\/v2\/pages\/500\/revisions"}],"predecessor-version":[{"id":610,"href":"https:\/\/www.uveghaz.org\/hu\/wp-json\/wp\/v2\/pages\/500\/revisions\/610"}],"wp:featuredmedia":[{"embeddable":true,"href":"https:\/\/www.uveghaz.org\/hu\/wp-json\/wp\/v2\/media\/411"}],"wp:attachment":[{"href":"https:\/\/www.uveghaz.org\/hu\/wp-json\/wp\/v2\/media?parent=500"}],"curies":[{"name":"wp","href":"https:\/\/api.w.org\/{rel}","templated":true}]}}