{"id":502,"date":"2025-07-15T11:38:24","date_gmt":"2025-07-15T11:38:24","guid":{"rendered":"https:\/\/www.uveghaz.org\/%d7%a4%d7%a8%d7%a1%d7%95%d7%9e%d7%99%d7%9d\/"},"modified":"2025-07-23T11:13:31","modified_gmt":"2025-07-23T11:13:31","slug":"irodalom","status":"publish","type":"page","link":"https:\/\/www.uveghaz.org\/hu\/irodalom\/","title":{"rendered":"Irodalom"},"content":{"rendered":"<p><strong>Kiadv\u00e1nyok<\/strong><\/p>\n<p>1. Az eml\u00e9kszobai ki\u00e1ll\u00edt\u00e1s katal\u00f3gusa az oltalmat tal\u00e1lt emberek n\u00e9vsor\u00e1val. Magyar, angol, n\u00e9met, francia, h\u00e9ber nyelven. 64 oldal.<br \/>\n(Bor\u00edt\u00f3k f\u00e9nyk\u00e9pe)<\/p>\n<p>2. \u00dcvegsziget. T\u00f6rt\u00e9nelmi antol\u00f3gia. Szerkesztette: V\u00e1mos Gy\u00f6rgy. Makkabi Kiad\u00f3, 2008. Budapest. 450 oldal.<br \/>\n(bor\u00edt\u00f3 f\u00e9nyk\u00e9pe)<\/p>\n<p>3. Theo Tschuy: Becs\u00fclet \u00e9s b\u00e1tors\u00e1g (Well-Press Kiad\u00f3, Miskolc, 2002.)<br \/>\nN\u00e9met, angol, magyar, francia, olasz, szlov\u00e9n nyelven.<br \/>\n(Bor\u00edt\u00f3k f\u00e9nyk\u00e9pe)<\/p>\n<p>4. Alexander Grossman: Nur das Gewissen. Carl Lutz und seine<br \/>\nBudapester Aktion. (Wald (ZH): Im Waldgut, 1986).<\/p>\n<p>(Groszmann S\u00e1ndor): Els\u0151 a lelkiismeret (Budapest: CET, 2003). 52. o.<\/p>\n<p>A felsorolt kiadv\u00e1nyokat az alap\u00edtv\u00e1nyn\u00e1l megrendelheti. K\u00e9r\u00e9sre a p\u00e9ld\u00e1nyokat beszerezz\u00fck, \u00e9s post\u00e1ra adjuk. A bolti \u00e1r \u00e9s a postak\u00f6lts\u00e9g megt\u00e9r\u00edt\u00e9s\u00e9t k\u00e9rj\u00fck, az e feletti adom\u00e1nyokat az alap\u00edtv\u00e1ny sz\u00edvesen fogadja.<\/p>\n<p>Az alap\u00edtv\u00e1ny banksz\u00e1mla sz\u00e1ma:<\/p>\n<p>(F\u00e9nyk\u00e9p az \u00dcvegh\u00e1zzal, illetve a sv\u00e1jci emberment\u0151 akci\u00f3val foglalkoz\u00f3 k\u00f6nyvek bor\u00edt\u00f3ir\u00f3l.)<\/p>\n","protected":false},"excerpt":{"rendered":"<p>Kiadv\u00e1nyok 1. Az eml\u00e9kszobai ki\u00e1ll\u00edt\u00e1s katal\u00f3gusa az oltalmat tal\u00e1lt emberek n\u00e9vsor\u00e1val. Magyar, angol, n\u00e9met, francia, h\u00e9ber nyelven. 64 oldal. (Bor\u00edt\u00f3k f\u00e9nyk\u00e9pe) 2. \u00dcvegsziget. T\u00f6rt\u00e9nelmi antol\u00f3gia. Szerkesztette: V\u00e1mos Gy\u00f6rgy. Makkabi Kiad\u00f3, 2008. Budapest. 450 oldal. (bor\u00edt\u00f3 f\u00e9nyk\u00e9pe) 3. Theo Tschuy: Becs\u00fclet \u00e9s b\u00e1tors\u00e1g (Well-Press Kiad\u00f3, Miskolc, 2002.) N\u00e9met, angol, magyar, francia, olasz, szlov\u00e9n nyelven. (Bor\u00edt\u00f3k f\u00e9nyk\u00e9pe) [&hellip;]<\/p>\n","protected":false},"author":1,"featured_media":411,"parent":0,"menu_order":70,"comment_status":"closed","ping_status":"closed","template":"","meta":{"_acf_changed":false,"footnotes":""},"class_list":["post-502","page","type-page","status-publish","has-post-thumbnail","hentry"],"acf":[],"yoast_head":"<!-- This site is optimized with the Yoast SEO plugin v25.7 - https:\/\/yoast.com\/wordpress\/plugins\/seo\/ -->\n<title>Irodalom - Glass House<\/title>\n<meta name=\"robots\" content=\"index, follow, max-snippet:-1, max-image-preview:large, max-video-preview:-1\" \/>\n<link rel=\"canonical\" href=\"https:\/\/www.uveghaz.org\/hu\/irodalom\/\" \/>\n<meta property=\"og:locale\" content=\"hu_HU\" \/>\n<meta property=\"og:type\" content=\"article\" \/>\n<meta property=\"og:title\" content=\"Irodalom - Glass House\" \/>\n<meta property=\"og:description\" content=\"Kiadv\u00e1nyok 1. Az eml\u00e9kszobai ki\u00e1ll\u00edt\u00e1s katal\u00f3gusa az oltalmat tal\u00e1lt emberek n\u00e9vsor\u00e1val. Magyar, angol, n\u00e9met, francia, h\u00e9ber nyelven. 64 oldal. (Bor\u00edt\u00f3k f\u00e9nyk\u00e9pe) 2. \u00dcvegsziget. T\u00f6rt\u00e9nelmi antol\u00f3gia. Szerkesztette: V\u00e1mos Gy\u00f6rgy. Makkabi Kiad\u00f3, 2008. Budapest. 450 oldal. (bor\u00edt\u00f3 f\u00e9nyk\u00e9pe) 3. Theo Tschuy: Becs\u00fclet \u00e9s b\u00e1tors\u00e1g (Well-Press Kiad\u00f3, Miskolc, 2002.) N\u00e9met, angol, magyar, francia, olasz, szlov\u00e9n nyelven. (Bor\u00edt\u00f3k f\u00e9nyk\u00e9pe) [&hellip;]\" \/>\n<meta property=\"og:url\" content=\"https:\/\/www.uveghaz.org\/hu\/irodalom\/\" \/>\n<meta property=\"og:site_name\" content=\"Glass House\" \/>\n<meta property=\"article:modified_time\" content=\"2025-07-23T11:13:31+00:00\" \/>\n<meta property=\"og:image\" content=\"https:\/\/www.uveghaz.org\/wp-content\/uploads\/2025\/07\/Uveghaz-About.webp\" \/>\n\t<meta property=\"og:image:width\" content=\"1920\" \/>\n\t<meta property=\"og:image:height\" content=\"341\" \/>\n\t<meta property=\"og:image:type\" content=\"image\/webp\" \/>\n<meta name=\"twitter:card\" content=\"summary_large_image\" \/>\n<meta name=\"twitter:label1\" content=\"Becs\u00fclt olvas\u00e1si id\u0151\" \/>\n\t<meta name=\"twitter:data1\" content=\"1 perc\" \/>\n<script type=\"application\/ld+json\" class=\"yoast-schema-graph\">{\"@context\":\"https:\/\/schema.org\",\"@graph\":[{\"@type\":\"WebPage\",\"@id\":\"https:\/\/www.uveghaz.org\/hu\/irodalom\/\",\"url\":\"https:\/\/www.uveghaz.org\/hu\/irodalom\/\",\"name\":\"Irodalom - Glass House\",\"isPartOf\":{\"@id\":\"https:\/\/www.uveghaz.org\/hu\/#website\"},\"primaryImageOfPage\":{\"@id\":\"https:\/\/www.uveghaz.org\/hu\/irodalom\/#primaryimage\"},\"image\":{\"@id\":\"https:\/\/www.uveghaz.org\/hu\/irodalom\/#primaryimage\"},\"thumbnailUrl\":\"https:\/\/www.uveghaz.org\/wp-content\/uploads\/2025\/07\/Uveghaz-About.webp\",\"datePublished\":\"2025-07-15T11:38:24+00:00\",\"dateModified\":\"2025-07-23T11:13:31+00:00\",\"breadcrumb\":{\"@id\":\"https:\/\/www.uveghaz.org\/hu\/irodalom\/#breadcrumb\"},\"inLanguage\":\"hu\",\"potentialAction\":[{\"@type\":\"ReadAction\",\"target\":[\"https:\/\/www.uveghaz.org\/hu\/irodalom\/\"]}]},{\"@type\":\"ImageObject\",\"inLanguage\":\"hu\",\"@id\":\"https:\/\/www.uveghaz.org\/hu\/irodalom\/#primaryimage\",\"url\":\"https:\/\/www.uveghaz.org\/wp-content\/uploads\/2025\/07\/Uveghaz-About.webp\",\"contentUrl\":\"https:\/\/www.uveghaz.org\/wp-content\/uploads\/2025\/07\/Uveghaz-About.webp\",\"width\":1920,\"height\":341},{\"@type\":\"BreadcrumbList\",\"@id\":\"https:\/\/www.uveghaz.org\/hu\/irodalom\/#breadcrumb\",\"itemListElement\":[{\"@type\":\"ListItem\",\"position\":1,\"name\":\"Home\",\"item\":\"https:\/\/www.uveghaz.org\/hu\/\"},{\"@type\":\"ListItem\",\"position\":2,\"name\":\"Irodalom\"}]},{\"@type\":\"WebSite\",\"@id\":\"https:\/\/www.uveghaz.org\/hu\/#website\",\"url\":\"https:\/\/www.uveghaz.org\/hu\/\",\"name\":\"Glass House\",\"description\":\"\",\"publisher\":{\"@id\":\"https:\/\/www.uveghaz.org\/hu\/#organization\"},\"potentialAction\":[{\"@type\":\"SearchAction\",\"target\":{\"@type\":\"EntryPoint\",\"urlTemplate\":\"https:\/\/www.uveghaz.org\/hu\/?s={search_term_string}\"},\"query-input\":{\"@type\":\"PropertyValueSpecification\",\"valueRequired\":true,\"valueName\":\"search_term_string\"}}],\"inLanguage\":\"hu\"},{\"@type\":\"Organization\",\"@id\":\"https:\/\/www.uveghaz.org\/hu\/#organization\",\"name\":\"Glass House\",\"url\":\"https:\/\/www.uveghaz.org\/hu\/\",\"logo\":{\"@type\":\"ImageObject\",\"inLanguage\":\"hu\",\"@id\":\"https:\/\/www.uveghaz.org\/hu\/#\/schema\/logo\/image\/\",\"url\":\"https:\/\/www.uveghaz.org\/wp-content\/uploads\/2025\/07\/logo_glass.png\",\"contentUrl\":\"https:\/\/www.uveghaz.org\/wp-content\/uploads\/2025\/07\/logo_glass.png\",\"width\":217,\"height\":79,\"caption\":\"Glass House\"},\"image\":{\"@id\":\"https:\/\/www.uveghaz.org\/hu\/#\/schema\/logo\/image\/\"}}]}<\/script>\n<!-- \/ Yoast SEO plugin. -->","yoast_head_json":{"title":"Irodalom - Glass House","robots":{"index":"index","follow":"follow","max-snippet":"max-snippet:-1","max-image-preview":"max-image-preview:large","max-video-preview":"max-video-preview:-1"},"canonical":"https:\/\/www.uveghaz.org\/hu\/irodalom\/","og_locale":"hu_HU","og_type":"article","og_title":"Irodalom - Glass House","og_description":"Kiadv\u00e1nyok 1. Az eml\u00e9kszobai ki\u00e1ll\u00edt\u00e1s katal\u00f3gusa az oltalmat tal\u00e1lt emberek n\u00e9vsor\u00e1val. Magyar, angol, n\u00e9met, francia, h\u00e9ber nyelven. 64 oldal. (Bor\u00edt\u00f3k f\u00e9nyk\u00e9pe) 2. \u00dcvegsziget. T\u00f6rt\u00e9nelmi antol\u00f3gia. Szerkesztette: V\u00e1mos Gy\u00f6rgy. Makkabi Kiad\u00f3, 2008. Budapest. 450 oldal. (bor\u00edt\u00f3 f\u00e9nyk\u00e9pe) 3. Theo Tschuy: Becs\u00fclet \u00e9s b\u00e1tors\u00e1g (Well-Press Kiad\u00f3, Miskolc, 2002.) N\u00e9met, angol, magyar, francia, olasz, szlov\u00e9n nyelven. (Bor\u00edt\u00f3k f\u00e9nyk\u00e9pe) [&hellip;]","og_url":"https:\/\/www.uveghaz.org\/hu\/irodalom\/","og_site_name":"Glass House","article_modified_time":"2025-07-23T11:13:31+00:00","og_image":[{"width":1920,"height":341,"url":"https:\/\/www.uveghaz.org\/wp-content\/uploads\/2025\/07\/Uveghaz-About.webp","type":"image\/webp"}],"twitter_card":"summary_large_image","twitter_misc":{"Becs\u00fclt olvas\u00e1si id\u0151":"1 perc"},"schema":{"@context":"https:\/\/schema.org","@graph":[{"@type":"WebPage","@id":"https:\/\/www.uveghaz.org\/hu\/irodalom\/","url":"https:\/\/www.uveghaz.org\/hu\/irodalom\/","name":"Irodalom - Glass House","isPartOf":{"@id":"https:\/\/www.uveghaz.org\/hu\/#website"},"primaryImageOfPage":{"@id":"https:\/\/www.uveghaz.org\/hu\/irodalom\/#primaryimage"},"image":{"@id":"https:\/\/www.uveghaz.org\/hu\/irodalom\/#primaryimage"},"thumbnailUrl":"https:\/\/www.uveghaz.org\/wp-content\/uploads\/2025\/07\/Uveghaz-About.webp","datePublished":"2025-07-15T11:38:24+00:00","dateModified":"2025-07-23T11:13:31+00:00","breadcrumb":{"@id":"https:\/\/www.uveghaz.org\/hu\/irodalom\/#breadcrumb"},"inLanguage":"hu","potentialAction":[{"@type":"ReadAction","target":["https:\/\/www.uveghaz.org\/hu\/irodalom\/"]}]},{"@type":"ImageObject","inLanguage":"hu","@id":"https:\/\/www.uveghaz.org\/hu\/irodalom\/#primaryimage","url":"https:\/\/www.uveghaz.org\/wp-content\/uploads\/2025\/07\/Uveghaz-About.webp","contentUrl":"https:\/\/www.uveghaz.org\/wp-content\/uploads\/2025\/07\/Uveghaz-About.webp","width":1920,"height":341},{"@type":"BreadcrumbList","@id":"https:\/\/www.uveghaz.org\/hu\/irodalom\/#breadcrumb","itemListElement":[{"@type":"ListItem","position":1,"name":"Home","item":"https:\/\/www.uveghaz.org\/hu\/"},{"@type":"ListItem","position":2,"name":"Irodalom"}]},{"@type":"WebSite","@id":"https:\/\/www.uveghaz.org\/hu\/#website","url":"https:\/\/www.uveghaz.org\/hu\/","name":"Glass House","description":"","publisher":{"@id":"https:\/\/www.uveghaz.org\/hu\/#organization"},"potentialAction":[{"@type":"SearchAction","target":{"@type":"EntryPoint","urlTemplate":"https:\/\/www.uveghaz.org\/hu\/?s={search_term_string}"},"query-input":{"@type":"PropertyValueSpecification","valueRequired":true,"valueName":"search_term_string"}}],"inLanguage":"hu"},{"@type":"Organization","@id":"https:\/\/www.uveghaz.org\/hu\/#organization","name":"Glass House","url":"https:\/\/www.uveghaz.org\/hu\/","logo":{"@type":"ImageObject","inLanguage":"hu","@id":"https:\/\/www.uveghaz.org\/hu\/#\/schema\/logo\/image\/","url":"https:\/\/www.uveghaz.org\/wp-content\/uploads\/2025\/07\/logo_glass.png","contentUrl":"https:\/\/www.uveghaz.org\/wp-content\/uploads\/2025\/07\/logo_glass.png","width":217,"height":79,"caption":"Glass House"},"image":{"@id":"https:\/\/www.uveghaz.org\/hu\/#\/schema\/logo\/image\/"}}]}},"_links":{"self":[{"href":"https:\/\/www.uveghaz.org\/hu\/wp-json\/wp\/v2\/pages\/502","targetHints":{"allow":["GET"]}}],"collection":[{"href":"https:\/\/www.uveghaz.org\/hu\/wp-json\/wp\/v2\/pages"}],"about":[{"href":"https:\/\/www.uveghaz.org\/hu\/wp-json\/wp\/v2\/types\/page"}],"author":[{"embeddable":true,"href":"https:\/\/www.uveghaz.org\/hu\/wp-json\/wp\/v2\/users\/1"}],"replies":[{"embeddable":true,"href":"https:\/\/www.uveghaz.org\/hu\/wp-json\/wp\/v2\/comments?post=502"}],"version-history":[{"count":2,"href":"https:\/\/www.uveghaz.org\/hu\/wp-json\/wp\/v2\/pages\/502\/revisions"}],"predecessor-version":[{"id":608,"href":"https:\/\/www.uveghaz.org\/hu\/wp-json\/wp\/v2\/pages\/502\/revisions\/608"}],"wp:featuredmedia":[{"embeddable":true,"href":"https:\/\/www.uveghaz.org\/hu\/wp-json\/wp\/v2\/media\/411"}],"wp:attachment":[{"href":"https:\/\/www.uveghaz.org\/hu\/wp-json\/wp\/v2\/media?parent=502"}],"curies":[{"name":"wp","href":"https:\/\/api.w.org\/{rel}","templated":true}]}}