{"id":508,"date":"2025-07-15T11:15:37","date_gmt":"2025-07-15T11:15:37","guid":{"rendered":"https:\/\/www.uveghaz.org\/%d7%a7%d7%a8%d7%9c-%d7%9c%d7%95%d7%a5\/"},"modified":"2025-07-23T11:08:26","modified_gmt":"2025-07-23T11:08:26","slug":"carl-lutz","status":"publish","type":"page","link":"https:\/\/www.uveghaz.org\/hu\/carl-lutz\/","title":{"rendered":"Carl Lutz"},"content":{"rendered":"<p><strong>1895.\u00a0<\/strong>m\u00e1rcius 30-\u00e1n sz\u00fcletett a sv\u00e1jci Walzenhausenben (Appenzell Kanton)<\/p>\n<p><strong>(1910\u20131913)<\/strong>\u00a0Tanulm\u00e1nyok \u00e9s kereskedelmi gyakorlat egy textilgy\u00e1rban (St. Margrethen)<\/p>\n<p><strong>(1913)\u00a0<\/strong>\u2013 \u00c1ttelep\u00fcl az Egyes\u00fclt \u00c1llamokba<\/p>\n<p><strong>(1913\u20131918)\u00a0<\/strong>\u2013 Munk\u00e1s Granite City-ben (Illinois, USA)<\/p>\n<p><strong>(1918\u20131920)\u00a0<\/strong>\u2013 Tanulm\u00e1nyokat folytat a Central Wesleyan College-ben (Warrenton, Missouri, USA)<\/p>\n<p><strong>(1920)\u00a0<\/strong>\u2013 (j\u00fanius\u2013szeptember): ny\u00e1ri munk\u00e1n levelez\u0151k\u00e9nt dolgozik a washingtoni Sv\u00e1jci K\u00f6vets\u00e9gen.<\/p>\n<p><strong>(1920\u20131926)<\/strong>\u00a0\u2013 A washingtoni Sv\u00e1jci K\u00f6vets\u00e9g tan\u00e1csosa. Beiratkozik a George Washington Egyetem jogi \u00e9s t\u00f6rt\u00e9nelem fakult\u00e1s\u00e1ra.<\/p>\n<p><strong>(1924)\u00a0<\/strong>\u2013 Egyetemi diploma (BA) George Washington Egyetem, Washington D.C.<\/p>\n<p><strong>(1926\u20131934)<\/strong>\u00a0\u2013 A Sv\u00e1jci Konzul\u00e1tus tan\u00e1csosa Philadelphi\u00e1ban \u00e9s St. Louisban.<\/p>\n<p><strong>(1935\u20131941)\u00a0<\/strong>\u2013 Alkonzul Jaff\u00e1ban, a n\u00e9met \u00e9rdekek k\u00e9pviselet\u00e9nek felel\u0151se Tel Avivban.<\/p>\n<p><strong>(1942) \u2013 1945)<\/strong>\u00a0Budapesten, a Sv\u00e1jci K\u00f6vets\u00e9g k\u00fclf\u00f6ldi \u00e9rdekeket k\u00e9pvisel\u0151 oszt\u00e1ly\u00e1nak vezet\u0151je.<\/p>\n<p><strong>(1945\u20131954)<\/strong>\u00a0\u2013 Bern \u00e9s Z\u00fcrich, k\u00fclf\u00f6ldi \u00e9rdekk\u00e9pviseleti munka a Sz\u00f6vets\u00e9gi Politikai Oszt\u00e1lyon.<\/p>\n<p><strong>(1951)\u00a0<\/strong>\u2013 A Luther\u00e1nus Vil\u00e1gsz\u00f6vets\u00e9g k\u00fcl\u00f6nmegb\u00edzottja Izraelben<\/p>\n<p><strong>(1961)<\/strong>\u00a0\u2013 Visszavonul a konzuli szolg\u00e1latt\u00f3l.<\/p>\n<p><strong>1975.\u00a0<\/strong>febru\u00e1r 13-\u00e1n Bernben elhunyt.<\/p>\n<p>(f\u00e9nyk\u00e9pek, link a Carl Lutz honlapra)<\/p>\n","protected":false},"excerpt":{"rendered":"<p>1895.\u00a0m\u00e1rcius 30-\u00e1n sz\u00fcletett a sv\u00e1jci Walzenhausenben (Appenzell Kanton) (1910\u20131913)\u00a0Tanulm\u00e1nyok \u00e9s kereskedelmi gyakorlat egy textilgy\u00e1rban (St. Margrethen) (1913)\u00a0\u2013 \u00c1ttelep\u00fcl az Egyes\u00fclt \u00c1llamokba (1913\u20131918)\u00a0\u2013 Munk\u00e1s Granite City-ben (Illinois, USA) (1918\u20131920)\u00a0\u2013 Tanulm\u00e1nyokat folytat a Central Wesleyan College-ben (Warrenton, Missouri, USA) (1920)\u00a0\u2013 (j\u00fanius\u2013szeptember): ny\u00e1ri munk\u00e1n levelez\u0151k\u00e9nt dolgozik a washingtoni Sv\u00e1jci K\u00f6vets\u00e9gen. (1920\u20131926)\u00a0\u2013 A washingtoni Sv\u00e1jci K\u00f6vets\u00e9g tan\u00e1csosa. Beiratkozik a [&hellip;]<\/p>\n","protected":false},"author":1,"featured_media":413,"parent":0,"menu_order":40,"comment_status":"closed","ping_status":"closed","template":"","meta":{"_acf_changed":false,"footnotes":""},"class_list":["post-508","page","type-page","status-publish","has-post-thumbnail","hentry"],"acf":[],"yoast_head":"<!-- This site is optimized with the Yoast SEO plugin v25.7 - https:\/\/yoast.com\/wordpress\/plugins\/seo\/ -->\n<title>Carl Lutz - Glass House<\/title>\n<meta name=\"robots\" content=\"index, follow, max-snippet:-1, max-image-preview:large, max-video-preview:-1\" \/>\n<link rel=\"canonical\" href=\"https:\/\/www.uveghaz.org\/hu\/carl-lutz\/\" \/>\n<meta property=\"og:locale\" content=\"hu_HU\" \/>\n<meta property=\"og:type\" content=\"article\" \/>\n<meta property=\"og:title\" content=\"Carl Lutz - Glass House\" \/>\n<meta property=\"og:description\" content=\"1895.\u00a0m\u00e1rcius 30-\u00e1n sz\u00fcletett a sv\u00e1jci Walzenhausenben (Appenzell Kanton) (1910\u20131913)\u00a0Tanulm\u00e1nyok \u00e9s kereskedelmi gyakorlat egy textilgy\u00e1rban (St. Margrethen) (1913)\u00a0\u2013 \u00c1ttelep\u00fcl az Egyes\u00fclt \u00c1llamokba (1913\u20131918)\u00a0\u2013 Munk\u00e1s Granite City-ben (Illinois, USA) (1918\u20131920)\u00a0\u2013 Tanulm\u00e1nyokat folytat a Central Wesleyan College-ben (Warrenton, Missouri, USA) (1920)\u00a0\u2013 (j\u00fanius\u2013szeptember): ny\u00e1ri munk\u00e1n levelez\u0151k\u00e9nt dolgozik a washingtoni Sv\u00e1jci K\u00f6vets\u00e9gen. (1920\u20131926)\u00a0\u2013 A washingtoni Sv\u00e1jci K\u00f6vets\u00e9g tan\u00e1csosa. Beiratkozik a [&hellip;]\" \/>\n<meta property=\"og:url\" content=\"https:\/\/www.uveghaz.org\/hu\/carl-lutz\/\" \/>\n<meta property=\"og:site_name\" content=\"Glass House\" \/>\n<meta property=\"article:modified_time\" content=\"2025-07-23T11:08:26+00:00\" \/>\n<meta property=\"og:image\" content=\"https:\/\/www.uveghaz.org\/wp-content\/uploads\/2025\/07\/Uveghaz-carl-lutz.webp\" \/>\n\t<meta property=\"og:image:width\" content=\"1920\" \/>\n\t<meta property=\"og:image:height\" content=\"340\" \/>\n\t<meta property=\"og:image:type\" content=\"image\/webp\" \/>\n<meta name=\"twitter:card\" content=\"summary_large_image\" \/>\n<meta name=\"twitter:label1\" content=\"Becs\u00fclt olvas\u00e1si id\u0151\" \/>\n\t<meta name=\"twitter:data1\" content=\"1 perc\" \/>\n<script type=\"application\/ld+json\" class=\"yoast-schema-graph\">{\"@context\":\"https:\/\/schema.org\",\"@graph\":[{\"@type\":\"WebPage\",\"@id\":\"https:\/\/www.uveghaz.org\/hu\/carl-lutz\/\",\"url\":\"https:\/\/www.uveghaz.org\/hu\/carl-lutz\/\",\"name\":\"Carl Lutz - Glass House\",\"isPartOf\":{\"@id\":\"https:\/\/www.uveghaz.org\/hu\/#website\"},\"primaryImageOfPage\":{\"@id\":\"https:\/\/www.uveghaz.org\/hu\/carl-lutz\/#primaryimage\"},\"image\":{\"@id\":\"https:\/\/www.uveghaz.org\/hu\/carl-lutz\/#primaryimage\"},\"thumbnailUrl\":\"https:\/\/www.uveghaz.org\/wp-content\/uploads\/2025\/07\/Uveghaz-carl-lutz.webp\",\"datePublished\":\"2025-07-15T11:15:37+00:00\",\"dateModified\":\"2025-07-23T11:08:26+00:00\",\"breadcrumb\":{\"@id\":\"https:\/\/www.uveghaz.org\/hu\/carl-lutz\/#breadcrumb\"},\"inLanguage\":\"hu\",\"potentialAction\":[{\"@type\":\"ReadAction\",\"target\":[\"https:\/\/www.uveghaz.org\/hu\/carl-lutz\/\"]}]},{\"@type\":\"ImageObject\",\"inLanguage\":\"hu\",\"@id\":\"https:\/\/www.uveghaz.org\/hu\/carl-lutz\/#primaryimage\",\"url\":\"https:\/\/www.uveghaz.org\/wp-content\/uploads\/2025\/07\/Uveghaz-carl-lutz.webp\",\"contentUrl\":\"https:\/\/www.uveghaz.org\/wp-content\/uploads\/2025\/07\/Uveghaz-carl-lutz.webp\",\"width\":1920,\"height\":340},{\"@type\":\"BreadcrumbList\",\"@id\":\"https:\/\/www.uveghaz.org\/hu\/carl-lutz\/#breadcrumb\",\"itemListElement\":[{\"@type\":\"ListItem\",\"position\":1,\"name\":\"Home\",\"item\":\"https:\/\/www.uveghaz.org\/hu\/\"},{\"@type\":\"ListItem\",\"position\":2,\"name\":\"Carl Lutz\"}]},{\"@type\":\"WebSite\",\"@id\":\"https:\/\/www.uveghaz.org\/hu\/#website\",\"url\":\"https:\/\/www.uveghaz.org\/hu\/\",\"name\":\"Glass House\",\"description\":\"\",\"publisher\":{\"@id\":\"https:\/\/www.uveghaz.org\/hu\/#organization\"},\"potentialAction\":[{\"@type\":\"SearchAction\",\"target\":{\"@type\":\"EntryPoint\",\"urlTemplate\":\"https:\/\/www.uveghaz.org\/hu\/?s={search_term_string}\"},\"query-input\":{\"@type\":\"PropertyValueSpecification\",\"valueRequired\":true,\"valueName\":\"search_term_string\"}}],\"inLanguage\":\"hu\"},{\"@type\":\"Organization\",\"@id\":\"https:\/\/www.uveghaz.org\/hu\/#organization\",\"name\":\"Glass House\",\"url\":\"https:\/\/www.uveghaz.org\/hu\/\",\"logo\":{\"@type\":\"ImageObject\",\"inLanguage\":\"hu\",\"@id\":\"https:\/\/www.uveghaz.org\/hu\/#\/schema\/logo\/image\/\",\"url\":\"https:\/\/www.uveghaz.org\/wp-content\/uploads\/2025\/07\/logo_glass.png\",\"contentUrl\":\"https:\/\/www.uveghaz.org\/wp-content\/uploads\/2025\/07\/logo_glass.png\",\"width\":217,\"height\":79,\"caption\":\"Glass House\"},\"image\":{\"@id\":\"https:\/\/www.uveghaz.org\/hu\/#\/schema\/logo\/image\/\"}}]}<\/script>\n<!-- \/ Yoast SEO plugin. -->","yoast_head_json":{"title":"Carl Lutz - Glass House","robots":{"index":"index","follow":"follow","max-snippet":"max-snippet:-1","max-image-preview":"max-image-preview:large","max-video-preview":"max-video-preview:-1"},"canonical":"https:\/\/www.uveghaz.org\/hu\/carl-lutz\/","og_locale":"hu_HU","og_type":"article","og_title":"Carl Lutz - Glass House","og_description":"1895.\u00a0m\u00e1rcius 30-\u00e1n sz\u00fcletett a sv\u00e1jci Walzenhausenben (Appenzell Kanton) (1910\u20131913)\u00a0Tanulm\u00e1nyok \u00e9s kereskedelmi gyakorlat egy textilgy\u00e1rban (St. Margrethen) (1913)\u00a0\u2013 \u00c1ttelep\u00fcl az Egyes\u00fclt \u00c1llamokba (1913\u20131918)\u00a0\u2013 Munk\u00e1s Granite City-ben (Illinois, USA) (1918\u20131920)\u00a0\u2013 Tanulm\u00e1nyokat folytat a Central Wesleyan College-ben (Warrenton, Missouri, USA) (1920)\u00a0\u2013 (j\u00fanius\u2013szeptember): ny\u00e1ri munk\u00e1n levelez\u0151k\u00e9nt dolgozik a washingtoni Sv\u00e1jci K\u00f6vets\u00e9gen. (1920\u20131926)\u00a0\u2013 A washingtoni Sv\u00e1jci K\u00f6vets\u00e9g tan\u00e1csosa. Beiratkozik a [&hellip;]","og_url":"https:\/\/www.uveghaz.org\/hu\/carl-lutz\/","og_site_name":"Glass House","article_modified_time":"2025-07-23T11:08:26+00:00","og_image":[{"width":1920,"height":340,"url":"https:\/\/www.uveghaz.org\/wp-content\/uploads\/2025\/07\/Uveghaz-carl-lutz.webp","type":"image\/webp"}],"twitter_card":"summary_large_image","twitter_misc":{"Becs\u00fclt olvas\u00e1si id\u0151":"1 perc"},"schema":{"@context":"https:\/\/schema.org","@graph":[{"@type":"WebPage","@id":"https:\/\/www.uveghaz.org\/hu\/carl-lutz\/","url":"https:\/\/www.uveghaz.org\/hu\/carl-lutz\/","name":"Carl Lutz - Glass House","isPartOf":{"@id":"https:\/\/www.uveghaz.org\/hu\/#website"},"primaryImageOfPage":{"@id":"https:\/\/www.uveghaz.org\/hu\/carl-lutz\/#primaryimage"},"image":{"@id":"https:\/\/www.uveghaz.org\/hu\/carl-lutz\/#primaryimage"},"thumbnailUrl":"https:\/\/www.uveghaz.org\/wp-content\/uploads\/2025\/07\/Uveghaz-carl-lutz.webp","datePublished":"2025-07-15T11:15:37+00:00","dateModified":"2025-07-23T11:08:26+00:00","breadcrumb":{"@id":"https:\/\/www.uveghaz.org\/hu\/carl-lutz\/#breadcrumb"},"inLanguage":"hu","potentialAction":[{"@type":"ReadAction","target":["https:\/\/www.uveghaz.org\/hu\/carl-lutz\/"]}]},{"@type":"ImageObject","inLanguage":"hu","@id":"https:\/\/www.uveghaz.org\/hu\/carl-lutz\/#primaryimage","url":"https:\/\/www.uveghaz.org\/wp-content\/uploads\/2025\/07\/Uveghaz-carl-lutz.webp","contentUrl":"https:\/\/www.uveghaz.org\/wp-content\/uploads\/2025\/07\/Uveghaz-carl-lutz.webp","width":1920,"height":340},{"@type":"BreadcrumbList","@id":"https:\/\/www.uveghaz.org\/hu\/carl-lutz\/#breadcrumb","itemListElement":[{"@type":"ListItem","position":1,"name":"Home","item":"https:\/\/www.uveghaz.org\/hu\/"},{"@type":"ListItem","position":2,"name":"Carl Lutz"}]},{"@type":"WebSite","@id":"https:\/\/www.uveghaz.org\/hu\/#website","url":"https:\/\/www.uveghaz.org\/hu\/","name":"Glass House","description":"","publisher":{"@id":"https:\/\/www.uveghaz.org\/hu\/#organization"},"potentialAction":[{"@type":"SearchAction","target":{"@type":"EntryPoint","urlTemplate":"https:\/\/www.uveghaz.org\/hu\/?s={search_term_string}"},"query-input":{"@type":"PropertyValueSpecification","valueRequired":true,"valueName":"search_term_string"}}],"inLanguage":"hu"},{"@type":"Organization","@id":"https:\/\/www.uveghaz.org\/hu\/#organization","name":"Glass House","url":"https:\/\/www.uveghaz.org\/hu\/","logo":{"@type":"ImageObject","inLanguage":"hu","@id":"https:\/\/www.uveghaz.org\/hu\/#\/schema\/logo\/image\/","url":"https:\/\/www.uveghaz.org\/wp-content\/uploads\/2025\/07\/logo_glass.png","contentUrl":"https:\/\/www.uveghaz.org\/wp-content\/uploads\/2025\/07\/logo_glass.png","width":217,"height":79,"caption":"Glass House"},"image":{"@id":"https:\/\/www.uveghaz.org\/hu\/#\/schema\/logo\/image\/"}}]}},"_links":{"self":[{"href":"https:\/\/www.uveghaz.org\/hu\/wp-json\/wp\/v2\/pages\/508","targetHints":{"allow":["GET"]}}],"collection":[{"href":"https:\/\/www.uveghaz.org\/hu\/wp-json\/wp\/v2\/pages"}],"about":[{"href":"https:\/\/www.uveghaz.org\/hu\/wp-json\/wp\/v2\/types\/page"}],"author":[{"embeddable":true,"href":"https:\/\/www.uveghaz.org\/hu\/wp-json\/wp\/v2\/users\/1"}],"replies":[{"embeddable":true,"href":"https:\/\/www.uveghaz.org\/hu\/wp-json\/wp\/v2\/comments?post=508"}],"version-history":[{"count":2,"href":"https:\/\/www.uveghaz.org\/hu\/wp-json\/wp\/v2\/pages\/508\/revisions"}],"predecessor-version":[{"id":605,"href":"https:\/\/www.uveghaz.org\/hu\/wp-json\/wp\/v2\/pages\/508\/revisions\/605"}],"wp:featuredmedia":[{"embeddable":true,"href":"https:\/\/www.uveghaz.org\/hu\/wp-json\/wp\/v2\/media\/413"}],"wp:attachment":[{"href":"https:\/\/www.uveghaz.org\/hu\/wp-json\/wp\/v2\/media?parent=508"}],"curies":[{"name":"wp","href":"https:\/\/api.w.org\/{rel}","templated":true}]}}