{"id":510,"date":"2025-07-15T11:04:12","date_gmt":"2025-07-15T11:04:12","guid":{"rendered":"https:\/\/www.uveghaz.org\/%d7%90%d7%95%d7%93%d7%95%d7%aa\/"},"modified":"2025-07-23T09:49:54","modified_gmt":"2025-07-23T09:49:54","slug":"bemutato","status":"publish","type":"page","link":"https:\/\/www.uveghaz.org\/hu\/bemutato\/","title":{"rendered":"BEMUTAT\u00d3"},"content":{"rendered":"<p><strong>Kedves L\u00e1togat\u00f3!<br \/>\n<\/strong><br \/>\nA Carl Lutz Alap\u00edtv\u00e1ny kurat\u00f3riuma nev\u00e9ben tisztelettel k\u00f6sz\u00f6nt\u00f6m a honlapon, \u00e9s sz\u00edvesen v\u00e1rom a budapesti Vad\u00e1sz utca 29-ben berendezett eml\u00e9kszob\u00e1ba. Ez a h\u00e1z 1944-ben sok ezer ember mened\u00e9khelye, t\u00fal\u00e9l\u00e9s\u00fck kerete, sz\u00ednhelye volt. T\u00f6rt\u00e9net\u00fck epiz\u00f3d a nagy vil\u00e1g\u00e9g\u00e9sben: n\u00e9h\u00e1ny ezer \u00e9let megment\u00e9se sz\u00e1zezrek elhurcol\u00e1sa \u00e9s elpuszt\u00edt\u00e1sa ellen\u00e9ben. Ehhez a helysz\u00ednhez k\u00f6t\u0151dik n\u00e9h\u00e1ny szem\u00e9lynek a helyt\u00e1ll\u00e1sa, akik kezdem\u00e9nyezt\u00e9k, ir\u00e1ny\u00edtott\u00e1k \u00e9s v\u00e9grehajtott\u00e1k az emberment\u00e9st.<br \/>\nA budapesti Carl Lutz Alap\u00edtv\u00e1ny az\u00e9rt j\u00f6tt l\u00e9tre, az\u00e9rt l\u00e9tes\u00edtette az eml\u00e9kszob\u00e1t, hogy a becs\u00fclet \u00e9s a b\u00e1tors\u00e1g, a lelem\u00e9nyes humanizmus egyed\u00fcl\u00e1ll\u00f3an eredm\u00e9nyes p\u00e9ld\u00e1j\u00e1t ne engedje feled\u00e9sbe mer\u00fclni.<\/p>\n<p>Carl Lutz sv\u00e1jci diplomata higgadtan \u00e9s rettenthetetlen\u00fcl t\u00e1rgyalt a magyar korm\u00e1nnyal. Fedelet adott a hivatalosan felsz\u00e1molt Palesztina Hivatal munkat\u00e1rsainak, az \u00dcvegh\u00e1z vezet\u0151 munkat\u00e1rsainak, akik \u00faj meg \u00faj kiv\u00e1ndorl\u00e1si list\u00e1kat \u00edrtak. A cionista fiatalok kihaszn\u00e1lt\u00e1k a hivatalos fedez\u00e9ket, \u00e9s vitt\u00e9k-hozt\u00e1k a val\u00f3di \u00e9s a hamis okm\u00e1nyokat, sz\u00f6ktett\u00e9k az embereket.<\/p>\n<p>A nyilas hatalom\u00e1tv\u00e9tel, 1944. okt\u00f3ber 15. ut\u00e1n az \u00dcvegh\u00e1z volt az egyetlen, t\u00f6r\u00e9keny sziget Budapesten, amely a tombol\u00f3 terror idej\u00e9n legal\u00e1bb viszonylagos biztons\u00e1got ny\u00fajtott az \u00fcld\u00f6z\u00f6tteknek. Elk\u00e9peszt\u0151en sz\u0171k\u00f6s volt az \u00e9let az \u00dcvegh\u00e1zban, igen sok lelem\u00e9nnyel \u00e9s f\u0151k\u00e9nt hat\u00e1rtalan bizakod\u00e1ssal \u00e9ltek itt hetekig, h\u00f3napokig emberek egy-egy pince sark\u00e1ban vagy a padl\u00e1s m\u00e9lyed\u00e9s\u00e9ben. Emitt a nyomor\u00fas\u00e1g iszony\u00fa veszeked\u00e9seket okozott, de amott a fiatalok a h\u00e1bor\u00fa ut\u00e1ni j\u00f6vend\u0151j\u00fckr\u0151l vitatkoztak. A d\u00fch\u00f6k elm\u00faltak, a v\u00e1gy\u00e1lmoknak legfeljebb egy r\u00e9sze val\u00f3sult meg, miut\u00e1n 1945. janu\u00e1r 18-\u00e1n t\u00f6bb mint k\u00e9tezer ember felszabadult az \u00dcvegh\u00e1zban.<\/p>\n<p>Az eml\u00e9kszob\u00e1ban gy\u0171jtj\u00fck, rendszerezz\u00fck, \u00e9s kiadv\u00e1nyainkban lehet\u0151s\u00e9geink szerint k\u00f6zreadjuk az \u00dcvegh\u00e1z \u00e9s a sv\u00e1jci ment\u0151akci\u00f3 t\u00f6rt\u00e9net\u00e9t, az \u00e9p\u00fcletben oltalmat tal\u00e1lt emberek n\u00e9vsor\u00e1t. Sok seg\u00edts\u00e9get kaptunk eddig is a rendelkez\u00e9sre \u00e1ll\u00f3 dokumentumok kieg\u00e9sz\u00edt\u00e9s\u00e9hez. A holokauszt t\u00fal\u00e9l\u0151inek eml\u00e9kezete gyakran a lesz\u00e1rmazottakban, rokonokban, bar\u00e1tokban \u00e9l tov\u00e1bb. K\u00e9rem, hogy a rendelkez\u00e9s\u00fckre \u00e1ll\u00f3 inform\u00e1ci\u00f3kkal, megmaradt irataikkal (vagy azok digitaliz\u00e1lt, illetve f\u00e9nym\u00e1solt v\u00e1ltozataival) legyen seg\u00edts\u00e9g\u00fcnkre a t\u00f6rt\u00e9ntek meg\u00f6r\u00f6k\u00edt\u00e9s\u00e9ben.<\/p>\n<p>V\u00e1mos Gy\u00f6rgy,<br \/>\na Carl Lutz Alap\u00edtv\u00e1ny eln\u00f6ke<\/p>\n","protected":false},"excerpt":{"rendered":"<p>Kedves L\u00e1togat\u00f3! A Carl Lutz Alap\u00edtv\u00e1ny kurat\u00f3riuma nev\u00e9ben tisztelettel k\u00f6sz\u00f6nt\u00f6m a honlapon, \u00e9s sz\u00edvesen v\u00e1rom a budapesti Vad\u00e1sz utca 29-ben berendezett eml\u00e9kszob\u00e1ba. Ez a h\u00e1z 1944-ben sok ezer ember mened\u00e9khelye, t\u00fal\u00e9l\u00e9s\u00fck kerete, sz\u00ednhelye volt. T\u00f6rt\u00e9net\u00fck epiz\u00f3d a nagy vil\u00e1g\u00e9g\u00e9sben: n\u00e9h\u00e1ny ezer \u00e9let megment\u00e9se sz\u00e1zezrek elhurcol\u00e1sa \u00e9s elpuszt\u00edt\u00e1sa ellen\u00e9ben. Ehhez a helysz\u00ednhez k\u00f6t\u0151dik n\u00e9h\u00e1ny szem\u00e9lynek a [&hellip;]<\/p>\n","protected":false},"author":1,"featured_media":411,"parent":0,"menu_order":20,"comment_status":"closed","ping_status":"closed","template":"","meta":{"_acf_changed":false,"footnotes":""},"class_list":["post-510","page","type-page","status-publish","has-post-thumbnail","hentry"],"acf":[],"yoast_head":"<!-- This site is optimized with the Yoast SEO plugin v25.7 - https:\/\/yoast.com\/wordpress\/plugins\/seo\/ -->\n<title>BEMUTAT\u00d3 - Glass House<\/title>\n<meta name=\"robots\" content=\"index, follow, max-snippet:-1, max-image-preview:large, max-video-preview:-1\" \/>\n<link rel=\"canonical\" href=\"https:\/\/www.uveghaz.org\/hu\/bemutato\/\" \/>\n<meta property=\"og:locale\" content=\"hu_HU\" \/>\n<meta property=\"og:type\" content=\"article\" \/>\n<meta property=\"og:title\" content=\"BEMUTAT\u00d3 - Glass House\" \/>\n<meta property=\"og:description\" content=\"Kedves L\u00e1togat\u00f3! A Carl Lutz Alap\u00edtv\u00e1ny kurat\u00f3riuma nev\u00e9ben tisztelettel k\u00f6sz\u00f6nt\u00f6m a honlapon, \u00e9s sz\u00edvesen v\u00e1rom a budapesti Vad\u00e1sz utca 29-ben berendezett eml\u00e9kszob\u00e1ba. Ez a h\u00e1z 1944-ben sok ezer ember mened\u00e9khelye, t\u00fal\u00e9l\u00e9s\u00fck kerete, sz\u00ednhelye volt. T\u00f6rt\u00e9net\u00fck epiz\u00f3d a nagy vil\u00e1g\u00e9g\u00e9sben: n\u00e9h\u00e1ny ezer \u00e9let megment\u00e9se sz\u00e1zezrek elhurcol\u00e1sa \u00e9s elpuszt\u00edt\u00e1sa ellen\u00e9ben. Ehhez a helysz\u00ednhez k\u00f6t\u0151dik n\u00e9h\u00e1ny szem\u00e9lynek a [&hellip;]\" \/>\n<meta property=\"og:url\" content=\"https:\/\/www.uveghaz.org\/hu\/bemutato\/\" \/>\n<meta property=\"og:site_name\" content=\"Glass House\" \/>\n<meta property=\"article:modified_time\" content=\"2025-07-23T09:49:54+00:00\" \/>\n<meta property=\"og:image\" content=\"https:\/\/www.uveghaz.org\/wp-content\/uploads\/2025\/07\/Uveghaz-About.webp\" \/>\n\t<meta property=\"og:image:width\" content=\"1920\" \/>\n\t<meta property=\"og:image:height\" content=\"341\" \/>\n\t<meta property=\"og:image:type\" content=\"image\/webp\" \/>\n<meta name=\"twitter:card\" content=\"summary_large_image\" \/>\n<meta name=\"twitter:label1\" content=\"Becs\u00fclt olvas\u00e1si id\u0151\" \/>\n\t<meta name=\"twitter:data1\" content=\"2 perc\" \/>\n<script type=\"application\/ld+json\" class=\"yoast-schema-graph\">{\"@context\":\"https:\/\/schema.org\",\"@graph\":[{\"@type\":\"WebPage\",\"@id\":\"https:\/\/www.uveghaz.org\/hu\/bemutato\/\",\"url\":\"https:\/\/www.uveghaz.org\/hu\/bemutato\/\",\"name\":\"BEMUTAT\u00d3 - Glass House\",\"isPartOf\":{\"@id\":\"https:\/\/www.uveghaz.org\/hu\/#website\"},\"primaryImageOfPage\":{\"@id\":\"https:\/\/www.uveghaz.org\/hu\/bemutato\/#primaryimage\"},\"image\":{\"@id\":\"https:\/\/www.uveghaz.org\/hu\/bemutato\/#primaryimage\"},\"thumbnailUrl\":\"https:\/\/www.uveghaz.org\/wp-content\/uploads\/2025\/07\/Uveghaz-About.webp\",\"datePublished\":\"2025-07-15T11:04:12+00:00\",\"dateModified\":\"2025-07-23T09:49:54+00:00\",\"breadcrumb\":{\"@id\":\"https:\/\/www.uveghaz.org\/hu\/bemutato\/#breadcrumb\"},\"inLanguage\":\"hu\",\"potentialAction\":[{\"@type\":\"ReadAction\",\"target\":[\"https:\/\/www.uveghaz.org\/hu\/bemutato\/\"]}]},{\"@type\":\"ImageObject\",\"inLanguage\":\"hu\",\"@id\":\"https:\/\/www.uveghaz.org\/hu\/bemutato\/#primaryimage\",\"url\":\"https:\/\/www.uveghaz.org\/wp-content\/uploads\/2025\/07\/Uveghaz-About.webp\",\"contentUrl\":\"https:\/\/www.uveghaz.org\/wp-content\/uploads\/2025\/07\/Uveghaz-About.webp\",\"width\":1920,\"height\":341},{\"@type\":\"BreadcrumbList\",\"@id\":\"https:\/\/www.uveghaz.org\/hu\/bemutato\/#breadcrumb\",\"itemListElement\":[{\"@type\":\"ListItem\",\"position\":1,\"name\":\"Home\",\"item\":\"https:\/\/www.uveghaz.org\/hu\/\"},{\"@type\":\"ListItem\",\"position\":2,\"name\":\"BEMUTAT\u00d3\"}]},{\"@type\":\"WebSite\",\"@id\":\"https:\/\/www.uveghaz.org\/hu\/#website\",\"url\":\"https:\/\/www.uveghaz.org\/hu\/\",\"name\":\"Glass House\",\"description\":\"\",\"publisher\":{\"@id\":\"https:\/\/www.uveghaz.org\/hu\/#organization\"},\"potentialAction\":[{\"@type\":\"SearchAction\",\"target\":{\"@type\":\"EntryPoint\",\"urlTemplate\":\"https:\/\/www.uveghaz.org\/hu\/?s={search_term_string}\"},\"query-input\":{\"@type\":\"PropertyValueSpecification\",\"valueRequired\":true,\"valueName\":\"search_term_string\"}}],\"inLanguage\":\"hu\"},{\"@type\":\"Organization\",\"@id\":\"https:\/\/www.uveghaz.org\/hu\/#organization\",\"name\":\"Glass House\",\"url\":\"https:\/\/www.uveghaz.org\/hu\/\",\"logo\":{\"@type\":\"ImageObject\",\"inLanguage\":\"hu\",\"@id\":\"https:\/\/www.uveghaz.org\/hu\/#\/schema\/logo\/image\/\",\"url\":\"https:\/\/www.uveghaz.org\/wp-content\/uploads\/2025\/07\/logo_glass.png\",\"contentUrl\":\"https:\/\/www.uveghaz.org\/wp-content\/uploads\/2025\/07\/logo_glass.png\",\"width\":217,\"height\":79,\"caption\":\"Glass House\"},\"image\":{\"@id\":\"https:\/\/www.uveghaz.org\/hu\/#\/schema\/logo\/image\/\"}}]}<\/script>\n<!-- \/ Yoast SEO plugin. -->","yoast_head_json":{"title":"BEMUTAT\u00d3 - Glass House","robots":{"index":"index","follow":"follow","max-snippet":"max-snippet:-1","max-image-preview":"max-image-preview:large","max-video-preview":"max-video-preview:-1"},"canonical":"https:\/\/www.uveghaz.org\/hu\/bemutato\/","og_locale":"hu_HU","og_type":"article","og_title":"BEMUTAT\u00d3 - Glass House","og_description":"Kedves L\u00e1togat\u00f3! A Carl Lutz Alap\u00edtv\u00e1ny kurat\u00f3riuma nev\u00e9ben tisztelettel k\u00f6sz\u00f6nt\u00f6m a honlapon, \u00e9s sz\u00edvesen v\u00e1rom a budapesti Vad\u00e1sz utca 29-ben berendezett eml\u00e9kszob\u00e1ba. Ez a h\u00e1z 1944-ben sok ezer ember mened\u00e9khelye, t\u00fal\u00e9l\u00e9s\u00fck kerete, sz\u00ednhelye volt. T\u00f6rt\u00e9net\u00fck epiz\u00f3d a nagy vil\u00e1g\u00e9g\u00e9sben: n\u00e9h\u00e1ny ezer \u00e9let megment\u00e9se sz\u00e1zezrek elhurcol\u00e1sa \u00e9s elpuszt\u00edt\u00e1sa ellen\u00e9ben. Ehhez a helysz\u00ednhez k\u00f6t\u0151dik n\u00e9h\u00e1ny szem\u00e9lynek a [&hellip;]","og_url":"https:\/\/www.uveghaz.org\/hu\/bemutato\/","og_site_name":"Glass House","article_modified_time":"2025-07-23T09:49:54+00:00","og_image":[{"width":1920,"height":341,"url":"https:\/\/www.uveghaz.org\/wp-content\/uploads\/2025\/07\/Uveghaz-About.webp","type":"image\/webp"}],"twitter_card":"summary_large_image","twitter_misc":{"Becs\u00fclt olvas\u00e1si id\u0151":"2 perc"},"schema":{"@context":"https:\/\/schema.org","@graph":[{"@type":"WebPage","@id":"https:\/\/www.uveghaz.org\/hu\/bemutato\/","url":"https:\/\/www.uveghaz.org\/hu\/bemutato\/","name":"BEMUTAT\u00d3 - Glass House","isPartOf":{"@id":"https:\/\/www.uveghaz.org\/hu\/#website"},"primaryImageOfPage":{"@id":"https:\/\/www.uveghaz.org\/hu\/bemutato\/#primaryimage"},"image":{"@id":"https:\/\/www.uveghaz.org\/hu\/bemutato\/#primaryimage"},"thumbnailUrl":"https:\/\/www.uveghaz.org\/wp-content\/uploads\/2025\/07\/Uveghaz-About.webp","datePublished":"2025-07-15T11:04:12+00:00","dateModified":"2025-07-23T09:49:54+00:00","breadcrumb":{"@id":"https:\/\/www.uveghaz.org\/hu\/bemutato\/#breadcrumb"},"inLanguage":"hu","potentialAction":[{"@type":"ReadAction","target":["https:\/\/www.uveghaz.org\/hu\/bemutato\/"]}]},{"@type":"ImageObject","inLanguage":"hu","@id":"https:\/\/www.uveghaz.org\/hu\/bemutato\/#primaryimage","url":"https:\/\/www.uveghaz.org\/wp-content\/uploads\/2025\/07\/Uveghaz-About.webp","contentUrl":"https:\/\/www.uveghaz.org\/wp-content\/uploads\/2025\/07\/Uveghaz-About.webp","width":1920,"height":341},{"@type":"BreadcrumbList","@id":"https:\/\/www.uveghaz.org\/hu\/bemutato\/#breadcrumb","itemListElement":[{"@type":"ListItem","position":1,"name":"Home","item":"https:\/\/www.uveghaz.org\/hu\/"},{"@type":"ListItem","position":2,"name":"BEMUTAT\u00d3"}]},{"@type":"WebSite","@id":"https:\/\/www.uveghaz.org\/hu\/#website","url":"https:\/\/www.uveghaz.org\/hu\/","name":"Glass House","description":"","publisher":{"@id":"https:\/\/www.uveghaz.org\/hu\/#organization"},"potentialAction":[{"@type":"SearchAction","target":{"@type":"EntryPoint","urlTemplate":"https:\/\/www.uveghaz.org\/hu\/?s={search_term_string}"},"query-input":{"@type":"PropertyValueSpecification","valueRequired":true,"valueName":"search_term_string"}}],"inLanguage":"hu"},{"@type":"Organization","@id":"https:\/\/www.uveghaz.org\/hu\/#organization","name":"Glass House","url":"https:\/\/www.uveghaz.org\/hu\/","logo":{"@type":"ImageObject","inLanguage":"hu","@id":"https:\/\/www.uveghaz.org\/hu\/#\/schema\/logo\/image\/","url":"https:\/\/www.uveghaz.org\/wp-content\/uploads\/2025\/07\/logo_glass.png","contentUrl":"https:\/\/www.uveghaz.org\/wp-content\/uploads\/2025\/07\/logo_glass.png","width":217,"height":79,"caption":"Glass House"},"image":{"@id":"https:\/\/www.uveghaz.org\/hu\/#\/schema\/logo\/image\/"}}]}},"_links":{"self":[{"href":"https:\/\/www.uveghaz.org\/hu\/wp-json\/wp\/v2\/pages\/510","targetHints":{"allow":["GET"]}}],"collection":[{"href":"https:\/\/www.uveghaz.org\/hu\/wp-json\/wp\/v2\/pages"}],"about":[{"href":"https:\/\/www.uveghaz.org\/hu\/wp-json\/wp\/v2\/types\/page"}],"author":[{"embeddable":true,"href":"https:\/\/www.uveghaz.org\/hu\/wp-json\/wp\/v2\/users\/1"}],"replies":[{"embeddable":true,"href":"https:\/\/www.uveghaz.org\/hu\/wp-json\/wp\/v2\/comments?post=510"}],"version-history":[{"count":1,"href":"https:\/\/www.uveghaz.org\/hu\/wp-json\/wp\/v2\/pages\/510\/revisions"}],"predecessor-version":[{"id":603,"href":"https:\/\/www.uveghaz.org\/hu\/wp-json\/wp\/v2\/pages\/510\/revisions\/603"}],"wp:featuredmedia":[{"embeddable":true,"href":"https:\/\/www.uveghaz.org\/hu\/wp-json\/wp\/v2\/media\/411"}],"wp:attachment":[{"href":"https:\/\/www.uveghaz.org\/hu\/wp-json\/wp\/v2\/media?parent=510"}],"curies":[{"name":"wp","href":"https:\/\/api.w.org\/{rel}","templated":true}]}}