{"id":512,"date":"2025-07-15T10:57:49","date_gmt":"2025-07-15T10:57:49","guid":{"rendered":"https:\/\/www.uveghaz.org\/%d7%a2%d7%9e%d7%95%d7%93-%d7%94%d7%91%d7%99%d7%aa\/"},"modified":"2025-11-25T19:38:48","modified_gmt":"2025-11-25T19:38:48","slug":"%d7%a2%d7%9e%d7%95%d7%93-%d7%94%d7%91%d7%99%d7%aa","status":"publish","type":"page","link":"https:\/\/www.uveghaz.org\/hu\/","title":{"rendered":"Eml\u00e9kszoba"},"content":{"rendered":"\t\t<div data-elementor-type=\"wp-page\" data-elementor-id=\"512\" class=\"elementor elementor-512 elementor-11\" data-elementor-post-type=\"page\">\n\t\t\t\t<div class=\"elementor-element elementor-element-a329fbf e-con-full e-flex e-con e-parent\" data-id=\"a329fbf\" data-element_type=\"container\">\n\t\t\t\t<div class=\"elementor-element elementor-element-46fbad6 elementor-widget elementor-widget-image-carousel\" data-id=\"46fbad6\" data-element_type=\"widget\" data-settings=\"{&quot;slides_to_show&quot;:&quot;6&quot;,&quot;slides_to_show_laptop&quot;:&quot;4&quot;,&quot;slides_to_show_tablet&quot;:&quot;3&quot;,&quot;slides_to_show_mobile&quot;:&quot;2&quot;,&quot;slides_to_scroll&quot;:&quot;1&quot;,&quot;navigation&quot;:&quot;none&quot;,&quot;autoplay_speed&quot;:0,&quot;speed&quot;:4000,&quot;image_spacing_custom&quot;:{&quot;unit&quot;:&quot;px&quot;,&quot;size&quot;:15,&quot;sizes&quot;:[]},&quot;autoplay&quot;:&quot;yes&quot;,&quot;pause_on_hover&quot;:&quot;yes&quot;,&quot;pause_on_interaction&quot;:&quot;yes&quot;,&quot;infinite&quot;:&quot;yes&quot;,&quot;image_spacing_custom_laptop&quot;:{&quot;unit&quot;:&quot;px&quot;,&quot;size&quot;:&quot;&quot;,&quot;sizes&quot;:[]},&quot;image_spacing_custom_tablet&quot;:{&quot;unit&quot;:&quot;px&quot;,&quot;size&quot;:&quot;&quot;,&quot;sizes&quot;:[]},&quot;image_spacing_custom_mobile&quot;:{&quot;unit&quot;:&quot;px&quot;,&quot;size&quot;:&quot;&quot;,&quot;sizes&quot;:[]}}\" data-widget_type=\"image-carousel.default\">\n\t\t\t\t\t\t\t<div class=\"elementor-image-carousel-wrapper swiper\" role=\"region\" aria-roledescription=\"carousel\" aria-label=\"\u05e7\u05e8\u05d5\u05e1\u05dc\u05ea \u05ea\u05de\u05d5\u05e0\u05d5\u05ea\" dir=\"ltr\">\n\t\t\t<div class=\"elementor-image-carousel swiper-wrapper\" aria-live=\"off\">\n\t\t\t\t\t\t\t\t<div class=\"swiper-slide\" role=\"group\" aria-roledescription=\"slide\" aria-label=\"1 \/ 8\"><figure class=\"swiper-slide-inner\"><img decoding=\"async\" class=\"swiper-slide-image\" src=\"https:\/\/www.uveghaz.org\/wp-content\/uploads\/2025\/07\/HP1.jpg\" alt=\"HP1\" \/><\/figure><\/div><div class=\"swiper-slide\" role=\"group\" aria-roledescription=\"slide\" aria-label=\"2 \/ 8\"><figure class=\"swiper-slide-inner\"><img decoding=\"async\" class=\"swiper-slide-image\" src=\"https:\/\/www.uveghaz.org\/wp-content\/uploads\/2025\/07\/HP2.jpg\" alt=\"HP2\" \/><\/figure><\/div><div class=\"swiper-slide\" role=\"group\" aria-roledescription=\"slide\" aria-label=\"3 \/ 8\"><figure class=\"swiper-slide-inner\"><img decoding=\"async\" class=\"swiper-slide-image\" src=\"https:\/\/www.uveghaz.org\/wp-content\/uploads\/2025\/07\/HP3.jpg\" alt=\"HP3\" \/><\/figure><\/div><div class=\"swiper-slide\" role=\"group\" aria-roledescription=\"slide\" aria-label=\"4 \/ 8\"><figure class=\"swiper-slide-inner\"><img decoding=\"async\" class=\"swiper-slide-image\" src=\"https:\/\/www.uveghaz.org\/wp-content\/uploads\/2025\/07\/HP4.jpg\" alt=\"HP4\" \/><\/figure><\/div><div class=\"swiper-slide\" role=\"group\" aria-roledescription=\"slide\" aria-label=\"5 \/ 8\"><figure class=\"swiper-slide-inner\"><img decoding=\"async\" class=\"swiper-slide-image\" src=\"https:\/\/www.uveghaz.org\/wp-content\/uploads\/2025\/07\/HP5.jpg\" alt=\"HP5\" \/><\/figure><\/div><div class=\"swiper-slide\" role=\"group\" aria-roledescription=\"slide\" aria-label=\"6 \/ 8\"><figure class=\"swiper-slide-inner\"><img decoding=\"async\" class=\"swiper-slide-image\" src=\"https:\/\/www.uveghaz.org\/wp-content\/uploads\/2025\/07\/HP6.jpg\" alt=\"HP6\" \/><\/figure><\/div><div class=\"swiper-slide\" role=\"group\" aria-roledescription=\"slide\" aria-label=\"7 \/ 8\"><figure class=\"swiper-slide-inner\"><img decoding=\"async\" class=\"swiper-slide-image\" src=\"https:\/\/www.uveghaz.org\/wp-content\/uploads\/2025\/07\/HP7.jpg\" alt=\"HP7\" \/><\/figure><\/div><div class=\"swiper-slide\" role=\"group\" aria-roledescription=\"slide\" aria-label=\"8 \/ 8\"><figure class=\"swiper-slide-inner\"><img decoding=\"async\" class=\"swiper-slide-image\" src=\"https:\/\/www.uveghaz.org\/wp-content\/uploads\/2025\/07\/HP8.jpg\" alt=\"HP8\" \/><\/figure><\/div>\t\t\t<\/div>\n\t\t\t\t\t\t\t\n\t\t\t\t\t\t\t\t\t<\/div>\n\t\t\t\t\t\t<\/div>\n\t\t\t\t<\/div>\n\t\t<div class=\"elementor-element elementor-element-2f953dda e-flex e-con-boxed e-con e-parent\" data-id=\"2f953dda\" data-element_type=\"container\">\n\t\t\t\t\t<div class=\"e-con-inner\">\n\t\t<div class=\"elementor-element elementor-element-9d9c89d e-con-full e-flex e-con e-child\" data-id=\"9d9c89d\" data-element_type=\"container\" data-settings=\"{&quot;background_background&quot;:&quot;classic&quot;}\">\n\t\t<div class=\"elementor-element elementor-element-e76acfd e-con-full e-flex e-con e-child\" data-id=\"e76acfd\" data-element_type=\"container\">\n\t\t\t\t<div class=\"elementor-element elementor-element-8fa124d elementor-widget elementor-widget-heading\" data-id=\"8fa124d\" data-element_type=\"widget\" data-widget_type=\"heading.default\">\n\t\t\t\t\t<h1 class=\"elementor-heading-title elementor-size-default\">Carl Lutz Eml\u00e9kszoba<\/h1>\t\t\t\t<\/div>\n\t\t\t\t<div class=\"elementor-element elementor-element-c0073f9 elementor-widget-divider--view-line elementor-widget elementor-widget-divider\" data-id=\"c0073f9\" data-element_type=\"widget\" data-widget_type=\"divider.default\">\n\t\t\t\t\t\t\t<div class=\"elementor-divider\">\n\t\t\t<span class=\"elementor-divider-separator\">\n\t\t\t\t\t\t<\/span>\n\t\t<\/div>\n\t\t\t\t\t\t<\/div>\n\t\t\t\t<div class=\"elementor-element elementor-element-b18167a elementor-widget elementor-widget-heading\" data-id=\"b18167a\" data-element_type=\"widget\" data-widget_type=\"heading.default\">\n\t\t\t\t\t<div class=\"elementor-heading-title elementor-size-default\">Kattints a lej\u00e1tsz\u00e1shoz\n<\/div>\t\t\t\t<\/div>\n\t\t\t\t<div class=\"elementor-element elementor-element-b6c783d elementor-widget elementor-widget-text-editor\" data-id=\"b6c783d\" data-element_type=\"widget\" data-widget_type=\"text-editor.default\">\n\t\t\t\t\t\t\t\t\t<p>A budapesti Vad\u00e1sz utca 29. a m\u00falt sz\u00e1zad harmincas \u00e9veiben \u00e9p\u00fclt Kozma Lajos tervei alapj\u00e1n az \u00e9p\u00edt\u0151ipari \u00fcvegf\u00e9les\u00e9geket forgalmaz\u00f3 Weiss-csal\u00e1d \u00fczleth\u00e1zak\u00e9nt. A zsid\u00f3 tulajdonost a magyar t\u00f6rv\u00e9nyhoz\u00e1s eltiltotta hivat\u00e1sa gyakorl\u00e1s\u00e1t\u00f3l. A kihalt \u00e9p\u00fcletben 1944. j\u00falius 24-\u00e9n ny\u00edlt meg a Sv\u00e1jci K\u00f6vets\u00e9g Idegen\u00e9rdek-k\u00e9pviselet\u00e9nek Kiv\u00e1ndorl\u00e1si Oszt\u00e1lya. Az \u00e9p\u00fclet egykori gar\u00e1zs\u00e1nak hely\u00e9n 2005-ben a Carl Lutz Alap\u00edtv\u00e1ny eml\u00e9kszob\u00e1t nyitott.<\/p>\n<p><b>A &#8222;Carl Lutz Eml\u00e9kszoba&#8221; z\u00e1rva tart 2025 december 24 \u00e9s 2026 janu\u00e1r 1. k\u00f6z\u00f6tt.<\/b><\/p>\n<p><b>Nyit\u00e1s: 2026. janu\u00e1r 2.<\/b><\/p>\n<p><span style=\"color: #c10003;\">Az eml\u00e9kszoba minden nap 13.00-16.00 \u00f3ra k\u00f6z\u00f6tt fogadja a l\u00e1togat\u00f3kat.<\/span><\/p>\n<p><span style=\"color: #c10003;\">Az \u00dcvegh\u00e1z egykori oltalmazottainak, illetve csoportoknak telefon vagy<\/span><br><span style=\"color: #c10003;\">e-mail \u00fatj\u00e1n t\u00f6rt\u00e9nt egyeztet\u00e9s ut\u00e1n m\u00e1s id\u0151pontban is rendelkez\u00e9sre \u00e1llunk.<\/span><\/p>\t\t\t\t\t\t\t\t<\/div>\n\t\t\t\t<div class=\"elementor-element elementor-element-b9fdc78 elementor-widget elementor-widget-html\" data-id=\"b9fdc78\" data-element_type=\"widget\" data-widget_type=\"html.default\">\n\t\t\t\t\t<audio controls=\"controls\"><source src=\"https:\/\/www.uveghaz.org\/wp-content\/uploads\/2025\/07\/Music.mp3\" type=\"audio\/mp3\" \/><\/audio>\t\t\t\t<\/div>\n\t\t\t\t<\/div>\n\t\t<div class=\"elementor-element elementor-element-c713cc4 e-con-full e-flex e-con e-child\" data-id=\"c713cc4\" data-element_type=\"container\">\n\t\t\t\t<div class=\"elementor-element elementor-element-b183580 elementor-widget elementor-widget-heading\" data-id=\"b183580\" data-element_type=\"widget\" data-widget_type=\"heading.default\">\n\t\t\t\t\t<span class=\"elementor-heading-title elementor-size-default\">Directions to the Glass House<\/span>\t\t\t\t<\/div>\n\t\t\t\t<div class=\"elementor-element elementor-element-0fd32bc elementor-widget elementor-widget-hotspot\" data-id=\"0fd32bc\" data-element_type=\"widget\" data-settings=\"{&quot;hotspot&quot;:[{&quot;_id&quot;:&quot;b7aa90e&quot;,&quot;hotspot_label&quot;:&quot;\\u00dcvegh\\u00e1zban&quot;,&quot;hotspot_custom_size&quot;:&quot;&quot;,&quot;hotspot_tooltip_content&quot;:&quot;&lt;p&gt;Add Your Tooltip Text Here&lt;\\\/p&gt;&quot;,&quot;hotspot_offset_x&quot;:{&quot;unit&quot;:&quot;%&quot;,&quot;size&quot;:21,&quot;sizes&quot;:[]},&quot;hotspot_offset_y&quot;:{&quot;unit&quot;:&quot;%&quot;,&quot;size&quot;:48,&quot;sizes&quot;:[]},&quot;hotspot_link&quot;:{&quot;url&quot;:&quot;https:\\\/\\\/maps.google.com\\\/maps?q=1054+Budapest,+V.+ker%C3%BClet,+Vad%C3%A1sz+utca+29,+Hungary&amp;ie=UTF8&amp;hl=en&amp;cd=7&amp;geocode=FRzh1AIdPLwiAQ&amp;split=0&amp;sll=37.0625,-95.677068&amp;sspn=23.875,57.630033&amp;z=16&amp;iwloc=A&quot;,&quot;is_external&quot;:&quot;&quot;,&quot;nofollow&quot;:&quot;&quot;,&quot;custom_attributes&quot;:&quot;&quot;},&quot;__dynamic__&quot;:null,&quot;hotspot_icon&quot;:{&quot;value&quot;:&quot;&quot;,&quot;library&quot;:&quot;&quot;},&quot;hotspot_horizontal&quot;:&quot;left&quot;,&quot;hotspot_vertical&quot;:&quot;top&quot;,&quot;hotspot_tooltip_position&quot;:&quot;no&quot;,&quot;hotspot_position&quot;:null},{&quot;_id&quot;:&quot;f7450a7&quot;,&quot;hotspot_label&quot;:&quot;Nevek&quot;,&quot;hotspot_tooltip_content&quot;:&quot;&lt;p&gt;Add Your Tooltip Text Here&lt;\\\/p&gt;&quot;,&quot;hotspot_offset_x&quot;:{&quot;unit&quot;:&quot;%&quot;,&quot;size&quot;:61,&quot;sizes&quot;:[]},&quot;hotspot_offset_y&quot;:{&quot;unit&quot;:&quot;%&quot;,&quot;size&quot;:65,&quot;sizes&quot;:[]},&quot;hotspot_link&quot;:{&quot;url&quot;:&quot;https:\\\/\\\/www.uveghaz.org\\\/hu\\\/nevek\\\/&quot;,&quot;is_external&quot;:&quot;&quot;,&quot;nofollow&quot;:&quot;&quot;,&quot;custom_attributes&quot;:&quot;&quot;},&quot;__dynamic__&quot;:null,&quot;hotspot_icon&quot;:{&quot;value&quot;:&quot;&quot;,&quot;library&quot;:&quot;&quot;},&quot;hotspot_custom_size&quot;:&quot;no&quot;,&quot;hotspot_horizontal&quot;:&quot;left&quot;,&quot;hotspot_vertical&quot;:&quot;top&quot;,&quot;hotspot_tooltip_position&quot;:&quot;no&quot;,&quot;hotspot_position&quot;:null}],&quot;tooltip_position&quot;:&quot;right&quot;,&quot;tooltip_trigger&quot;:&quot;click&quot;,&quot;tooltip_animation&quot;:&quot;e-hotspot--fade-in-out&quot;}\" data-widget_type=\"hotspot.default\">\n\t\t\t\t<div class=\"elementor-widget-container\">\n\t\t\t\t\t<img fetchpriority=\"high\" decoding=\"async\" width=\"599\" height=\"818\" src=\"https:\/\/www.uveghaz.org\/wp-content\/uploads\/2025\/07\/Glass-House-1.webp\" class=\"attachment-full size-full wp-image-126\" alt=\"\" srcset=\"https:\/\/www.uveghaz.org\/wp-content\/uploads\/2025\/07\/Glass-House-1.webp 599w, https:\/\/www.uveghaz.org\/wp-content\/uploads\/2025\/07\/Glass-House-1-220x300.webp 220w\" sizes=\"(max-width: 599px) 100vw, 599px\" \/>\n\t\t\t\t\t\t<a class=\"e-hotspot elementor-repeater-item-b7aa90e  e-hotspot--position-left e-hotspot--position-top e-hotspot--link e-hotspot--no-tooltip\" href=\"https:\/\/maps.google.com\/maps?q=1054+Budapest,+V.+ker%C3%BClet,+Vad%C3%A1sz+utca+29,+Hungary&#038;ie=UTF8&#038;hl=en&#038;cd=7&#038;geocode=FRzh1AIdPLwiAQ&#038;split=0&#038;sll=37.0625,-95.677068&#038;sspn=23.875,57.630033&#038;z=16&#038;iwloc=A\">\n\n\t\t\t\t\t\t\t\t<div class=\"e-hotspot__button e-hotspot--expand\">\n\t\t\t\t\t\t\t\t\t\t\t\t\t\t\t\t\t\t\t\t\t\t\t\t<div class=\"e-hotspot__label\">\u00dcvegh\u00e1zban<\/div>\n\t\t\t\t\t\t\t\t\t\t\t\t\t\t\t<\/div>\n\n\t\t\t\t\t\t\t\t\n\t\t\t<\/a>\n\n\t\n\t\t\t\t\t\t<a class=\"e-hotspot elementor-repeater-item-f7450a7  e-hotspot--position-left e-hotspot--position-top e-hotspot--link e-hotspot--no-tooltip\" href=\"https:\/\/www.uveghaz.org\/hu\/nevek\/\">\n\n\t\t\t\t\t\t\t\t<div class=\"e-hotspot__button e-hotspot--expand\">\n\t\t\t\t\t\t\t\t\t\t\t\t\t\t\t\t\t\t\t\t\t\t\t\t<div class=\"e-hotspot__label\">Nevek<\/div>\n\t\t\t\t\t\t\t\t\t\t\t\t\t\t\t<\/div>\n\n\t\t\t\t\t\t\t\t\n\t\t\t<\/a>\n\n\t\n\t\t\t\t\t\t<\/div>\n\t\t\t\t<\/div>\n\t\t\t\t<div class=\"elementor-element elementor-element-7c3e1be elementor-align-center elementor-widget elementor-widget-button\" data-id=\"7c3e1be\" data-element_type=\"widget\" data-widget_type=\"button.default\">\n\t\t\t\t\t\t\t\t\t\t<a class=\"elementor-button elementor-button-link elementor-size-sm\" href=\"https:\/\/www.uveghaz.org\/hu\/az-uveghaz-videoja\/\">\n\t\t\t\t\t\t<span class=\"elementor-button-content-wrapper\">\n\t\t\t\t\t\t\t\t\t<span class=\"elementor-button-text\">Az \u00dcvegh\u00e1z vide\u00f3ja<\/span>\n\t\t\t\t\t<\/span>\n\t\t\t\t\t<\/a>\n\t\t\t\t\t\t\t\t<\/div>\n\t\t\t\t<\/div>\n\t\t\t\t<\/div>\n\t\t\t\t\t<\/div>\n\t\t\t\t<\/div>\n\t\t\t\t<\/div>\n\t\t","protected":false},"excerpt":{"rendered":"<p>Carl Lutz Eml\u00e9kszoba Kattints a lej\u00e1tsz\u00e1shoz A budapesti Vad\u00e1sz utca 29. a m\u00falt sz\u00e1zad harmincas \u00e9veiben \u00e9p\u00fclt Kozma Lajos tervei alapj\u00e1n az \u00e9p\u00edt\u0151ipari \u00fcvegf\u00e9les\u00e9geket forgalmaz\u00f3 Weiss-csal\u00e1d \u00fczleth\u00e1zak\u00e9nt. A zsid\u00f3 tulajdonost a magyar t\u00f6rv\u00e9nyhoz\u00e1s eltiltotta hivat\u00e1sa gyakorl\u00e1s\u00e1t\u00f3l. A kihalt \u00e9p\u00fcletben 1944. j\u00falius 24-\u00e9n ny\u00edlt meg a Sv\u00e1jci K\u00f6vets\u00e9g Idegen\u00e9rdek-k\u00e9pviselet\u00e9nek Kiv\u00e1ndorl\u00e1si Oszt\u00e1lya. Az \u00e9p\u00fclet egykori gar\u00e1zs\u00e1nak hely\u00e9n [&hellip;]<\/p>\n","protected":false},"author":1,"featured_media":407,"parent":0,"menu_order":10,"comment_status":"closed","ping_status":"closed","template":"","meta":{"_acf_changed":false,"footnotes":""},"class_list":["post-512","page","type-page","status-publish","has-post-thumbnail","hentry"],"acf":[],"yoast_head":"<!-- This site is optimized with the Yoast SEO plugin v25.7 - https:\/\/yoast.com\/wordpress\/plugins\/seo\/ -->\n<title>Eml\u00e9kszoba - Glass House<\/title>\n<meta name=\"robots\" content=\"index, follow, max-snippet:-1, max-image-preview:large, max-video-preview:-1\" \/>\n<link rel=\"canonical\" href=\"https:\/\/www.uveghaz.org\/hu\/\" \/>\n<meta property=\"og:locale\" content=\"hu_HU\" \/>\n<meta property=\"og:type\" content=\"article\" \/>\n<meta property=\"og:title\" content=\"Eml\u00e9kszoba - Glass House\" \/>\n<meta property=\"og:description\" content=\"Carl Lutz Eml\u00e9kszoba Kattints a lej\u00e1tsz\u00e1shoz A budapesti Vad\u00e1sz utca 29. a m\u00falt sz\u00e1zad harmincas \u00e9veiben \u00e9p\u00fclt Kozma Lajos tervei alapj\u00e1n az \u00e9p\u00edt\u0151ipari \u00fcvegf\u00e9les\u00e9geket forgalmaz\u00f3 Weiss-csal\u00e1d \u00fczleth\u00e1zak\u00e9nt. A zsid\u00f3 tulajdonost a magyar t\u00f6rv\u00e9nyhoz\u00e1s eltiltotta hivat\u00e1sa gyakorl\u00e1s\u00e1t\u00f3l. A kihalt \u00e9p\u00fcletben 1944. j\u00falius 24-\u00e9n ny\u00edlt meg a Sv\u00e1jci K\u00f6vets\u00e9g Idegen\u00e9rdek-k\u00e9pviselet\u00e9nek Kiv\u00e1ndorl\u00e1si Oszt\u00e1lya. Az \u00e9p\u00fclet egykori gar\u00e1zs\u00e1nak hely\u00e9n [&hellip;]\" \/>\n<meta property=\"og:url\" content=\"https:\/\/www.uveghaz.org\/hu\/\" \/>\n<meta property=\"og:site_name\" content=\"Glass House\" \/>\n<meta property=\"article:modified_time\" content=\"2025-11-25T19:38:48+00:00\" \/>\n<meta property=\"og:image\" content=\"https:\/\/www.uveghaz.org\/wp-content\/uploads\/2025\/07\/HP.jpg\" \/>\n\t<meta property=\"og:image:width\" content=\"1920\" \/>\n\t<meta property=\"og:image:height\" content=\"461\" \/>\n\t<meta property=\"og:image:type\" content=\"image\/jpeg\" \/>\n<meta name=\"twitter:card\" content=\"summary_large_image\" \/>\n<meta name=\"twitter:label1\" content=\"Becs\u00fclt olvas\u00e1si id\u0151\" \/>\n\t<meta name=\"twitter:data1\" content=\"1 perc\" \/>\n<script type=\"application\/ld+json\" class=\"yoast-schema-graph\">{\"@context\":\"https:\/\/schema.org\",\"@graph\":[{\"@type\":\"WebPage\",\"@id\":\"https:\/\/www.uveghaz.org\/hu\/\",\"url\":\"https:\/\/www.uveghaz.org\/hu\/\",\"name\":\"Eml\u00e9kszoba - Glass House\",\"isPartOf\":{\"@id\":\"https:\/\/www.uveghaz.org\/hu\/#website\"},\"primaryImageOfPage\":{\"@id\":\"https:\/\/www.uveghaz.org\/hu\/#primaryimage\"},\"image\":{\"@id\":\"https:\/\/www.uveghaz.org\/hu\/#primaryimage\"},\"thumbnailUrl\":\"https:\/\/www.uveghaz.org\/wp-content\/uploads\/2025\/07\/HP.jpg\",\"datePublished\":\"2025-07-15T10:57:49+00:00\",\"dateModified\":\"2025-11-25T19:38:48+00:00\",\"breadcrumb\":{\"@id\":\"https:\/\/www.uveghaz.org\/hu\/#breadcrumb\"},\"inLanguage\":\"hu\",\"potentialAction\":[{\"@type\":\"ReadAction\",\"target\":[\"https:\/\/www.uveghaz.org\/hu\/\"]}]},{\"@type\":\"ImageObject\",\"inLanguage\":\"hu\",\"@id\":\"https:\/\/www.uveghaz.org\/hu\/#primaryimage\",\"url\":\"https:\/\/www.uveghaz.org\/wp-content\/uploads\/2025\/07\/HP.jpg\",\"contentUrl\":\"https:\/\/www.uveghaz.org\/wp-content\/uploads\/2025\/07\/HP.jpg\",\"width\":1920,\"height\":461},{\"@type\":\"BreadcrumbList\",\"@id\":\"https:\/\/www.uveghaz.org\/hu\/#breadcrumb\",\"itemListElement\":[{\"@type\":\"ListItem\",\"position\":1,\"name\":\"Home\",\"item\":\"https:\/\/www.uveghaz.org\/hu\/\"},{\"@type\":\"ListItem\",\"position\":2,\"name\":\"Eml\u00e9kszoba\"}]},{\"@type\":\"WebSite\",\"@id\":\"https:\/\/www.uveghaz.org\/hu\/#website\",\"url\":\"https:\/\/www.uveghaz.org\/hu\/\",\"name\":\"Glass House\",\"description\":\"\",\"publisher\":{\"@id\":\"https:\/\/www.uveghaz.org\/hu\/#organization\"},\"potentialAction\":[{\"@type\":\"SearchAction\",\"target\":{\"@type\":\"EntryPoint\",\"urlTemplate\":\"https:\/\/www.uveghaz.org\/hu\/?s={search_term_string}\"},\"query-input\":{\"@type\":\"PropertyValueSpecification\",\"valueRequired\":true,\"valueName\":\"search_term_string\"}}],\"inLanguage\":\"hu\"},{\"@type\":\"Organization\",\"@id\":\"https:\/\/www.uveghaz.org\/hu\/#organization\",\"name\":\"Glass House\",\"url\":\"https:\/\/www.uveghaz.org\/hu\/\",\"logo\":{\"@type\":\"ImageObject\",\"inLanguage\":\"hu\",\"@id\":\"https:\/\/www.uveghaz.org\/hu\/#\/schema\/logo\/image\/\",\"url\":\"https:\/\/www.uveghaz.org\/wp-content\/uploads\/2025\/07\/logo_glass.png\",\"contentUrl\":\"https:\/\/www.uveghaz.org\/wp-content\/uploads\/2025\/07\/logo_glass.png\",\"width\":217,\"height\":79,\"caption\":\"Glass House\"},\"image\":{\"@id\":\"https:\/\/www.uveghaz.org\/hu\/#\/schema\/logo\/image\/\"}}]}<\/script>\n<!-- \/ Yoast SEO plugin. -->","yoast_head_json":{"title":"Eml\u00e9kszoba - Glass House","robots":{"index":"index","follow":"follow","max-snippet":"max-snippet:-1","max-image-preview":"max-image-preview:large","max-video-preview":"max-video-preview:-1"},"canonical":"https:\/\/www.uveghaz.org\/hu\/","og_locale":"hu_HU","og_type":"article","og_title":"Eml\u00e9kszoba - Glass House","og_description":"Carl Lutz Eml\u00e9kszoba Kattints a lej\u00e1tsz\u00e1shoz A budapesti Vad\u00e1sz utca 29. a m\u00falt sz\u00e1zad harmincas \u00e9veiben \u00e9p\u00fclt Kozma Lajos tervei alapj\u00e1n az \u00e9p\u00edt\u0151ipari \u00fcvegf\u00e9les\u00e9geket forgalmaz\u00f3 Weiss-csal\u00e1d \u00fczleth\u00e1zak\u00e9nt. A zsid\u00f3 tulajdonost a magyar t\u00f6rv\u00e9nyhoz\u00e1s eltiltotta hivat\u00e1sa gyakorl\u00e1s\u00e1t\u00f3l. A kihalt \u00e9p\u00fcletben 1944. j\u00falius 24-\u00e9n ny\u00edlt meg a Sv\u00e1jci K\u00f6vets\u00e9g Idegen\u00e9rdek-k\u00e9pviselet\u00e9nek Kiv\u00e1ndorl\u00e1si Oszt\u00e1lya. Az \u00e9p\u00fclet egykori gar\u00e1zs\u00e1nak hely\u00e9n [&hellip;]","og_url":"https:\/\/www.uveghaz.org\/hu\/","og_site_name":"Glass House","article_modified_time":"2025-11-25T19:38:48+00:00","og_image":[{"width":1920,"height":461,"url":"https:\/\/www.uveghaz.org\/wp-content\/uploads\/2025\/07\/HP.jpg","type":"image\/jpeg"}],"twitter_card":"summary_large_image","twitter_misc":{"Becs\u00fclt olvas\u00e1si id\u0151":"1 perc"},"schema":{"@context":"https:\/\/schema.org","@graph":[{"@type":"WebPage","@id":"https:\/\/www.uveghaz.org\/hu\/","url":"https:\/\/www.uveghaz.org\/hu\/","name":"Eml\u00e9kszoba - Glass House","isPartOf":{"@id":"https:\/\/www.uveghaz.org\/hu\/#website"},"primaryImageOfPage":{"@id":"https:\/\/www.uveghaz.org\/hu\/#primaryimage"},"image":{"@id":"https:\/\/www.uveghaz.org\/hu\/#primaryimage"},"thumbnailUrl":"https:\/\/www.uveghaz.org\/wp-content\/uploads\/2025\/07\/HP.jpg","datePublished":"2025-07-15T10:57:49+00:00","dateModified":"2025-11-25T19:38:48+00:00","breadcrumb":{"@id":"https:\/\/www.uveghaz.org\/hu\/#breadcrumb"},"inLanguage":"hu","potentialAction":[{"@type":"ReadAction","target":["https:\/\/www.uveghaz.org\/hu\/"]}]},{"@type":"ImageObject","inLanguage":"hu","@id":"https:\/\/www.uveghaz.org\/hu\/#primaryimage","url":"https:\/\/www.uveghaz.org\/wp-content\/uploads\/2025\/07\/HP.jpg","contentUrl":"https:\/\/www.uveghaz.org\/wp-content\/uploads\/2025\/07\/HP.jpg","width":1920,"height":461},{"@type":"BreadcrumbList","@id":"https:\/\/www.uveghaz.org\/hu\/#breadcrumb","itemListElement":[{"@type":"ListItem","position":1,"name":"Home","item":"https:\/\/www.uveghaz.org\/hu\/"},{"@type":"ListItem","position":2,"name":"Eml\u00e9kszoba"}]},{"@type":"WebSite","@id":"https:\/\/www.uveghaz.org\/hu\/#website","url":"https:\/\/www.uveghaz.org\/hu\/","name":"Glass House","description":"","publisher":{"@id":"https:\/\/www.uveghaz.org\/hu\/#organization"},"potentialAction":[{"@type":"SearchAction","target":{"@type":"EntryPoint","urlTemplate":"https:\/\/www.uveghaz.org\/hu\/?s={search_term_string}"},"query-input":{"@type":"PropertyValueSpecification","valueRequired":true,"valueName":"search_term_string"}}],"inLanguage":"hu"},{"@type":"Organization","@id":"https:\/\/www.uveghaz.org\/hu\/#organization","name":"Glass House","url":"https:\/\/www.uveghaz.org\/hu\/","logo":{"@type":"ImageObject","inLanguage":"hu","@id":"https:\/\/www.uveghaz.org\/hu\/#\/schema\/logo\/image\/","url":"https:\/\/www.uveghaz.org\/wp-content\/uploads\/2025\/07\/logo_glass.png","contentUrl":"https:\/\/www.uveghaz.org\/wp-content\/uploads\/2025\/07\/logo_glass.png","width":217,"height":79,"caption":"Glass House"},"image":{"@id":"https:\/\/www.uveghaz.org\/hu\/#\/schema\/logo\/image\/"}}]}},"_links":{"self":[{"href":"https:\/\/www.uveghaz.org\/hu\/wp-json\/wp\/v2\/pages\/512","targetHints":{"allow":["GET"]}}],"collection":[{"href":"https:\/\/www.uveghaz.org\/hu\/wp-json\/wp\/v2\/pages"}],"about":[{"href":"https:\/\/www.uveghaz.org\/hu\/wp-json\/wp\/v2\/types\/page"}],"author":[{"embeddable":true,"href":"https:\/\/www.uveghaz.org\/hu\/wp-json\/wp\/v2\/users\/1"}],"replies":[{"embeddable":true,"href":"https:\/\/www.uveghaz.org\/hu\/wp-json\/wp\/v2\/comments?post=512"}],"version-history":[{"count":19,"href":"https:\/\/www.uveghaz.org\/hu\/wp-json\/wp\/v2\/pages\/512\/revisions"}],"predecessor-version":[{"id":776,"href":"https:\/\/www.uveghaz.org\/hu\/wp-json\/wp\/v2\/pages\/512\/revisions\/776"}],"wp:featuredmedia":[{"embeddable":true,"href":"https:\/\/www.uveghaz.org\/hu\/wp-json\/wp\/v2\/media\/407"}],"wp:attachment":[{"href":"https:\/\/www.uveghaz.org\/hu\/wp-json\/wp\/v2\/media?parent=512"}],"curies":[{"name":"wp","href":"https:\/\/api.w.org\/{rel}","templated":true}]}}